{"id":5270,"date":"2021-08-09T11:03:38","date_gmt":"2021-08-09T10:03:38","guid":{"rendered":"https:\/\/sic.gov.ao\/?page_id=5270"},"modified":"2021-08-09T11:03:38","modified_gmt":"2021-08-09T10:03:38","slug":"submenu-b","status":"publish","type":"page","link":"https:\/\/sic.gov.ao\/fr\/submenu-b\/","title":{"rendered":"Sous-menu B"},"content":{"rendered":"<div class=\"wpb-content-wrapper\"><div class=\"vc_row wpb_row vc_row-fluid vc_custom_1621242853149\"><div class=\"wpb_column vc_column_container vc_col-sm-12\"><div class=\"vc_column-inner\"><div class=\"wpb_wrapper\"><h3 class=\"sc_title sc_title_underline margin_top_tiny\">Sous-menu B<\/h3><\/div><\/div><\/div><\/div><div class=\"vc_row wpb_row vc_row-fluid\"><div class=\"wpb_column vc_column_container vc_col-sm-12\"><div class=\"vc_column-inner vc_custom_1613770123703\"><div class=\"wpb_wrapper\">\n\t<div class=\"wpb_text_column wpb_content_element\" >\n\t\t<div class=\"wpb_wrapper\">\n\t\t\t<p><strong>Page en construction. Bient\u00f4t, vous pourrez trouver toutes les informations.\u00a0<\/strong><\/p>\n\n\t\t<\/div>\n\t<\/div>\n<\/div><\/div><\/div><\/div><div class=\"vc_row wpb_row vc_row-fluid\"><div class=\"wpb_column vc_column_container vc_col-sm-12\"><div class=\"vc_column-inner vc_custom_1613770140897\"><div class=\"wpb_wrapper\"><\/div><\/div><\/div><\/div>\n<\/div>"},"excerpt":{"rendered":"Sous-menu B Page en construction. Bient\u00f4t, vous pourrez trouver toutes les informations.\u00a0"},"author":2,"featured_media":0,"parent":0,"menu_order":0,"comment_status":"closed","ping_status":"closed","template":"","meta":{"inline_featured_image":false,"_monsterinsights_skip_tracking":false,"_monsterinsights_sitenote_active":false,"_monsterinsights_sitenote_note":"","_monsterinsights_sitenote_category":0,"footnotes":""},"class_list":["post-5270","page","type-page","status-publish","hentry"],"yoast_head":"<!-- This site is optimized with the Yoast SEO plugin v25.3 - https:\/\/yoast.com\/wordpress\/plugins\/seo\/ -->\n<title>Submenu B - SIC - Servi\u00e7o de Investiga\u00e7\u00e3o Criminal Angola<\/title>\n<meta name=\"robots\" content=\"index, follow, max-snippet:-1, max-image-preview:large, max-video-preview:-1\" \/>\n<link rel=\"canonical\" href=\"https:\/\/sic.gov.ao\/fr\/submenu-b\/\" \/>\n<meta property=\"og:locale\" content=\"fr_FR\" \/>\n<meta property=\"og:type\" content=\"article\" \/>\n<meta property=\"og:title\" content=\"Submenu B - SIC - Servi\u00e7o de Investiga\u00e7\u00e3o Criminal Angola\" \/>\n<meta property=\"og:url\" content=\"https:\/\/sic.gov.ao\/fr\/submenu-b\/\" \/>\n<meta property=\"og:site_name\" content=\"SIC - Servi\u00e7o de Investiga\u00e7\u00e3o Criminal Angola\" \/>\n<meta property=\"og:image\" content=\"https:\/\/sic.gov.ao\/wp-content\/uploads\/2020\/05\/Sem-t\u00edtulo-1.png\" \/>\n\t<meta property=\"og:image:width\" content=\"2115\" \/>\n\t<meta property=\"og:image:height\" content=\"2115\" \/>\n\t<meta property=\"og:image:type\" content=\"image\/png\" \/>\n<meta name=\"twitter:card\" content=\"summary_large_image\" \/>\n<meta name=\"twitter:label1\" content=\"Dur\u00e9e de lecture estim\u00e9e\" \/>\n\t<meta name=\"twitter:data1\" content=\"1 minute\" \/>\n<script type=\"application\/ld+json\" class=\"yoast-schema-graph\">{\"@context\":\"https:\/\/schema.org\",\"@graph\":[{\"@type\":\"WebPage\",\"@id\":\"https:\/\/sic.gov.ao\/submenu-b\/\",\"url\":\"https:\/\/sic.gov.ao\/submenu-b\/\",\"name\":\"Submenu B - SIC - Servi\u00e7o de Investiga\u00e7\u00e3o Criminal Angola\",\"isPartOf\":{\"@id\":\"https:\/\/sic.gov.ao\/#website\"},\"datePublished\":\"2021-08-09T10:03:38+00:00\",\"breadcrumb\":{\"@id\":\"https:\/\/sic.gov.ao\/submenu-b\/#breadcrumb\"},\"inLanguage\":\"fr-FR\",\"potentialAction\":[{\"@type\":\"ReadAction\",\"target\":[\"https:\/\/sic.gov.ao\/submenu-b\/\"]}]},{\"@type\":\"BreadcrumbList\",\"@id\":\"https:\/\/sic.gov.ao\/submenu-b\/#breadcrumb\",\"itemListElement\":[{\"@type\":\"ListItem\",\"position\":1,\"name\":\"Home\",\"item\":\"https:\/\/sic.gov.ao\/\"},{\"@type\":\"ListItem\",\"position\":2,\"name\":\"Submenu B\"}]},{\"@type\":\"WebSite\",\"@id\":\"https:\/\/sic.gov.ao\/#website\",\"url\":\"https:\/\/sic.gov.ao\/\",\"name\":\"SIC - Servi\u00e7o de Investiga\u00e7\u00e3o Criminal Angola\",\"description\":\"\",\"potentialAction\":[{\"@type\":\"SearchAction\",\"target\":{\"@type\":\"EntryPoint\",\"urlTemplate\":\"https:\/\/sic.gov.ao\/?s={search_term_string}\"},\"query-input\":{\"@type\":\"PropertyValueSpecification\",\"valueRequired\":true,\"valueName\":\"search_term_string\"}}],\"inLanguage\":\"fr-FR\"}]}<\/script>\n<!-- \/ Yoast SEO plugin. -->","yoast_head_json":{"title":"Submenu B - SIC - Servi\u00e7o de Investiga\u00e7\u00e3o Criminal Angola","robots":{"index":"index","follow":"follow","max-snippet":"max-snippet:-1","max-image-preview":"max-image-preview:large","max-video-preview":"max-video-preview:-1"},"canonical":"https:\/\/sic.gov.ao\/fr\/submenu-b\/","og_locale":"fr_FR","og_type":"article","og_title":"Submenu B - SIC - Servi\u00e7o de Investiga\u00e7\u00e3o Criminal Angola","og_url":"https:\/\/sic.gov.ao\/fr\/submenu-b\/","og_site_name":"SIC - Servi\u00e7o de Investiga\u00e7\u00e3o Criminal Angola","og_image":[{"width":2115,"height":2115,"url":"https:\/\/sic.gov.ao\/wp-content\/uploads\/2020\/05\/Sem-t\u00edtulo-1.png","type":"image\/png"}],"twitter_card":"summary_large_image","twitter_misc":{"Dur\u00e9e de lecture estim\u00e9e":"1 minute"},"schema":{"@context":"https:\/\/schema.org","@graph":[{"@type":"WebPage","@id":"https:\/\/sic.gov.ao\/submenu-b\/","url":"https:\/\/sic.gov.ao\/submenu-b\/","name":"Submenu B - SIC - Servi\u00e7o de Investiga\u00e7\u00e3o Criminal Angola","isPartOf":{"@id":"https:\/\/sic.gov.ao\/#website"},"datePublished":"2021-08-09T10:03:38+00:00","breadcrumb":{"@id":"https:\/\/sic.gov.ao\/submenu-b\/#breadcrumb"},"inLanguage":"fr-FR","potentialAction":[{"@type":"ReadAction","target":["https:\/\/sic.gov.ao\/submenu-b\/"]}]},{"@type":"BreadcrumbList","@id":"https:\/\/sic.gov.ao\/submenu-b\/#breadcrumb","itemListElement":[{"@type":"ListItem","position":1,"name":"Home","item":"https:\/\/sic.gov.ao\/"},{"@type":"ListItem","position":2,"name":"Submenu B"}]},{"@type":"WebSite","@id":"https:\/\/sic.gov.ao\/#website","url":"https:\/\/sic.gov.ao\/","name":"SIC - Service d&#039;Investigation Criminelle de l&#039;Angola","description":"","potentialAction":[{"@type":"SearchAction","target":{"@type":"EntryPoint","urlTemplate":"https:\/\/sic.gov.ao\/?s={search_term_string}"},"query-input":{"@type":"PropertyValueSpecification","valueRequired":true,"valueName":"search_term_string"}}],"inLanguage":"fr-FR"}]}},"_links":{"self":[{"href":"https:\/\/sic.gov.ao\/fr\/wp-json\/wp\/v2\/pages\/5270"}],"collection":[{"href":"https:\/\/sic.gov.ao\/fr\/wp-json\/wp\/v2\/pages"}],"about":[{"href":"https:\/\/sic.gov.ao\/fr\/wp-json\/wp\/v2\/types\/page"}],"author":[{"embeddable":true,"href":"https:\/\/sic.gov.ao\/fr\/wp-json\/wp\/v2\/users\/2"}],"replies":[{"embeddable":true,"href":"https:\/\/sic.gov.ao\/fr\/wp-json\/wp\/v2\/comments?post=5270"}],"version-history":[{"count":1,"href":"https:\/\/sic.gov.ao\/fr\/wp-json\/wp\/v2\/pages\/5270\/revisions"}],"predecessor-version":[{"id":5271,"href":"https:\/\/sic.gov.ao\/fr\/wp-json\/wp\/v2\/pages\/5270\/revisions\/5271"}],"wp:attachment":[{"href":"https:\/\/sic.gov.ao\/fr\/wp-json\/wp\/v2\/media?parent=5270"}],"curies":[{"name":"wp","href":"https:\/\/api.w.org\/{rel}","templated":true}]}}