{"id":5170,"date":"2021-07-15T11:04:59","date_gmt":"2021-07-15T10:04:59","guid":{"rendered":"https:\/\/sic.gov.ao\/?page_id=5170"},"modified":"2021-08-24T15:12:33","modified_gmt":"2021-08-24T14:12:33","slug":"detalhes","status":"publish","type":"page","link":"https:\/\/sic.gov.ao\/fr\/identificacao-de-cadaveres\/detalhes\/","title":{"rendered":"Detalhes &#8211; Identifica\u00e7\u00e3o de Cad\u00e1veres"},"content":{"rendered":"<div class=\"wpb-content-wrapper\"><div class=\"vc_row wpb_row vc_row-fluid\"><div class=\"wpb_column vc_column_container vc_col-sm-12\"><div class=\"vc_column-inner\"><div class=\"wpb_wrapper\"><a href=\"\/fr\/identificacao-de-cadaveres\/\" class=\"sc_button sc_button_square sc_button_style_border sc_button_size_small sc_popup_link\">Voltar<\/a>\n\t<div class=\"wpb_text_column wpb_content_element\" >\n\t\t<div class=\"wpb_wrapper\">\n\t\t\t\n<!-- iframe plugin v.5.2 wordpress.org\/plugins\/iframe\/ -->\n<iframe src class=\"frame-backoffice\" width=\"100%\" height scrolling=\"yes\" frameborder=\"0\"><\/iframe>\n\n\n\t\t<\/div>\n\t<\/div>\n\n\t<div class=\"wpb_raw_code wpb_raw_js\" >\n\t\t<div class=\"wpb_wrapper\">\n\t\t\t<script>\n(function ($) {\n    $(function () {\n        let $frame = $(\".frame-backoffice\");\n        $frame.attr(\"data-href\", `\/embed\/corpses\/details${window.location.search}`);\n\n        $(\"#images-warning-modal [id^='attachments-']\").on(\"click\", function(event) {\n            \/\/ Closes the modal\/popup. The trigger implements the modal control interface.\n            $(\"#images-warning-trigger\").magnificPopup(\"close\");\n            \n            let frame = $frame[0];\n            frame.contentWindow.postMessage(\n                    {\n                        \/\/ Specifies a collapse action to trigger for the attachments.\n                        \"attachments\": $(this).attr(\"id\").replace(\/^(attachments-)\/, \"\")\n                    },\n                    new URL(frame.src).origin\n            );\n        });\n        \n        window.addEventListener(\n                \"message\",\n                function(event) {\n                    let origin = event.origin,\n                        frameOrigin = new URL($frame.attr(\"src\")).origin;\n                    \n                    \/\/ Verify that the message's origin matches that of the corpse details frame.\n                    if (origin == frameOrigin) {\n                        \/\/ Check for a specific data KVP to trigger the images warning.\n                        if (event.data.attachments == \"warning\")\n                            $(\"#images-warning-trigger\").trigger(\"click\");\n                    }\n                },\n                {\n                    \"passive\": true\n                }\n        );\n    });\n})(jQuery);\n<\/script>\n\t\t<\/div>\n\t<\/div>\n<a href=\"#images-warning-modal\" class=\"sc_button sc_button_square sc_button_style_filled sc_button_size_small sc_popup_link\" id=\"images-warning-trigger\" style=\"display: none;\"><\/a><div id=\"images-warning-modal\" class=\"sc_popup mfp-with-anim mfp-hide\">\n\t<div class=\"wpb_text_column wpb_content_element  margin_bottom_tiny\" >\n\t\t<div class=\"wpb_wrapper\">\n\t\t\t<p><strong>Aviso:<\/strong> As imagens requisitadas podem ferir a susceptibilidade dos mais sens\u00edveis.<\/p>\n\n\t\t<\/div>\n\t<\/div>\n\n\t<div class=\"wpb_text_column wpb_content_element  margin_bottom_small\" >\n\t\t<div class=\"wpb_wrapper\">\n\t\t\t<p>Tem a certeza que deseja continuar?<\/p>\n\n\t\t<\/div>\n\t<\/div>\n<\/div><\/div><\/div><\/div><\/div>\n<\/div>"},"excerpt":{"rendered":"Voltar Aviso: As imagens requisitadas podem ferir a susceptibilidade dos mais sens\u00edveis. Tem a certeza que deseja continuar?"},"author":990002,"featured_media":0,"parent":2297,"menu_order":0,"comment_status":"closed","ping_status":"closed","template":"","meta":{"inline_featured_image":false,"_monsterinsights_skip_tracking":false,"_monsterinsights_sitenote_active":false,"_monsterinsights_sitenote_note":"","_monsterinsights_sitenote_category":0,"footnotes":""},"class_list":["post-5170","page","type-page","status-publish","hentry"],"yoast_head":"<!-- This site is optimized with the Yoast SEO plugin v25.3 - https:\/\/yoast.com\/wordpress\/plugins\/seo\/ -->\n<title>Detalhes - Identifica\u00e7\u00e3o de Cad\u00e1veres - SIC - Servi\u00e7o de Investiga\u00e7\u00e3o Criminal Angola<\/title>\n<meta name=\"robots\" content=\"index, follow, max-snippet:-1, max-image-preview:large, max-video-preview:-1\" \/>\n<link rel=\"canonical\" href=\"https:\/\/sic.gov.ao\/fr\/identificacao-de-cadaveres\/detalhes\/\" \/>\n<meta property=\"og:locale\" content=\"fr_FR\" \/>\n<meta property=\"og:type\" content=\"article\" \/>\n<meta property=\"og:title\" content=\"Detalhes - Identifica\u00e7\u00e3o de Cad\u00e1veres - SIC - Servi\u00e7o de Investiga\u00e7\u00e3o Criminal Angola\" \/>\n<meta property=\"og:url\" content=\"https:\/\/sic.gov.ao\/fr\/identificacao-de-cadaveres\/detalhes\/\" \/>\n<meta property=\"og:site_name\" content=\"SIC - Servi\u00e7o de Investiga\u00e7\u00e3o Criminal Angola\" \/>\n<meta property=\"article:modified_time\" content=\"2021-08-24T14:12:33+00:00\" \/>\n<meta property=\"og:image\" content=\"https:\/\/sic.gov.ao\/wp-content\/uploads\/2020\/05\/Sem-t\u00edtulo-1.png\" \/>\n\t<meta property=\"og:image:width\" content=\"2115\" \/>\n\t<meta property=\"og:image:height\" content=\"2115\" \/>\n\t<meta property=\"og:image:type\" content=\"image\/png\" \/>\n<meta name=\"twitter:card\" content=\"summary_large_image\" \/>\n<meta name=\"twitter:label1\" content=\"Dur\u00e9e de lecture estim\u00e9e\" \/>\n\t<meta name=\"twitter:data1\" content=\"1 minute\" \/>\n<script type=\"application\/ld+json\" class=\"yoast-schema-graph\">{\"@context\":\"https:\/\/schema.org\",\"@graph\":[{\"@type\":\"WebPage\",\"@id\":\"https:\/\/sic.gov.ao\/en\/identificacao-de-cadaveres\/detalhes\/\",\"url\":\"https:\/\/sic.gov.ao\/en\/identificacao-de-cadaveres\/detalhes\/\",\"name\":\"Detalhes - Identifica\u00e7\u00e3o de Cad\u00e1veres - SIC - Servi\u00e7o de Investiga\u00e7\u00e3o Criminal Angola\",\"isPartOf\":{\"@id\":\"https:\/\/sic.gov.ao\/#website\"},\"datePublished\":\"2021-07-15T10:04:59+00:00\",\"dateModified\":\"2021-08-24T14:12:33+00:00\",\"breadcrumb\":{\"@id\":\"https:\/\/sic.gov.ao\/en\/identificacao-de-cadaveres\/detalhes\/#breadcrumb\"},\"inLanguage\":\"fr-FR\",\"potentialAction\":[{\"@type\":\"ReadAction\",\"target\":[\"https:\/\/sic.gov.ao\/en\/identificacao-de-cadaveres\/detalhes\/\"]}]},{\"@type\":\"BreadcrumbList\",\"@id\":\"https:\/\/sic.gov.ao\/en\/identificacao-de-cadaveres\/detalhes\/#breadcrumb\",\"itemListElement\":[{\"@type\":\"ListItem\",\"position\":1,\"name\":\"Home\",\"item\":\"https:\/\/sic.gov.ao\/\"},{\"@type\":\"ListItem\",\"position\":2,\"name\":\"Identifica\u00e7\u00e3o de Cad\u00e1veres\",\"item\":\"https:\/\/sic.gov.ao\/en\/identificacao-de-cadaveres\/\"},{\"@type\":\"ListItem\",\"position\":3,\"name\":\"Detalhes &#8211; Identifica\u00e7\u00e3o de Cad\u00e1veres\"}]},{\"@type\":\"WebSite\",\"@id\":\"https:\/\/sic.gov.ao\/#website\",\"url\":\"https:\/\/sic.gov.ao\/\",\"name\":\"SIC - Servi\u00e7o de Investiga\u00e7\u00e3o Criminal Angola\",\"description\":\"\",\"potentialAction\":[{\"@type\":\"SearchAction\",\"target\":{\"@type\":\"EntryPoint\",\"urlTemplate\":\"https:\/\/sic.gov.ao\/?s={search_term_string}\"},\"query-input\":{\"@type\":\"PropertyValueSpecification\",\"valueRequired\":true,\"valueName\":\"search_term_string\"}}],\"inLanguage\":\"fr-FR\"}]}<\/script>\n<!-- \/ Yoast SEO plugin. -->","yoast_head_json":{"title":"Detalhes - Identifica\u00e7\u00e3o de Cad\u00e1veres - SIC - Servi\u00e7o de Investiga\u00e7\u00e3o Criminal Angola","robots":{"index":"index","follow":"follow","max-snippet":"max-snippet:-1","max-image-preview":"max-image-preview:large","max-video-preview":"max-video-preview:-1"},"canonical":"https:\/\/sic.gov.ao\/fr\/identificacao-de-cadaveres\/detalhes\/","og_locale":"fr_FR","og_type":"article","og_title":"Detalhes - Identifica\u00e7\u00e3o de Cad\u00e1veres - SIC - Servi\u00e7o de Investiga\u00e7\u00e3o Criminal Angola","og_url":"https:\/\/sic.gov.ao\/fr\/identificacao-de-cadaveres\/detalhes\/","og_site_name":"SIC - Servi\u00e7o de Investiga\u00e7\u00e3o Criminal Angola","article_modified_time":"2021-08-24T14:12:33+00:00","og_image":[{"width":2115,"height":2115,"url":"https:\/\/sic.gov.ao\/wp-content\/uploads\/2020\/05\/Sem-t\u00edtulo-1.png","type":"image\/png"}],"twitter_card":"summary_large_image","twitter_misc":{"Dur\u00e9e de lecture estim\u00e9e":"1 minute"},"schema":{"@context":"https:\/\/schema.org","@graph":[{"@type":"WebPage","@id":"https:\/\/sic.gov.ao\/en\/identificacao-de-cadaveres\/detalhes\/","url":"https:\/\/sic.gov.ao\/en\/identificacao-de-cadaveres\/detalhes\/","name":"Detalhes - Identifica\u00e7\u00e3o de Cad\u00e1veres - SIC - Servi\u00e7o de Investiga\u00e7\u00e3o Criminal Angola","isPartOf":{"@id":"https:\/\/sic.gov.ao\/#website"},"datePublished":"2021-07-15T10:04:59+00:00","dateModified":"2021-08-24T14:12:33+00:00","breadcrumb":{"@id":"https:\/\/sic.gov.ao\/en\/identificacao-de-cadaveres\/detalhes\/#breadcrumb"},"inLanguage":"fr-FR","potentialAction":[{"@type":"ReadAction","target":["https:\/\/sic.gov.ao\/en\/identificacao-de-cadaveres\/detalhes\/"]}]},{"@type":"BreadcrumbList","@id":"https:\/\/sic.gov.ao\/en\/identificacao-de-cadaveres\/detalhes\/#breadcrumb","itemListElement":[{"@type":"ListItem","position":1,"name":"Home","item":"https:\/\/sic.gov.ao\/"},{"@type":"ListItem","position":2,"name":"Identifica\u00e7\u00e3o de Cad\u00e1veres","item":"https:\/\/sic.gov.ao\/en\/identificacao-de-cadaveres\/"},{"@type":"ListItem","position":3,"name":"Detalhes &#8211; Identifica\u00e7\u00e3o de Cad\u00e1veres"}]},{"@type":"WebSite","@id":"https:\/\/sic.gov.ao\/#website","url":"https:\/\/sic.gov.ao\/","name":"SIC - Service d&#039;Investigation Criminelle de l&#039;Angola","description":"","potentialAction":[{"@type":"SearchAction","target":{"@type":"EntryPoint","urlTemplate":"https:\/\/sic.gov.ao\/?s={search_term_string}"},"query-input":{"@type":"PropertyValueSpecification","valueRequired":true,"valueName":"search_term_string"}}],"inLanguage":"fr-FR"}]}},"_links":{"self":[{"href":"https:\/\/sic.gov.ao\/fr\/wp-json\/wp\/v2\/pages\/5170"}],"collection":[{"href":"https:\/\/sic.gov.ao\/fr\/wp-json\/wp\/v2\/pages"}],"about":[{"href":"https:\/\/sic.gov.ao\/fr\/wp-json\/wp\/v2\/types\/page"}],"author":[{"embeddable":true,"href":"https:\/\/sic.gov.ao\/fr\/wp-json\/wp\/v2\/users\/990002"}],"replies":[{"embeddable":true,"href":"https:\/\/sic.gov.ao\/fr\/wp-json\/wp\/v2\/comments?post=5170"}],"version-history":[{"count":9,"href":"https:\/\/sic.gov.ao\/fr\/wp-json\/wp\/v2\/pages\/5170\/revisions"}],"predecessor-version":[{"id":5299,"href":"https:\/\/sic.gov.ao\/fr\/wp-json\/wp\/v2\/pages\/5170\/revisions\/5299"}],"up":[{"embeddable":true,"href":"https:\/\/sic.gov.ao\/fr\/wp-json\/wp\/v2\/pages\/2297"}],"wp:attachment":[{"href":"https:\/\/sic.gov.ao\/fr\/wp-json\/wp\/v2\/media?parent=5170"}],"curies":[{"name":"wp","href":"https:\/\/api.w.org\/{rel}","templated":true}]}}