{"id":3182,"date":"2020-09-14T09:31:29","date_gmt":"2020-09-14T08:31:29","guid":{"rendered":"https:\/\/test4.defencebit.com\/?page_id=2295"},"modified":"2020-09-14T09:31:29","modified_gmt":"2020-09-14T08:31:29","slug":"queixas-electronicas","status":"publish","type":"page","link":"https:\/\/sic.gov.ao\/fr\/queixas-electronicas\/","title":{"rendered":"Queixas Electr\u00f3nicas"},"content":{"rendered":"<div class=\"wpb-content-wrapper\"><div class=\"vc_row wpb_row vc_row-fluid\"><div class=\"wpb_column vc_column_container vc_col-sm-12 vc_col-has-fill\"><div class=\"vc_column-inner vc_custom_1600081903345\"><div class=\"wpb_wrapper\">\n\t<div class=\"wpb_text_column wpb_content_element\" >\n\t\t<div class=\"wpb_wrapper\">\n\t\t\t<h4>Sobre a Queixa Eletr\u00f3nica<\/h4>\n<p>Le Syst\u00e8me de plainte \u00e9lectronique est destin\u00e9 \u00e0 faciliter la soumission de plaintes et de d\u00e9nonciations par voie \u00e9lectronique aux autorit\u00e9s comp\u00e9tentes concernant certains types de d\u00e9lits.<br \/>\n<strong>Qui peut porter plainte ?<\/strong><br \/>\nPersonnes physiques d\u00fbment identifi\u00e9es, nationales ou \u00e9trang\u00e8res, r\u00e9sidant en Angola.<br \/>\nEste sistema <strong>n\u00e3o se destina<\/strong> a responder a situa\u00e7\u00f5es de emerg\u00eancia ou \u00e0quelas em que \u00e9 necess\u00e1ria a resposta imediata das for\u00e7as ou servi\u00e7os de seguran\u00e7a, designadamente quando o crime est\u00e1 a ser cometido.<\/p>\n<p>Neste caso deve contactar, de imediato, o <strong>N\u00famero Nacional de Emerg\u00eancia \u2013 111.<\/strong> Para crimes n\u00e3o abrangidos pelo Sistema de Queixa Electr\u00f3nica, o cidad\u00e3o dever\u00e1 continuar a dirigir-se ou a contactar a autoridade policial mais pr\u00f3xima.<br \/>\nQualquer cidad\u00e3o pode apresentar den\u00fancia. O encaminhamento para a entidade competente s\u00f3 tem lugar ap\u00f3s valida\u00e7\u00e3o e confirma\u00e7\u00e3o da identidade do queixoso, sendo objecto de tratamento da mesma forma que uma queixa apresentada directamente numa for\u00e7a ou servi\u00e7o de seguran\u00e7a. Os cidad\u00e3os continuam a poder recorrer todas as formas tradicionais de den\u00fancia e queixa de crimes legalmente previstas.<\/p>\n\n\t\t<\/div>\n\t<\/div>\n<p class=\"wpcf7-contact-form-not-found\"><strong>Error:<\/strong> Contact form not found.<\/p><\/div><\/div><\/div><\/div><div class=\"vc_row wpb_row vc_row-fluid\"><div class=\"wpb_column vc_column_container vc_col-sm-12\"><div class=\"vc_column-inner\"><div class=\"wpb_wrapper\"><div class=\"vc_message_box vc_message_box-standard vc_message_box-rounded vc_color-warning\" ><div class=\"vc_message_box-icon\"><i class=\"fas fa-info-circle\"><\/i><\/div><p><b>Le d\u00e9p\u00f4t d&#039;une plainte ou d&#039;une d\u00e9nonciation est puni par la loi. <\/b><b>Les donn\u00e9es saisies seront trait\u00e9es dans des conditions s\u00e9curis\u00e9es, garantissant leur totale confidentialit\u00e9. Veuillez consulter notre <\/b><a href=\"https:\/\/test4.defencebit.com\/politica-de-privacidade\/\"><b>Politique de confidentialit\u00e9<\/b><\/a><b>.<\/b><\/p>\n<\/div><\/div><\/div><\/div><\/div><div class=\"vc_row wpb_row vc_row-fluid\"><div class=\"wpb_column vc_column_container vc_col-sm-3\"><div class=\"vc_column-inner\"><div class=\"wpb_wrapper\"><section class=\"vc_cta3-container\"><div class=\"vc_general vc_cta3 vc_cta3-style-outline vc_cta3-shape-rounded vc_cta3-align-justify vc_cta3-color-classic vc_cta3-icon-size-md vc_cta3-icons-top\"><div class=\"vc_cta3-icons\"><div class=\"vc_icon_element vc_icon_element-outer vc_icon_element-align-left\"><div class=\"vc_icon_element-inner vc_icon_element-color-blue vc_icon_element-size-md vc_icon_element-style- vc_icon_element-background-color-grey\" ><span class=\"vc_icon_element-icon fas fa-adjust\" ><\/span><a class=\"vc_icon_element-link\" href=\"https:\/\/test4.defencebit.com\/queixa_extorsao\/\"  title=\"Queixa_extorsao\" target=\"_self\"><\/a><\/div><\/div><\/div><div class=\"vc_cta3_content-container\"><div class=\"vc_cta3-content\"><header class=\"vc_cta3-content-header\"><h4>EXTORSION<\/h4><\/header><p>Pr\u00e1tica frequente de maus tratos f\u00edsicos ou ps\u00edquicos, incluindo castigos corporais cru\u00e9is, exercida sobre um menor, por quem o tenha ao seu cuidado, guarda ou responsabilidade de educa\u00e7\u00e3o;<\/p>\n<p>Ou ainda, sob a sua dire\u00e7\u00e3o laboral o empregue em atividades perigosas ou com sobrecarga excessiva de trabalho, de pessoa menor ou particularmente indefesa ou de que teve conhecimento ou de que \u00e9 v\u00edtima.<\/p>\n<\/div><\/div><\/div><\/section><\/div><\/div><\/div><div class=\"wpb_column vc_column_container vc_col-sm-3\"><div class=\"vc_column-inner\"><div class=\"wpb_wrapper\"><section class=\"vc_cta3-container\"><div class=\"vc_general vc_cta3 vc_cta3-style-outline vc_cta3-shape-rounded vc_cta3-align-justify vc_cta3-color-classic vc_cta3-icon-size-md vc_cta3-icons-top\"><div class=\"vc_cta3-icons\"><div class=\"vc_icon_element vc_icon_element-outer vc_icon_element-align-left\"><div class=\"vc_icon_element-inner vc_icon_element-color-blue vc_icon_element-size-md vc_icon_element-style- vc_icon_element-background-color-grey\" ><span class=\"vc_icon_element-icon fas fa-adjust\" ><\/span><a class=\"vc_icon_element-link\" href=\"https:\/\/test4.defencebit.com\/queixa_lenocinio\/\"  title=\"Queixa_extorsao\" target=\"_self\"><\/a><\/div><\/div><\/div><div class=\"vc_cta3_content-container\"><div class=\"vc_cta3-content\"><header class=\"vc_cta3-content-header\"><h4>L\u00c9NOCINIUM<\/h4><\/header><p>Si vous souhaitez signaler une personne qui a saisi ill\u00e9gitimement pour vous ou pour une autre personne un bien personnel (comme de l&#039;argent, des v\u00eatements ou une carte de cr\u00e9dit), contre la volont\u00e9 du propri\u00e9taire ou \u00e0 son insu.<\/p>\n<p>Cependant, s&#039;il y a vol aggrav\u00e9, notamment pour des biens vol\u00e9s de grande valeur appartenant \u00e0 quelqu&#039;un d&#039;autre (comme votre voiture, vos bijoux ou votre arme), ou que l&#039;agresseur est entr\u00e9 ill\u00e9galement dans un domicile, vous devez contacter l&#039;autorit\u00e9 de police suivante.<\/p>\n<\/div><\/div><\/div><\/section><\/div><\/div><\/div><div class=\"wpb_column vc_column_container vc_col-sm-3\"><div class=\"vc_column-inner\"><div class=\"wpb_wrapper\"><\/div><\/div><\/div><div class=\"wpb_column vc_column_container vc_col-sm-3\"><div class=\"vc_column-inner\"><div class=\"wpb_wrapper\"><\/div><\/div><\/div><\/div>\n<\/div>"},"excerpt":{"rendered":"Sobre a Queixa Eletr\u00f3nica O Sistema de Queixa Electr\u00f3nica destina-se a facilitar a apresenta\u00e7\u00e3o \u00e0s entidades competentes de queixas e den\u00fancias por via eletr\u00f3nica relativamente a determinados tipos de crime. [...]"},"author":990003,"featured_media":0,"parent":0,"menu_order":0,"comment_status":"closed","ping_status":"closed","template":"","meta":{"inline_featured_image":false,"_monsterinsights_skip_tracking":false,"_monsterinsights_sitenote_active":false,"_monsterinsights_sitenote_note":"","_monsterinsights_sitenote_category":0,"footnotes":""},"class_list":["post-3182","page","type-page","status-publish","hentry"],"yoast_head":"<!-- This site is optimized with the Yoast SEO plugin v25.3 - https:\/\/yoast.com\/wordpress\/plugins\/seo\/ -->\n<title>Queixas Electr\u00f3nicas - SIC - Servi\u00e7o de Investiga\u00e7\u00e3o Criminal Angola<\/title>\n<meta name=\"robots\" content=\"index, follow, max-snippet:-1, max-image-preview:large, max-video-preview:-1\" \/>\n<link rel=\"canonical\" href=\"https:\/\/sic.gov.ao\/fr\/queixas-electronicas\/\" \/>\n<meta property=\"og:locale\" content=\"fr_FR\" \/>\n<meta property=\"og:type\" content=\"article\" \/>\n<meta property=\"og:title\" content=\"Queixas Electr\u00f3nicas - SIC - Servi\u00e7o de Investiga\u00e7\u00e3o Criminal Angola\" \/>\n<meta property=\"og:url\" content=\"https:\/\/sic.gov.ao\/fr\/queixas-electronicas\/\" \/>\n<meta property=\"og:site_name\" content=\"SIC - Servi\u00e7o de Investiga\u00e7\u00e3o Criminal Angola\" \/>\n<meta property=\"og:image\" content=\"https:\/\/sic.gov.ao\/wp-content\/uploads\/2020\/05\/Sem-t\u00edtulo-1.png\" \/>\n\t<meta property=\"og:image:width\" content=\"2115\" \/>\n\t<meta property=\"og:image:height\" content=\"2115\" \/>\n\t<meta property=\"og:image:type\" content=\"image\/png\" \/>\n<meta name=\"twitter:card\" content=\"summary_large_image\" \/>\n<meta name=\"twitter:label1\" content=\"Dur\u00e9e de lecture estim\u00e9e\" \/>\n\t<meta name=\"twitter:data1\" content=\"3 minutes\" \/>\n<script type=\"application\/ld+json\" class=\"yoast-schema-graph\">{\"@context\":\"https:\/\/schema.org\",\"@graph\":[{\"@type\":\"WebPage\",\"@id\":\"https:\/\/sic.gov.ao\/fr\/queixas-electronicas\/\",\"url\":\"https:\/\/sic.gov.ao\/fr\/queixas-electronicas\/\",\"name\":\"Queixas Electr\u00f3nicas - SIC - Servi\u00e7o de Investiga\u00e7\u00e3o Criminal Angola\",\"isPartOf\":{\"@id\":\"https:\/\/sic.gov.ao\/#website\"},\"datePublished\":\"2020-09-14T08:31:29+00:00\",\"breadcrumb\":{\"@id\":\"https:\/\/sic.gov.ao\/fr\/queixas-electronicas\/#breadcrumb\"},\"inLanguage\":\"fr-FR\",\"potentialAction\":[{\"@type\":\"ReadAction\",\"target\":[\"https:\/\/sic.gov.ao\/fr\/queixas-electronicas\/\"]}]},{\"@type\":\"BreadcrumbList\",\"@id\":\"https:\/\/sic.gov.ao\/fr\/queixas-electronicas\/#breadcrumb\",\"itemListElement\":[{\"@type\":\"ListItem\",\"position\":1,\"name\":\"Home\",\"item\":\"https:\/\/sic.gov.ao\/\"},{\"@type\":\"ListItem\",\"position\":2,\"name\":\"Queixas Electr\u00f3nicas\"}]},{\"@type\":\"WebSite\",\"@id\":\"https:\/\/sic.gov.ao\/#website\",\"url\":\"https:\/\/sic.gov.ao\/\",\"name\":\"SIC - Servi\u00e7o de Investiga\u00e7\u00e3o Criminal Angola\",\"description\":\"\",\"potentialAction\":[{\"@type\":\"SearchAction\",\"target\":{\"@type\":\"EntryPoint\",\"urlTemplate\":\"https:\/\/sic.gov.ao\/?s={search_term_string}\"},\"query-input\":{\"@type\":\"PropertyValueSpecification\",\"valueRequired\":true,\"valueName\":\"search_term_string\"}}],\"inLanguage\":\"fr-FR\"}]}<\/script>\n<!-- \/ Yoast SEO plugin. -->","yoast_head_json":{"title":"Queixas Electr\u00f3nicas - SIC - Servi\u00e7o de Investiga\u00e7\u00e3o Criminal Angola","robots":{"index":"index","follow":"follow","max-snippet":"max-snippet:-1","max-image-preview":"max-image-preview:large","max-video-preview":"max-video-preview:-1"},"canonical":"https:\/\/sic.gov.ao\/fr\/queixas-electronicas\/","og_locale":"fr_FR","og_type":"article","og_title":"Queixas Electr\u00f3nicas - SIC - Servi\u00e7o de Investiga\u00e7\u00e3o Criminal Angola","og_url":"https:\/\/sic.gov.ao\/fr\/queixas-electronicas\/","og_site_name":"SIC - Servi\u00e7o de Investiga\u00e7\u00e3o Criminal Angola","og_image":[{"width":2115,"height":2115,"url":"https:\/\/sic.gov.ao\/wp-content\/uploads\/2020\/05\/Sem-t\u00edtulo-1.png","type":"image\/png"}],"twitter_card":"summary_large_image","twitter_misc":{"Dur\u00e9e de lecture estim\u00e9e":"3 minutes"},"schema":{"@context":"https:\/\/schema.org","@graph":[{"@type":"WebPage","@id":"https:\/\/sic.gov.ao\/fr\/queixas-electronicas\/","url":"https:\/\/sic.gov.ao\/fr\/queixas-electronicas\/","name":"Queixas Electr\u00f3nicas - SIC - Servi\u00e7o de Investiga\u00e7\u00e3o Criminal Angola","isPartOf":{"@id":"https:\/\/sic.gov.ao\/#website"},"datePublished":"2020-09-14T08:31:29+00:00","breadcrumb":{"@id":"https:\/\/sic.gov.ao\/fr\/queixas-electronicas\/#breadcrumb"},"inLanguage":"fr-FR","potentialAction":[{"@type":"ReadAction","target":["https:\/\/sic.gov.ao\/fr\/queixas-electronicas\/"]}]},{"@type":"BreadcrumbList","@id":"https:\/\/sic.gov.ao\/fr\/queixas-electronicas\/#breadcrumb","itemListElement":[{"@type":"ListItem","position":1,"name":"Home","item":"https:\/\/sic.gov.ao\/"},{"@type":"ListItem","position":2,"name":"Queixas Electr\u00f3nicas"}]},{"@type":"WebSite","@id":"https:\/\/sic.gov.ao\/#website","url":"https:\/\/sic.gov.ao\/","name":"SIC - Service d&#039;Investigation Criminelle de l&#039;Angola","description":"","potentialAction":[{"@type":"SearchAction","target":{"@type":"EntryPoint","urlTemplate":"https:\/\/sic.gov.ao\/?s={search_term_string}"},"query-input":{"@type":"PropertyValueSpecification","valueRequired":true,"valueName":"search_term_string"}}],"inLanguage":"fr-FR"}]}},"_links":{"self":[{"href":"https:\/\/sic.gov.ao\/fr\/wp-json\/wp\/v2\/pages\/3182"}],"collection":[{"href":"https:\/\/sic.gov.ao\/fr\/wp-json\/wp\/v2\/pages"}],"about":[{"href":"https:\/\/sic.gov.ao\/fr\/wp-json\/wp\/v2\/types\/page"}],"author":[{"embeddable":true,"href":"https:\/\/sic.gov.ao\/fr\/wp-json\/wp\/v2\/users\/990003"}],"replies":[{"embeddable":true,"href":"https:\/\/sic.gov.ao\/fr\/wp-json\/wp\/v2\/comments?post=3182"}],"version-history":[{"count":0,"href":"https:\/\/sic.gov.ao\/fr\/wp-json\/wp\/v2\/pages\/3182\/revisions"}],"wp:attachment":[{"href":"https:\/\/sic.gov.ao\/fr\/wp-json\/wp\/v2\/media?parent=3182"}],"curies":[{"name":"wp","href":"https:\/\/api.w.org\/{rel}","templated":true}]}}