{"id":2515,"date":"2020-10-26T11:29:37","date_gmt":"2020-10-26T10:29:37","guid":{"rendered":"https:\/\/sic.gov.ao\/?page_id=2515"},"modified":"2020-10-30T11:11:24","modified_gmt":"2020-10-30T10:11:24","slug":"conselhos-de-prevencao-de-furtos","status":"publish","type":"page","link":"https:\/\/sic.gov.ao\/fr\/conselhos-de-prevencao-de-furtos\/","title":{"rendered":"Conselhos de preven\u00e7\u00e3o de furtos de\/em ve\u00edculos"},"content":{"rendered":"<div class=\"wpb-content-wrapper\"><div class=\"vc_row wpb_row vc_row-fluid vc_custom_1604052679485\"><div class=\"wpb_column vc_column_container vc_col-sm-12\"><div class=\"vc_column-inner vc_custom_1603708584348\"><div class=\"wpb_wrapper\"><h3 class=\"sc_title sc_title_underline sc_align_left margin_top_small margin_bottom_small\" style=\"text-align:left;\">Conseils pour pr\u00e9venir le vol de v\u00e9hicule :<\/h3><div class=\"sc_accordion sc_show_counter\" data-active=\"0\"><div class=\"sc_accordion_item odd first\"><h6 class=\"sc_accordion_title\"><span class=\"sc_accordion_icon sc_accordion_icon_closed icon-right\"><\/span><span class=\"sc_accordion_icon sc_accordion_icon_opened icon-down\"><\/span><span class=\"sc_items_counter\">1<\/span>En plus de fermer votre voiture<\/h6><div class=\"sc_accordion_content\">\n\t<div class=\"wpb_text_column wpb_content_element\" >\n\t\t<div class=\"wpb_wrapper\">\n\t\t\t<ul class=\"bullet-list\">\n<li>Verrouillez les portes.<\/li>\n<li>Guarde as chaves sobressalentes em casa ou no seu bolso, mas nunca no interior da viatura.<\/li>\n<li>Remplacez les serrures de porte par de fines tiges sans t\u00eate. Il est donc pratiquement impossible de les tirer avec un fil.<\/li>\n<li>Lors du stationnement, laissez le c\u00f4t\u00e9 moteur face \u00e0 l&#039;endroit le plus visible. Si quelqu&#039;un le d\u00e9place, il sera plus facilement d\u00e9tect\u00e9.<\/li>\n<li>M\u00eame si votre absence est br\u00e8ve, ne laissez jamais tourner le moteur. M\u00eame pas dans un parking.<\/li>\n<li>Utilisez un antivol, un p\u00e9dalier ou un volant visible de l&#039;ext\u00e9rieur.<\/li>\n<li>Utilisez un bouchon de remplissage de carburant verrouillable.<\/li>\n<\/ul>\n\n\t\t<\/div>\n\t<\/div>\n<\/div><\/div><div class=\"sc_accordion_item even\"><h6 class=\"sc_accordion_title\"><span class=\"sc_accordion_icon sc_accordion_icon_closed icon-right\"><\/span><span class=\"sc_accordion_icon sc_accordion_icon_opened icon-down\"><\/span><span class=\"sc_items_counter\">2<\/span>Como evitar o furto de objectos deixados no interior do seu carro?<\/h6><div class=\"sc_accordion_content\">\n\t<div class=\"wpb_text_column wpb_content_element\" >\n\t\t<div class=\"wpb_wrapper\">\n\t\t\t<p>Le meilleur moyen est bien s\u00fbr de ne jamais le faire, mais si ce n&#039;est pas possible alors :<\/p>\n<ul class=\"bullet-list\">\n<li>Feche-os no porta- bagagens, mas fa\u00e7a-o antes de chegar ao local onde vai estacionar, porque pode estar a ser observado. Os marginais utilizam muito o sistema de vigiar os parques, vendo quem guarda objectos de valor na mala do carro e agindo posteriormente com lucro.<\/li>\n<li>Nunca deixe no porta-luvas os documentos da sua viatura, livros de cheques, cart\u00f5es de cr\u00e9dito, armas de defesa pessoal etc&#8230; Lembre-se que este local oferece pouca seguran\u00e7a e constitui um dos primeiros &#8220;esconderijos&#8221; a despertar a aten\u00e7\u00e3o do delinquente.<\/li>\n<li>En voyage, ne laissez pas vos bagages dans le coffre lorsque vous vous arr\u00eatez pour la nuit, car son poids et la pression qu&#039;il exerce sur le syst\u00e8me d&#039;amortisseurs sont facilement d\u00e9tectables par un \u00ab professionnel \u00bb.<\/li>\n<li>Installez un syst\u00e8me amovible \u2013 le tiroir \u2013 pour votre radio et votre lecteur de cassettes.<\/li>\n<\/ul>\n\n\t\t<\/div>\n\t<\/div>\n<\/div><\/div><div id=\"sc_accordion_item_1603708101349_0\" class=\"sc_accordion_item odd\"><h6 class=\"sc_accordion_title\"><span class=\"sc_accordion_icon sc_accordion_icon_closed icon-right\"><\/span><span class=\"sc_accordion_icon sc_accordion_icon_opened icon-down\"><\/span><span class=\"sc_items_counter\">3<\/span>La pr\u00e9vention est la meilleure protection<\/h6><div class=\"sc_accordion_content\">\n\t<div class=\"wpb_text_column wpb_content_element\" >\n\t\t<div class=\"wpb_wrapper\">\n\t\t\t<p>Que faire si, malgr\u00e9 toutes les pr\u00e9cautions, vous \u00eates victime d&#039;un vol ?<\/p>\n<ul class=\"bullet-list\">\n<li>Signalez-le imm\u00e9diatement \u00e0 l&#039;autorit\u00e9 charg\u00e9e de l&#039;application de la loi comp\u00e9tente dans ce domaine.<\/li>\n<li>Faites un rapport d\u00e9taill\u00e9 avec des indications pr\u00e9cises concernant le v\u00e9hicule et ses caract\u00e9ristiques, notamment s&#039;il existe des marques sp\u00e9ciales pouvant faciliter sa r\u00e9cup\u00e9ration.<\/li>\n<li>Donnez une description aussi pr\u00e9cise que possible des objets de valeur qui se trouvaient \u00e0 l&#039;int\u00e9rieur du v\u00e9hicule.<\/li>\n<li>Instale um localizador GPS na viatura por forma a saber a sua localiza\u00e7\u00e3o depois de ser roubada.<\/li>\n<\/ul>\n\n\t\t<\/div>\n\t<\/div>\n<\/div><\/div><\/div><div class=\"vc_btn3-container vc_btn3-inline vc_custom_1603708608210\" ><a class=\"vc_general vc_btn3 vc_btn3-size-sm vc_btn3-shape-rounded vc_btn3-style-flat vc_btn3-color-sky\" href=\"https:\/\/sic.gov.ao\/fr\/viaturas-roubadas\/\" title=\"v\u00e9hicules vol\u00e9s\">Voltar para viaturas roubadas<\/a><\/div><\/div><\/div><\/div><\/div>\n<\/div>"},"excerpt":{"rendered":"Conselhos de preven\u00e7\u00e3o de furtos de\/em ve\u00edculos:1Al\u00e9m de fechar o seu carro Tranque as portas. Guarde as chaves sobressalentes em casa ou no seu bolso, mas nunca no interior da [...]"},"author":2,"featured_media":0,"parent":0,"menu_order":0,"comment_status":"closed","ping_status":"closed","template":"","meta":{"inline_featured_image":false,"_monsterinsights_skip_tracking":false,"_monsterinsights_sitenote_active":false,"_monsterinsights_sitenote_note":"","_monsterinsights_sitenote_category":0,"footnotes":""},"class_list":["post-2515","page","type-page","status-publish","hentry"],"yoast_head":"<!-- This site is optimized with the Yoast SEO plugin v25.3 - https:\/\/yoast.com\/wordpress\/plugins\/seo\/ -->\n<title>Conselhos de preven\u00e7\u00e3o de furtos de\/em ve\u00edculos - SIC - Servi\u00e7o de Investiga\u00e7\u00e3o Criminal Angola<\/title>\n<meta name=\"robots\" content=\"index, follow, max-snippet:-1, max-image-preview:large, max-video-preview:-1\" \/>\n<link rel=\"canonical\" href=\"https:\/\/sic.gov.ao\/fr\/conselhos-de-prevencao-de-furtos\/\" \/>\n<meta property=\"og:locale\" content=\"fr_FR\" \/>\n<meta property=\"og:type\" content=\"article\" \/>\n<meta property=\"og:title\" content=\"Conselhos de preven\u00e7\u00e3o de furtos de\/em ve\u00edculos - SIC - Servi\u00e7o de Investiga\u00e7\u00e3o Criminal Angola\" \/>\n<meta property=\"og:url\" content=\"https:\/\/sic.gov.ao\/fr\/conselhos-de-prevencao-de-furtos\/\" \/>\n<meta property=\"og:site_name\" content=\"SIC - Servi\u00e7o de Investiga\u00e7\u00e3o Criminal Angola\" \/>\n<meta property=\"article:modified_time\" content=\"2020-10-30T10:11:24+00:00\" \/>\n<meta property=\"og:image\" content=\"https:\/\/sic.gov.ao\/wp-content\/uploads\/2020\/05\/Sem-t\u00edtulo-1.png\" \/>\n\t<meta property=\"og:image:width\" content=\"2115\" \/>\n\t<meta property=\"og:image:height\" content=\"2115\" \/>\n\t<meta property=\"og:image:type\" content=\"image\/png\" \/>\n<meta name=\"twitter:card\" content=\"summary_large_image\" \/>\n<meta name=\"twitter:label1\" content=\"Dur\u00e9e de lecture estim\u00e9e\" \/>\n\t<meta name=\"twitter:data1\" content=\"3 minutes\" \/>\n<script type=\"application\/ld+json\" class=\"yoast-schema-graph\">{\"@context\":\"https:\/\/schema.org\",\"@graph\":[{\"@type\":\"WebPage\",\"@id\":\"https:\/\/sic.gov.ao\/conselhos-de-prevencao-de-furtos\/\",\"url\":\"https:\/\/sic.gov.ao\/conselhos-de-prevencao-de-furtos\/\",\"name\":\"Conselhos de preven\u00e7\u00e3o de furtos de\/em ve\u00edculos - SIC - Servi\u00e7o de Investiga\u00e7\u00e3o Criminal Angola\",\"isPartOf\":{\"@id\":\"https:\/\/sic.gov.ao\/#website\"},\"datePublished\":\"2020-10-26T10:29:37+00:00\",\"dateModified\":\"2020-10-30T10:11:24+00:00\",\"breadcrumb\":{\"@id\":\"https:\/\/sic.gov.ao\/conselhos-de-prevencao-de-furtos\/#breadcrumb\"},\"inLanguage\":\"fr-FR\",\"potentialAction\":[{\"@type\":\"ReadAction\",\"target\":[\"https:\/\/sic.gov.ao\/conselhos-de-prevencao-de-furtos\/\"]}]},{\"@type\":\"BreadcrumbList\",\"@id\":\"https:\/\/sic.gov.ao\/conselhos-de-prevencao-de-furtos\/#breadcrumb\",\"itemListElement\":[{\"@type\":\"ListItem\",\"position\":1,\"name\":\"Home\",\"item\":\"https:\/\/sic.gov.ao\/\"},{\"@type\":\"ListItem\",\"position\":2,\"name\":\"Conselhos de preven\u00e7\u00e3o de furtos de\/em ve\u00edculos\"}]},{\"@type\":\"WebSite\",\"@id\":\"https:\/\/sic.gov.ao\/#website\",\"url\":\"https:\/\/sic.gov.ao\/\",\"name\":\"SIC - Servi\u00e7o de Investiga\u00e7\u00e3o Criminal Angola\",\"description\":\"\",\"potentialAction\":[{\"@type\":\"SearchAction\",\"target\":{\"@type\":\"EntryPoint\",\"urlTemplate\":\"https:\/\/sic.gov.ao\/?s={search_term_string}\"},\"query-input\":{\"@type\":\"PropertyValueSpecification\",\"valueRequired\":true,\"valueName\":\"search_term_string\"}}],\"inLanguage\":\"fr-FR\"}]}<\/script>\n<!-- \/ Yoast SEO plugin. -->","yoast_head_json":{"title":"Conselhos de preven\u00e7\u00e3o de furtos de\/em ve\u00edculos - SIC - Servi\u00e7o de Investiga\u00e7\u00e3o Criminal Angola","robots":{"index":"index","follow":"follow","max-snippet":"max-snippet:-1","max-image-preview":"max-image-preview:large","max-video-preview":"max-video-preview:-1"},"canonical":"https:\/\/sic.gov.ao\/fr\/conselhos-de-prevencao-de-furtos\/","og_locale":"fr_FR","og_type":"article","og_title":"Conselhos de preven\u00e7\u00e3o de furtos de\/em ve\u00edculos - SIC - Servi\u00e7o de Investiga\u00e7\u00e3o Criminal Angola","og_url":"https:\/\/sic.gov.ao\/fr\/conselhos-de-prevencao-de-furtos\/","og_site_name":"SIC - Servi\u00e7o de Investiga\u00e7\u00e3o Criminal Angola","article_modified_time":"2020-10-30T10:11:24+00:00","og_image":[{"width":2115,"height":2115,"url":"https:\/\/sic.gov.ao\/wp-content\/uploads\/2020\/05\/Sem-t\u00edtulo-1.png","type":"image\/png"}],"twitter_card":"summary_large_image","twitter_misc":{"Dur\u00e9e de lecture estim\u00e9e":"3 minutes"},"schema":{"@context":"https:\/\/schema.org","@graph":[{"@type":"WebPage","@id":"https:\/\/sic.gov.ao\/conselhos-de-prevencao-de-furtos\/","url":"https:\/\/sic.gov.ao\/conselhos-de-prevencao-de-furtos\/","name":"Conselhos de preven\u00e7\u00e3o de furtos de\/em ve\u00edculos - SIC - Servi\u00e7o de Investiga\u00e7\u00e3o Criminal Angola","isPartOf":{"@id":"https:\/\/sic.gov.ao\/#website"},"datePublished":"2020-10-26T10:29:37+00:00","dateModified":"2020-10-30T10:11:24+00:00","breadcrumb":{"@id":"https:\/\/sic.gov.ao\/conselhos-de-prevencao-de-furtos\/#breadcrumb"},"inLanguage":"fr-FR","potentialAction":[{"@type":"ReadAction","target":["https:\/\/sic.gov.ao\/conselhos-de-prevencao-de-furtos\/"]}]},{"@type":"BreadcrumbList","@id":"https:\/\/sic.gov.ao\/conselhos-de-prevencao-de-furtos\/#breadcrumb","itemListElement":[{"@type":"ListItem","position":1,"name":"Home","item":"https:\/\/sic.gov.ao\/"},{"@type":"ListItem","position":2,"name":"Conselhos de preven\u00e7\u00e3o de furtos de\/em ve\u00edculos"}]},{"@type":"WebSite","@id":"https:\/\/sic.gov.ao\/#website","url":"https:\/\/sic.gov.ao\/","name":"SIC - Service d&#039;Investigation Criminelle de l&#039;Angola","description":"","potentialAction":[{"@type":"SearchAction","target":{"@type":"EntryPoint","urlTemplate":"https:\/\/sic.gov.ao\/?s={search_term_string}"},"query-input":{"@type":"PropertyValueSpecification","valueRequired":true,"valueName":"search_term_string"}}],"inLanguage":"fr-FR"}]}},"_links":{"self":[{"href":"https:\/\/sic.gov.ao\/fr\/wp-json\/wp\/v2\/pages\/2515"}],"collection":[{"href":"https:\/\/sic.gov.ao\/fr\/wp-json\/wp\/v2\/pages"}],"about":[{"href":"https:\/\/sic.gov.ao\/fr\/wp-json\/wp\/v2\/types\/page"}],"author":[{"embeddable":true,"href":"https:\/\/sic.gov.ao\/fr\/wp-json\/wp\/v2\/users\/2"}],"replies":[{"embeddable":true,"href":"https:\/\/sic.gov.ao\/fr\/wp-json\/wp\/v2\/comments?post=2515"}],"version-history":[{"count":10,"href":"https:\/\/sic.gov.ao\/fr\/wp-json\/wp\/v2\/pages\/2515\/revisions"}],"predecessor-version":[{"id":2678,"href":"https:\/\/sic.gov.ao\/fr\/wp-json\/wp\/v2\/pages\/2515\/revisions\/2678"}],"wp:attachment":[{"href":"https:\/\/sic.gov.ao\/fr\/wp-json\/wp\/v2\/media?parent=2515"}],"curies":[{"name":"wp","href":"https:\/\/api.w.org\/{rel}","templated":true}]}}