{"id":2039,"date":"2020-06-24T14:26:30","date_gmt":"2020-06-24T13:26:30","guid":{"rendered":"https:\/\/sic.gov.ao\/?page_id=2039"},"modified":"2021-02-01T10:23:51","modified_gmt":"2021-02-01T09:23:51","slug":"comunicados","status":"publish","type":"page","link":"https:\/\/sic.gov.ao\/fr\/comunicados\/","title":{"rendered":"Annonces"},"content":{"rendered":"<div class=\"wpb-content-wrapper\"><div class=\"vc_row wpb_row vc_row-fluid\"><div class=\"wpb_column vc_column_container vc_col-sm-12\"><div class=\"vc_column-inner vc_custom_1605869755843\"><div class=\"wpb_wrapper\"><h3 class=\"sc_title sc_title_underline sc_align_left margin_top_small margin_bottom_tiny\" style=\"text-align:left;\">Annonces<\/h3><\/div><\/div><\/div><\/div><div class=\"vc_row wpb_row vc_row-fluid\"><div class=\"wpb_column vc_column_container vc_col-sm-12\"><div class=\"vc_column-inner\"><div class=\"wpb_wrapper\"><div class=\"vc_message_box vc_message_box-standard vc_message_box-rounded vc_color-info\" ><div class=\"vc_message_box-icon\"><i class=\"fas fa-info-circle\"><\/i><\/div><p>Annonces SIC<\/p>\n<\/div><div class=\"vc_empty_space\"   style=\"height: 35px\"><span class=\"vc_empty_space_inner\"><\/span><\/div><\/div><\/div><\/div><\/div><div class=\"vc_row wpb_row vc_row-fluid\"><div class=\"wpb_column vc_column_container vc_col-sm-12\"><div class=\"vc_column-inner\"><div class=\"wpb_wrapper\"><div class=\"sc_accordion sc_show_counter\" data-active=\"0\"><div class=\"sc_accordion_item odd first\"><h6 class=\"sc_accordion_title\"><span class=\"sc_items_counter\">1<\/span>COMMUNIQU\u00c9 DE PRESSE - 2 septembre 2020<\/h6><div class=\"sc_accordion_content\">\n\t<div class=\"wpb_text_column wpb_content_element\" >\n\t\t<div class=\"wpb_wrapper\">\n\t\t\t<p>La police judiciaire a pris connaissance, avec inqui\u00e9tude, ce jour 2 septembre 2020, de l&#039;existence d&#039;une vid\u00e9o diffus\u00e9e sur les r\u00e9seaux sociaux, o\u00f9 l&#039;on peut voir l&#039;inspecteur en chef de la police judiciaire, affect\u00e9 \u00e0 la direction de la police judiciaire d&#039;Icolo-Bengo, menott\u00e9 et \u00e9tiquet\u00e9 comme \u00ab un escroc terrestre officier SIC \u00bb.<br \/>\nCompte tenu de ce fait, la Direction Centrale des Op\u00e9rations et le SIC\/LUANDA ont envoy\u00e9 des \u00e9quipes dans les installations d&#039;inspection de l&#039;Administration Municipale de Viana, o\u00f9 ils ont d\u00e9termin\u00e9 que, contrairement \u00e0 ce qui \u00e9tait recherch\u00e9 dans la vid\u00e9o, l&#039;agent Rodrigues est propri\u00e9taire d&#039;un parcelle de terrain de (15\/15=225 m2), dans la localit\u00e9 de Zango 3, commune de Viana, depuis plus de 6 ans, et ce jour-l\u00e0, il a \u00e9t\u00e9 pr\u00e9venu par l&#039;Inspection, ce qui l&#039;a amen\u00e9 \u00e0 fr\u00e9quenter ces installations.<br \/>\nDans les circonstances, l&#039;agent a \u00e9t\u00e9 re\u00e7u de mani\u00e8re hostile et contraint par des bousculades \u00e0 quitter les lieux. Au cours de cette dispute, les inspecteurs, en s&#039;apercevant qu&#039;il portait un pistolet \u00e0 la taille, alors m\u00eame qu&#039;il ne tenait ni n&#039;utilisait le pistolet, car le chargeur \u00e9tait hors de l&#039;arme pour des raisons de s\u00e9curit\u00e9, une trentaine d&#039;inspecteurs l&#039;ont impliqu\u00e9. a pris l&#039;arme violemment, a fait expr\u00e8s des vid\u00e9os pour exposer son image et l&#039;a emmen\u00e9 dans un compartiment o\u00f9 il a \u00e9t\u00e9 agress\u00e9 et humili\u00e9.<br \/>\nA cet effet, une proc\u00e9dure p\u00e9nale a \u00e9t\u00e9 engag\u00e9e, 6 \u00e9l\u00e9ments d&#039;inspection, principalement impliqu\u00e9s dans la commission de ces crimes, ont \u00e9t\u00e9 d\u00e9termin\u00e9s et arr\u00eat\u00e9s, les t\u00e9moins qui ont fait leurs d\u00e9positions ont \u00e9galement \u00e9t\u00e9 r\u00e9pertori\u00e9s et demain l&#039;affaire sera renvoy\u00e9e devant le Tribunal pour jugement sommaire.<\/p>\n<p>COMMUNICATION INSTITUTIONNELLE ET SALLE DE PRESSE DE LA DIRECTION G\u00c9N\u00c9RALE DE SIC, \u00c0 LUANDA, LE 2 SEPTEMBRE 2020<\/p>\n<p>LE DIRECTEUR \u2013 MANUEL HALAIWA<br \/>\n\/\/SURINTENDANT DE LA PRISON \/\/<\/p>\n\n\t\t<\/div>\n\t<\/div>\n<\/div><\/div><\/div><\/div><\/div><\/div><\/div>\n<\/div>"},"excerpt":{"rendered":"ComunicadosComunicados SIC 1COMUNICADO DE IMPRENSA - 02 Setembro 2020 O Servi\u00e7o de Investiga\u00e7\u00e3o Criminal tomou conhecimento, com preocupa\u00e7\u00e3o, hoje, 02 de Setembro de 2020, da exist\u00eancia de um v\u00eddeo posto [...]"},"author":2,"featured_media":0,"parent":0,"menu_order":0,"comment_status":"closed","ping_status":"closed","template":"","meta":{"inline_featured_image":false,"_monsterinsights_skip_tracking":false,"_monsterinsights_sitenote_active":false,"_monsterinsights_sitenote_note":"","_monsterinsights_sitenote_category":0,"footnotes":""},"class_list":["post-2039","page","type-page","status-publish","hentry"],"yoast_head":"<!-- This site is optimized with the Yoast SEO plugin v25.3 - https:\/\/yoast.com\/wordpress\/plugins\/seo\/ -->\n<title>Comunicados - SIC - Servi\u00e7o de Investiga\u00e7\u00e3o Criminal Angola<\/title>\n<meta name=\"description\" content=\"Portal do Sic - Servi\u00e7o de Investiga\u00e7\u00e3o Criminal Angola. Fa\u00e7a a sua queixa electr\u00f3nica \/ den\u00fancia an\u00f3nima totalmente gr\u00e1tis.\" \/>\n<meta name=\"robots\" content=\"index, follow, max-snippet:-1, max-image-preview:large, max-video-preview:-1\" \/>\n<link rel=\"canonical\" href=\"https:\/\/sic.gov.ao\/fr\/comunicados\/\" \/>\n<meta property=\"og:locale\" content=\"fr_FR\" \/>\n<meta property=\"og:type\" content=\"article\" \/>\n<meta property=\"og:title\" content=\"Comunicados - SIC - Servi\u00e7o de Investiga\u00e7\u00e3o Criminal Angola\" \/>\n<meta property=\"og:description\" content=\"Portal do Sic - Servi\u00e7o de Investiga\u00e7\u00e3o Criminal Angola. Fa\u00e7a a sua queixa electr\u00f3nica \/ den\u00fancia an\u00f3nima totalmente gr\u00e1tis.\" \/>\n<meta property=\"og:url\" content=\"https:\/\/sic.gov.ao\/fr\/comunicados\/\" \/>\n<meta property=\"og:site_name\" content=\"SIC - Servi\u00e7o de Investiga\u00e7\u00e3o Criminal Angola\" \/>\n<meta property=\"article:modified_time\" content=\"2021-02-01T09:23:51+00:00\" \/>\n<meta property=\"og:image\" content=\"https:\/\/sic.gov.ao\/wp-content\/uploads\/2020\/05\/Sem-t\u00edtulo-1.png\" \/>\n\t<meta property=\"og:image:width\" content=\"2115\" \/>\n\t<meta property=\"og:image:height\" content=\"2115\" \/>\n\t<meta property=\"og:image:type\" content=\"image\/png\" \/>\n<meta name=\"twitter:card\" content=\"summary_large_image\" \/>\n<meta name=\"twitter:label1\" content=\"Dur\u00e9e de lecture estim\u00e9e\" \/>\n\t<meta name=\"twitter:data1\" content=\"2 minutes\" \/>\n<script type=\"application\/ld+json\" class=\"yoast-schema-graph\">{\"@context\":\"https:\/\/schema.org\",\"@graph\":[{\"@type\":\"WebPage\",\"@id\":\"https:\/\/sic.gov.ao\/fr\/comunicados\/\",\"url\":\"https:\/\/sic.gov.ao\/fr\/comunicados\/\",\"name\":\"Comunicados - SIC - Servi\u00e7o de Investiga\u00e7\u00e3o Criminal Angola\",\"isPartOf\":{\"@id\":\"https:\/\/sic.gov.ao\/#website\"},\"datePublished\":\"2020-06-24T13:26:30+00:00\",\"dateModified\":\"2021-02-01T09:23:51+00:00\",\"description\":\"Portal do Sic - Servi\u00e7o de Investiga\u00e7\u00e3o Criminal Angola. Fa\u00e7a a sua queixa electr\u00f3nica \/ den\u00fancia an\u00f3nima totalmente gr\u00e1tis.\",\"breadcrumb\":{\"@id\":\"https:\/\/sic.gov.ao\/fr\/comunicados\/#breadcrumb\"},\"inLanguage\":\"fr-FR\",\"potentialAction\":[{\"@type\":\"ReadAction\",\"target\":[\"https:\/\/sic.gov.ao\/fr\/comunicados\/\"]}]},{\"@type\":\"BreadcrumbList\",\"@id\":\"https:\/\/sic.gov.ao\/fr\/comunicados\/#breadcrumb\",\"itemListElement\":[{\"@type\":\"ListItem\",\"position\":1,\"name\":\"Home\",\"item\":\"https:\/\/sic.gov.ao\/\"},{\"@type\":\"ListItem\",\"position\":2,\"name\":\"Comunicados\"}]},{\"@type\":\"WebSite\",\"@id\":\"https:\/\/sic.gov.ao\/#website\",\"url\":\"https:\/\/sic.gov.ao\/\",\"name\":\"SIC - Servi\u00e7o de Investiga\u00e7\u00e3o Criminal Angola\",\"description\":\"\",\"potentialAction\":[{\"@type\":\"SearchAction\",\"target\":{\"@type\":\"EntryPoint\",\"urlTemplate\":\"https:\/\/sic.gov.ao\/?s={search_term_string}\"},\"query-input\":{\"@type\":\"PropertyValueSpecification\",\"valueRequired\":true,\"valueName\":\"search_term_string\"}}],\"inLanguage\":\"fr-FR\"}]}<\/script>\n<!-- \/ Yoast SEO plugin. -->","yoast_head_json":{"title":"Comunicados - SIC - Servi\u00e7o de Investiga\u00e7\u00e3o Criminal Angola","description":"Portal do Sic - Servi\u00e7o de Investiga\u00e7\u00e3o Criminal Angola. Fa\u00e7a a sua queixa electr\u00f3nica \/ den\u00fancia an\u00f3nima totalmente gr\u00e1tis.","robots":{"index":"index","follow":"follow","max-snippet":"max-snippet:-1","max-image-preview":"max-image-preview:large","max-video-preview":"max-video-preview:-1"},"canonical":"https:\/\/sic.gov.ao\/fr\/comunicados\/","og_locale":"fr_FR","og_type":"article","og_title":"Comunicados - SIC - Servi\u00e7o de Investiga\u00e7\u00e3o Criminal Angola","og_description":"Portal do Sic - Servi\u00e7o de Investiga\u00e7\u00e3o Criminal Angola. Fa\u00e7a a sua queixa electr\u00f3nica \/ den\u00fancia an\u00f3nima totalmente gr\u00e1tis.","og_url":"https:\/\/sic.gov.ao\/fr\/comunicados\/","og_site_name":"SIC - Servi\u00e7o de Investiga\u00e7\u00e3o Criminal Angola","article_modified_time":"2021-02-01T09:23:51+00:00","og_image":[{"width":2115,"height":2115,"url":"https:\/\/sic.gov.ao\/wp-content\/uploads\/2020\/05\/Sem-t\u00edtulo-1.png","type":"image\/png"}],"twitter_card":"summary_large_image","twitter_misc":{"Dur\u00e9e de lecture estim\u00e9e":"2 minutes"},"schema":{"@context":"https:\/\/schema.org","@graph":[{"@type":"WebPage","@id":"https:\/\/sic.gov.ao\/fr\/comunicados\/","url":"https:\/\/sic.gov.ao\/fr\/comunicados\/","name":"Comunicados - SIC - Servi\u00e7o de Investiga\u00e7\u00e3o Criminal Angola","isPartOf":{"@id":"https:\/\/sic.gov.ao\/#website"},"datePublished":"2020-06-24T13:26:30+00:00","dateModified":"2021-02-01T09:23:51+00:00","description":"Portal do Sic - Servi\u00e7o de Investiga\u00e7\u00e3o Criminal Angola. Fa\u00e7a a sua queixa electr\u00f3nica \/ den\u00fancia an\u00f3nima totalmente gr\u00e1tis.","breadcrumb":{"@id":"https:\/\/sic.gov.ao\/fr\/comunicados\/#breadcrumb"},"inLanguage":"fr-FR","potentialAction":[{"@type":"ReadAction","target":["https:\/\/sic.gov.ao\/fr\/comunicados\/"]}]},{"@type":"BreadcrumbList","@id":"https:\/\/sic.gov.ao\/fr\/comunicados\/#breadcrumb","itemListElement":[{"@type":"ListItem","position":1,"name":"Home","item":"https:\/\/sic.gov.ao\/"},{"@type":"ListItem","position":2,"name":"Comunicados"}]},{"@type":"WebSite","@id":"https:\/\/sic.gov.ao\/#website","url":"https:\/\/sic.gov.ao\/","name":"SIC - Service d&#039;Investigation Criminelle de l&#039;Angola","description":"","potentialAction":[{"@type":"SearchAction","target":{"@type":"EntryPoint","urlTemplate":"https:\/\/sic.gov.ao\/?s={search_term_string}"},"query-input":{"@type":"PropertyValueSpecification","valueRequired":true,"valueName":"search_term_string"}}],"inLanguage":"fr-FR"}]}},"_links":{"self":[{"href":"https:\/\/sic.gov.ao\/fr\/wp-json\/wp\/v2\/pages\/2039"}],"collection":[{"href":"https:\/\/sic.gov.ao\/fr\/wp-json\/wp\/v2\/pages"}],"about":[{"href":"https:\/\/sic.gov.ao\/fr\/wp-json\/wp\/v2\/types\/page"}],"author":[{"embeddable":true,"href":"https:\/\/sic.gov.ao\/fr\/wp-json\/wp\/v2\/users\/2"}],"replies":[{"embeddable":true,"href":"https:\/\/sic.gov.ao\/fr\/wp-json\/wp\/v2\/comments?post=2039"}],"version-history":[{"count":11,"href":"https:\/\/sic.gov.ao\/fr\/wp-json\/wp\/v2\/pages\/2039\/revisions"}],"predecessor-version":[{"id":4207,"href":"https:\/\/sic.gov.ao\/fr\/wp-json\/wp\/v2\/pages\/2039\/revisions\/4207"}],"wp:attachment":[{"href":"https:\/\/sic.gov.ao\/fr\/wp-json\/wp\/v2\/media?parent=2039"}],"curies":[{"name":"wp","href":"https:\/\/api.w.org\/{rel}","templated":true}]}}