{"id":1986,"date":"2020-06-22T14:45:33","date_gmt":"2020-06-22T13:45:33","guid":{"rendered":"https:\/\/sic.gov.ao\/?page_id=1986"},"modified":"2021-02-03T18:34:57","modified_gmt":"2021-02-03T17:34:57","slug":"investigacao-criminal","status":"publish","type":"page","link":"https:\/\/sic.gov.ao\/fr\/investigacao-criminal\/","title":{"rendered":"Enqu\u00eate criminelle"},"content":{"rendered":"<div class=\"wpb-content-wrapper\"><div class=\"vc_row wpb_row vc_row-fluid\"><div class=\"wpb_column vc_column_container vc_col-sm-12\"><div class=\"vc_column-inner vc_custom_1605869826086\"><div class=\"wpb_wrapper\"><h3 class=\"sc_title sc_title_underline sc_align_left margin_top_small margin_bottom_small\" style=\"text-align:left;\"><b>justice criminelle<\/b><\/h3><div class=\"columns_wrap sc_columns columns_nofluid sc_columns_count_1 margin_bottom_tiny\"><div class=\"column-1_1 sc_column_item sc_column_item_1 odd first\">\n\t<div class=\"wpb_text_column wpb_content_element\" >\n\t\t<div class=\"wpb_wrapper\">\n\t\t\t<p>Au cours de l&#039;enqu\u00eate criminelle <strong>il cherche \u00e0 v\u00e9rifier s&#039;il y a eu un crime, \u00e0 d\u00e9couvrir et \u00e0 rassembler des preuves, \u00e0 identifier les auteurs et \u00e0 attribuer les responsabilit\u00e9s.<\/strong><\/p>\n<p>L&#039;enqu\u00eate p\u00e9nale est le processus qui permet de v\u00e9rifier si un crime a eu lieu ou non, qui et dans quelles circonstances l&#039;a commis, en traduisant les auteurs en justice et en essayant de prot\u00e9ger les victimes, le cas \u00e9ch\u00e9ant.<br \/>\nLes d\u00e9lits sont des comportements interdits d\u00e9crits en droit p\u00e9nal, et ils correspondent \u00e0 des peines telles que des amendes, des peines d&#039;emprisonnement, des travaux d&#039;int\u00e9r\u00eat g\u00e9n\u00e9ral, des peines suppl\u00e9mentaires (par exemple, l&#039;interdiction de conduire un v\u00e9hicule), ou des mesures de s\u00e9curit\u00e9, en cas de non-imputabilit\u00e9.<\/p>\n\n\t\t<\/div>\n\t<\/div>\n<div class=\"vc_empty_space\"   style=\"height: 32px\"><span class=\"vc_empty_space_inner\"><\/span><\/div>\n\t<div class=\"wpb_text_column wpb_content_element\" >\n\t\t<div class=\"wpb_wrapper\">\n\t\t\t<p><strong>SIC est l&#039;organe de justice qui enqu\u00eate sur les crimes<\/strong><\/p>\n<p>Le Service des enqu\u00eates criminelles fait partie du minist\u00e8re de l&#039;Int\u00e9rieur et soutient les autorit\u00e9s judiciaires dans la lutte contre la criminalit\u00e9. Sa mission est de d\u00e9tecter et d&#039;enqu\u00eater sur les crimes, d&#039;identifier les auteurs et de recueillir des preuves qui confirment qu&#039;un crime a \u00e9t\u00e9 commis.<\/p>\n\n\t\t<\/div>\n\t<\/div>\n<div class=\"vc_empty_space\"   style=\"height: 32px\"><span class=\"vc_empty_space_inner\"><\/span><\/div><div class=\"vc_message_box vc_message_box-standard vc_message_box-rounded vc_color-danger\" ><div class=\"vc_message_box-icon\"><i class=\"fas fa-exclamation-triangle\"><\/i><\/div><p>N&#039;ayez pas peur ou peur de d\u00e9poser un rapport. Le processus est simple et gratuit et offre plusieurs m\u00e9canismes de protection.<\/p>\n<\/div>\n\t<div class=\"wpb_text_column wpb_content_element\" >\n\t\t<div class=\"wpb_wrapper\">\n\t\t\t<p><strong>Pour d\u00e9poser une plainte ou signaler un crime, vous N&#039;AVEZ PAS besoin de :<\/strong><\/p>\n\n\t\t<\/div>\n\t<\/div>\n<\/div><\/div><ul class=\"sc_list sc_list_style_ul margin_top_null\" style=\"color:#a32525;\"><li class=\"sc_list_item odd first\" title=\"Sachez qui est l&#039;auteur du crime.\">Sachez qui est l&#039;auteur du crime.<\/li><li class=\"sc_list_item even\" title=\"Engagez un avocat.\">Engagez un avocat.<\/li><li class=\"sc_list_item odd\" title=\"Savoir classer le crime en termes juridiques.\">Savoir classer le crime en termes juridiques.<\/li><li class=\"sc_list_item even\" title=\"effectuer tout type de paiement\">effectuer tout type de paiement<\/li><\/ul>\n\t<div class=\"wpb_text_column wpb_content_element\" >\n\t\t<div class=\"wpb_wrapper\">\n\t\t\t<p><strong>La plainte et la plainte ne sont pas la m\u00eame chose :<\/strong><\/p>\n\n\t\t<\/div>\n\t<\/div>\n<ul class=\"sc_list sc_list_style_ul margin_top_null\" style=\"color:#a32525;\"><li class=\"sc_list_item odd first\" title=\"Dans la plainte, les faits sont rapport\u00e9s mais la d\u00e9claration d&#039;intention n&#039;est pas pr\u00e9sent\u00e9e.\">Dans la plainte, les faits sont rapport\u00e9s mais la d\u00e9claration d&#039;intention n&#039;est pas pr\u00e9sent\u00e9e.<\/li><li class=\"sc_list_item even\" title=\"Une plainte est un r\u00e9cit des faits accompagn\u00e9 d&#039;une d\u00e9claration dans laquelle la victime exprime le d\u00e9sir de voir l&#039;auteur poursuivi en justice. Cette d\u00e9claration peut \u00eatre faite m\u00eame lorsqu&#039;on ne sait pas encore qui est l&#039;auteur du crime.\">Une plainte est un r\u00e9cit des faits accompagn\u00e9 d&#039;une d\u00e9claration dans laquelle la victime exprime le d\u00e9sir de voir l&#039;auteur poursuivi en justice. Cette d\u00e9claration peut \u00eatre faite m\u00eame lorsqu&#039;on ne sait pas encore qui est l&#039;auteur du crime.<\/li><\/ul><\/div><\/div><\/div><\/div>\n<\/div>"},"excerpt":{"rendered":"Justice p\u00e9nale Au cours de l&#039;enqu\u00eate p\u00e9nale, une tentative est faite pour v\u00e9rifier s&#039;il y a eu un crime, d\u00e9couvrir et rassembler des preuves, identifier les auteurs et attribuer la responsabilit\u00e9. L&#039;enqu\u00eate criminelle est le processus qui permet [...]"},"author":2,"featured_media":0,"parent":0,"menu_order":0,"comment_status":"closed","ping_status":"closed","template":"","meta":{"inline_featured_image":false,"_monsterinsights_skip_tracking":false,"_monsterinsights_sitenote_active":false,"_monsterinsights_sitenote_note":"","_monsterinsights_sitenote_category":0,"footnotes":""},"class_list":["post-1986","page","type-page","status-publish","hentry"],"yoast_head":"<!-- This site is optimized with the Yoast SEO plugin v25.3 - https:\/\/yoast.com\/wordpress\/plugins\/seo\/ -->\n<title>Investiga\u00e7\u00e3o Criminal - SIC - Servi\u00e7o de Investiga\u00e7\u00e3o Criminal Angola<\/title>\n<meta name=\"description\" content=\"Portal do Sic - Servi\u00e7o de Investiga\u00e7\u00e3o Criminal Angola. Fa\u00e7a a sua queixa electr\u00f3nica \/ den\u00fancia an\u00f3nima totalmente gr\u00e1tis.\" \/>\n<meta name=\"robots\" content=\"index, follow, max-snippet:-1, max-image-preview:large, max-video-preview:-1\" \/>\n<link rel=\"canonical\" href=\"https:\/\/sic.gov.ao\/fr\/investigacao-criminal\/\" \/>\n<meta property=\"og:locale\" content=\"fr_FR\" \/>\n<meta property=\"og:type\" content=\"article\" \/>\n<meta property=\"og:title\" content=\"Investiga\u00e7\u00e3o Criminal - SIC - Servi\u00e7o de Investiga\u00e7\u00e3o Criminal Angola\" \/>\n<meta property=\"og:description\" content=\"Portal do Sic - Servi\u00e7o de Investiga\u00e7\u00e3o Criminal Angola. Fa\u00e7a a sua queixa electr\u00f3nica \/ den\u00fancia an\u00f3nima totalmente gr\u00e1tis.\" \/>\n<meta property=\"og:url\" content=\"https:\/\/sic.gov.ao\/fr\/investigacao-criminal\/\" \/>\n<meta property=\"og:site_name\" content=\"SIC - Servi\u00e7o de Investiga\u00e7\u00e3o Criminal Angola\" \/>\n<meta property=\"article:modified_time\" content=\"2021-02-03T17:34:57+00:00\" \/>\n<meta property=\"og:image\" content=\"https:\/\/sic.gov.ao\/wp-content\/uploads\/2020\/05\/Sem-t\u00edtulo-1.png\" \/>\n\t<meta property=\"og:image:width\" content=\"2115\" \/>\n\t<meta property=\"og:image:height\" content=\"2115\" \/>\n\t<meta property=\"og:image:type\" content=\"image\/png\" \/>\n<meta name=\"twitter:card\" content=\"summary_large_image\" \/>\n<meta name=\"twitter:label1\" content=\"Dur\u00e9e de lecture estim\u00e9e\" \/>\n\t<meta name=\"twitter:data1\" content=\"2 minutes\" \/>\n<script type=\"application\/ld+json\" class=\"yoast-schema-graph\">{\"@context\":\"https:\/\/schema.org\",\"@graph\":[{\"@type\":\"WebPage\",\"@id\":\"https:\/\/sic.gov.ao\/investigacao-criminal\/\",\"url\":\"https:\/\/sic.gov.ao\/investigacao-criminal\/\",\"name\":\"Investiga\u00e7\u00e3o Criminal - SIC - Servi\u00e7o de Investiga\u00e7\u00e3o Criminal Angola\",\"isPartOf\":{\"@id\":\"https:\/\/sic.gov.ao\/#website\"},\"datePublished\":\"2020-06-22T13:45:33+00:00\",\"dateModified\":\"2021-02-03T17:34:57+00:00\",\"description\":\"Portal do Sic - Servi\u00e7o de Investiga\u00e7\u00e3o Criminal Angola. Fa\u00e7a a sua queixa electr\u00f3nica \/ den\u00fancia an\u00f3nima totalmente gr\u00e1tis.\",\"breadcrumb\":{\"@id\":\"https:\/\/sic.gov.ao\/investigacao-criminal\/#breadcrumb\"},\"inLanguage\":\"fr-FR\",\"potentialAction\":[{\"@type\":\"ReadAction\",\"target\":[\"https:\/\/sic.gov.ao\/investigacao-criminal\/\"]}]},{\"@type\":\"BreadcrumbList\",\"@id\":\"https:\/\/sic.gov.ao\/investigacao-criminal\/#breadcrumb\",\"itemListElement\":[{\"@type\":\"ListItem\",\"position\":1,\"name\":\"Home\",\"item\":\"https:\/\/sic.gov.ao\/\"},{\"@type\":\"ListItem\",\"position\":2,\"name\":\"Investiga\u00e7\u00e3o Criminal\"}]},{\"@type\":\"WebSite\",\"@id\":\"https:\/\/sic.gov.ao\/#website\",\"url\":\"https:\/\/sic.gov.ao\/\",\"name\":\"SIC - Servi\u00e7o de Investiga\u00e7\u00e3o Criminal Angola\",\"description\":\"\",\"potentialAction\":[{\"@type\":\"SearchAction\",\"target\":{\"@type\":\"EntryPoint\",\"urlTemplate\":\"https:\/\/sic.gov.ao\/?s={search_term_string}\"},\"query-input\":{\"@type\":\"PropertyValueSpecification\",\"valueRequired\":true,\"valueName\":\"search_term_string\"}}],\"inLanguage\":\"fr-FR\"}]}<\/script>\n<!-- \/ Yoast SEO plugin. -->","yoast_head_json":{"title":"Investiga\u00e7\u00e3o Criminal - SIC - Servi\u00e7o de Investiga\u00e7\u00e3o Criminal Angola","description":"Portal do Sic - Servi\u00e7o de Investiga\u00e7\u00e3o Criminal Angola. Fa\u00e7a a sua queixa electr\u00f3nica \/ den\u00fancia an\u00f3nima totalmente gr\u00e1tis.","robots":{"index":"index","follow":"follow","max-snippet":"max-snippet:-1","max-image-preview":"max-image-preview:large","max-video-preview":"max-video-preview:-1"},"canonical":"https:\/\/sic.gov.ao\/fr\/investigacao-criminal\/","og_locale":"fr_FR","og_type":"article","og_title":"Investiga\u00e7\u00e3o Criminal - SIC - Servi\u00e7o de Investiga\u00e7\u00e3o Criminal Angola","og_description":"Portal do Sic - Servi\u00e7o de Investiga\u00e7\u00e3o Criminal Angola. Fa\u00e7a a sua queixa electr\u00f3nica \/ den\u00fancia an\u00f3nima totalmente gr\u00e1tis.","og_url":"https:\/\/sic.gov.ao\/fr\/investigacao-criminal\/","og_site_name":"SIC - Servi\u00e7o de Investiga\u00e7\u00e3o Criminal Angola","article_modified_time":"2021-02-03T17:34:57+00:00","og_image":[{"width":2115,"height":2115,"url":"https:\/\/sic.gov.ao\/wp-content\/uploads\/2020\/05\/Sem-t\u00edtulo-1.png","type":"image\/png"}],"twitter_card":"summary_large_image","twitter_misc":{"Dur\u00e9e de lecture estim\u00e9e":"2 minutes"},"schema":{"@context":"https:\/\/schema.org","@graph":[{"@type":"WebPage","@id":"https:\/\/sic.gov.ao\/investigacao-criminal\/","url":"https:\/\/sic.gov.ao\/investigacao-criminal\/","name":"Investiga\u00e7\u00e3o Criminal - SIC - Servi\u00e7o de Investiga\u00e7\u00e3o Criminal Angola","isPartOf":{"@id":"https:\/\/sic.gov.ao\/#website"},"datePublished":"2020-06-22T13:45:33+00:00","dateModified":"2021-02-03T17:34:57+00:00","description":"Portal do Sic - Servi\u00e7o de Investiga\u00e7\u00e3o Criminal Angola. Fa\u00e7a a sua queixa electr\u00f3nica \/ den\u00fancia an\u00f3nima totalmente gr\u00e1tis.","breadcrumb":{"@id":"https:\/\/sic.gov.ao\/investigacao-criminal\/#breadcrumb"},"inLanguage":"fr-FR","potentialAction":[{"@type":"ReadAction","target":["https:\/\/sic.gov.ao\/investigacao-criminal\/"]}]},{"@type":"BreadcrumbList","@id":"https:\/\/sic.gov.ao\/investigacao-criminal\/#breadcrumb","itemListElement":[{"@type":"ListItem","position":1,"name":"Home","item":"https:\/\/sic.gov.ao\/"},{"@type":"ListItem","position":2,"name":"Investiga\u00e7\u00e3o Criminal"}]},{"@type":"WebSite","@id":"https:\/\/sic.gov.ao\/#website","url":"https:\/\/sic.gov.ao\/","name":"SIC - Service d&#039;Investigation Criminelle de l&#039;Angola","description":"","potentialAction":[{"@type":"SearchAction","target":{"@type":"EntryPoint","urlTemplate":"https:\/\/sic.gov.ao\/?s={search_term_string}"},"query-input":{"@type":"PropertyValueSpecification","valueRequired":true,"valueName":"search_term_string"}}],"inLanguage":"fr-FR"}]}},"_links":{"self":[{"href":"https:\/\/sic.gov.ao\/fr\/wp-json\/wp\/v2\/pages\/1986"}],"collection":[{"href":"https:\/\/sic.gov.ao\/fr\/wp-json\/wp\/v2\/pages"}],"about":[{"href":"https:\/\/sic.gov.ao\/fr\/wp-json\/wp\/v2\/types\/page"}],"author":[{"embeddable":true,"href":"https:\/\/sic.gov.ao\/fr\/wp-json\/wp\/v2\/users\/2"}],"replies":[{"embeddable":true,"href":"https:\/\/sic.gov.ao\/fr\/wp-json\/wp\/v2\/comments?post=1986"}],"version-history":[{"count":25,"href":"https:\/\/sic.gov.ao\/fr\/wp-json\/wp\/v2\/pages\/1986\/revisions"}],"predecessor-version":[{"id":4235,"href":"https:\/\/sic.gov.ao\/fr\/wp-json\/wp\/v2\/pages\/1986\/revisions\/4235"}],"wp:attachment":[{"href":"https:\/\/sic.gov.ao\/fr\/wp-json\/wp\/v2\/media?parent=1986"}],"curies":[{"name":"wp","href":"https:\/\/api.w.org\/{rel}","templated":true}]}}