{"id":194,"date":"2016-05-06T09:02:03","date_gmt":"2016-05-06T09:02:03","guid":{"rendered":"http:\/\/police.themerex.net\/?page_id=194"},"modified":"2020-10-28T13:50:32","modified_gmt":"2020-10-28T12:50:32","slug":"apresentar-queixa","status":"publish","type":"page","link":"https:\/\/sic.gov.ao\/fr\/apresentar-queixa\/","title":{"rendered":"Plainte \u00e9lectronique"},"content":{"rendered":"<div class=\"wpb-content-wrapper\"><div class=\"vc_row wpb_row vc_row-fluid\"><div class=\"wpb_column vc_column_container vc_col-sm-12\"><div class=\"vc_column-inner\"><div class=\"wpb_wrapper\"><div id=\"sc_services_22020716_wrap\" class=\"sc_services_wrap\"><div id=\"sc_services_22020716\" class=\"sc_services sc_services_style_services-1 sc_services_type_icons  margin_top_small margin_bottom_null\" style=\"width:100%;\"><h3 class=\"sc_services_title sc_item_title\">Plainte \u00e9lectronique<\/h3><div class=\"sc_services_descr sc_item_descr\">Choisissez le type de r\u00e9clamation<\/div><div class=\"sc_slider_swiper swiper-slider-container sc_slider_nopagination sc_slider_nocontrols sc_slider_height_auto\" data-interval=\"8364\" data-slides-per-view=\"4\" data-slides-min-width=\"250\"><div class=\"slides swiper-wrapper\"><div class=\"swiper-slide\" data-style=\"width:100%;\" style=\"width:100%;\"><div class=\"sc_services_item_wrap\">\t\t\t<div id=\"sc_services_22020716_1\"\t\t\t\tclass=\"sc_services_item sc_services_item_1 odd first\"\n\t\t\t\t>\n\t\t\t\t<a href=\"https:\/\/sic.gov.ao\/fr\/services\/dano\/\"><span class=\"sc_icon icon-exclamation\"><\/span><\/a>\t\t\t\t<div class=\"sc_services_item_content\">\n\t\t\t\t\t<h4 class=\"sc_services_item_title\"><a href=\"https:\/\/sic.gov.ao\/fr\/services\/dano\/\">Dommage<\/a><\/h4>\n\t\t\t\t\t<div class=\"sc_services_item_description\">\n\t\t\t\t\t\t<p>Si vous souhaitez signaler un acte intentionnel de destruction, en tout ou en partie, d&#039;endommagement, de d\u00e9figuration ou de destruction du bien d&#039;un tiers, tel que...<\/p>\t\t\t\t\t<\/div>\n\t\t\t\t<\/div>\n\t\t\t<\/div>\n\t\t<\/div><\/div><div class=\"swiper-slide\" data-style=\"width:100%;\" style=\"width:100%;\"><div class=\"sc_services_item_wrap\">\t\t\t<div id=\"sc_services_22020716_2\"\t\t\t\tclass=\"sc_services_item sc_services_item_2 even\"\n\t\t\t\t>\n\t\t\t\t<a href=\"https:\/\/sic.gov.ao\/fr\/services\/imigracao-ilegal\/\"><span class=\"sc_icon icon-users-group\"><\/span><\/a>\t\t\t\t<div class=\"sc_services_item_content\">\n\t\t\t\t\t<h4 class=\"sc_services_item_title\"><a href=\"https:\/\/sic.gov.ao\/fr\/services\/imigracao-ilegal\/\">Aide \u00e0 l&#039;immigration clandestine<\/a><\/h4>\n\t\t\t\t\t<div class=\"sc_services_item_description\">\n\t\t\t\t\t\t<p>Si vous avez l&#039;intention de porter plainte contre quelqu&#039;un qui a favoris\u00e9 ou facilit\u00e9, de quelque mani\u00e8re que ce soit, l&#039;entr\u00e9e, le s\u00e9jour ou le transit sur le territoire...<\/p>\t\t\t\t\t<\/div>\n\t\t\t\t<\/div>\n\t\t\t<\/div>\n\t\t<\/div><\/div><div class=\"swiper-slide\" data-style=\"width:100%;\" style=\"width:100%;\"><div class=\"sc_services_item_wrap\">\t\t\t<div id=\"sc_services_22020716_3\"\t\t\t\tclass=\"sc_services_item sc_services_item_3 odd\"\n\t\t\t\t>\n\t\t\t\t<a href=\"https:\/\/sic.gov.ao\/fr\/services\/danos-natureza\/\"><span class=\"sc_icon icon-fire\"><\/span><\/a>\t\t\t\t<div class=\"sc_services_item_content\">\n\t\t\t\t\t<h4 class=\"sc_services_item_title\"><a href=\"https:\/\/sic.gov.ao\/fr\/services\/danos-natureza\/\">dommage contre nature<\/a><\/h4>\n\t\t\t\t\t<div class=\"sc_services_item_description\">\n\t\t\t\t\t\t<p>Si vous avez l&#039;intention de signaler quelqu&#039;un qui ne respecte pas les dispositions l\u00e9gales impos\u00e9es par l&#039;autorit\u00e9 comp\u00e9tente, effectuez un acte d&#039;\u00e9limination de...<\/p>\t\t\t\t\t<\/div>\n\t\t\t\t<\/div>\n\t\t\t<\/div>\n\t\t<\/div><\/div><div class=\"swiper-slide\" data-style=\"width:100%;\" style=\"width:100%;\"><div class=\"sc_services_item_wrap\">\t\t\t<div id=\"sc_services_22020716_4\"\t\t\t\tclass=\"sc_services_item sc_services_item_4 even\"\n\t\t\t\t>\n\t\t\t\t<a href=\"https:\/\/sic.gov.ao\/fr\/services\/mao-de-obra-ilegal\/\"><span class=\"sc_icon icon-police-line\"><\/span><\/a>\t\t\t\t<div class=\"sc_services_item_content\">\n\t\t\t\t\t<h4 class=\"sc_services_item_title\"><a href=\"https:\/\/sic.gov.ao\/fr\/services\/mao-de-obra-ilegal\/\">travail ill\u00e9gal<\/a><\/h4>\n\t\t\t\t\t<div class=\"sc_services_item_description\">\n\t\t\t\t\t\t<p>Si vous avez l&#039;intention de porter plainte contre ceux qui ont recrut\u00e9 ou recrut\u00e9 dans le but d&#039;introduire des citoyens \u00e9trangers sur le march\u00e9 du travail, ne...<\/p>\t\t\t\t\t<\/div>\n\t\t\t\t<\/div>\n\t\t\t<\/div>\n\t\t<\/div><\/div><div class=\"swiper-slide\" data-style=\"width:100%;\" style=\"width:100%;\"><div class=\"sc_services_item_wrap\">\t\t\t<div id=\"sc_services_22020716_5\"\t\t\t\tclass=\"sc_services_item sc_services_item_5 odd\"\n\t\t\t\t>\n\t\t\t\t<a href=\"https:\/\/sic.gov.ao\/fr\/services\/violencia-domestica\/\"><span class=\"sc_icon icon-user\"><\/span><\/a>\t\t\t\t<div class=\"sc_services_item_content\">\n\t\t\t\t\t<h4 class=\"sc_services_item_title\"><a href=\"https:\/\/sic.gov.ao\/fr\/services\/violencia-domestica\/\">Violence domestique<\/a><\/h4>\n\t\t\t\t\t<div class=\"sc_services_item_description\">\n\t\t\t\t\t\t<p>Si vous souhaitez signaler une situation ou une personne qui a inflig\u00e9 des violences physiques ou psychologiques, notamment des ch\u00e2timents corporels, des privations de libert\u00e9...<\/p>\t\t\t\t\t<\/div>\n\t\t\t\t<\/div>\n\t\t\t<\/div>\n\t\t<\/div><\/div><div class=\"swiper-slide\" data-style=\"width:100%;\" style=\"width:100%;\"><div class=\"sc_services_item_wrap\">\t\t\t<div id=\"sc_services_22020716_6\"\t\t\t\tclass=\"sc_services_item sc_services_item_6 even\"\n\t\t\t\t>\n\t\t\t\t<a href=\"https:\/\/sic.gov.ao\/fr\/services\/burladetrabalho\/\"><span class=\"sc_icon icon-tools\"><\/span><\/a>\t\t\t\t<div class=\"sc_services_item_content\">\n\t\t\t\t\t<h4 class=\"sc_services_item_title\"><a href=\"https:\/\/sic.gov.ao\/fr\/services\/burladetrabalho\/\">arnaque au travail ou \u00e0 l&#039;emploi<\/a><\/h4>\n\t\t\t\t\t<div class=\"sc_services_item_description\">\n\t\t\t\t\t\t<p>Si vous avez l&#039;intention de porter plainte contre quiconque veut s&#039;enrichir en causant du tort \u00e0 autrui, par s\u00e9duction ou promesse frauduleuse de travail...<\/p>\t\t\t\t\t<\/div>\n\t\t\t\t<\/div>\n\t\t\t<\/div>\n\t\t<\/div><\/div><div class=\"swiper-slide\" data-style=\"width:100%;\" style=\"width:100%;\"><div class=\"sc_services_item_wrap\">\t\t\t<div id=\"sc_services_22020716_7\"\t\t\t\tclass=\"sc_services_item sc_services_item_7 odd\"\n\t\t\t\t>\n\t\t\t\t<a href=\"https:\/\/sic.gov.ao\/fr\/services\/maus-tratos\/\"><span class=\"sc_icon icon-attention\"><\/span><\/a>\t\t\t\t<div class=\"sc_services_item_content\">\n\t\t\t\t\t<h4 class=\"sc_services_item_title\"><a href=\"https:\/\/sic.gov.ao\/fr\/services\/maus-tratos\/\">Maltraitance<\/a><\/h4>\n\t\t\t\t\t<div class=\"sc_services_item_description\">\n\t\t\t\t\t\t<p>Si vous avez l&#039;intention de porter plainte contre quelqu&#039;un qui a forc\u00e9 une autre personne, par la violence ou la menace, ce qui entra\u00eene pour lui ou pour autrui...<\/p>\t\t\t\t\t<\/div>\n\t\t\t\t<\/div>\n\t\t\t<\/div>\n\t\t<\/div><\/div><div class=\"swiper-slide\" data-style=\"width:100%;\" style=\"width:100%;\"><div class=\"sc_services_item_wrap\">\t\t\t<div id=\"sc_services_22020716_8\"\t\t\t\tclass=\"sc_services_item sc_services_item_8 even\"\n\t\t\t\t>\n\t\t\t\t<a href=\"https:\/\/sic.gov.ao\/fr\/services\/poluicao\/\"><span class=\"sc_icon icon-fire5\"><\/span><\/a>\t\t\t\t<div class=\"sc_services_item_content\">\n\t\t\t\t\t<h4 class=\"sc_services_item_title\"><a href=\"https:\/\/sic.gov.ao\/fr\/services\/poluicao\/\">la pollution<\/a><\/h4>\n\t\t\t\t\t<div class=\"sc_services_item_description\">\n\t\t\t\t\t\t<p>Si vous souhaitez d\u00e9noncer quelqu&#039;un qui commet des actes qui ne tiennent pas compte des dispositions l\u00e9gales et r\u00e9glementaires impos\u00e9es par l&#039;autorit\u00e9 comp\u00e9tente...<\/p>\t\t\t\t\t<\/div>\n\t\t\t\t<\/div>\n\t\t\t<\/div>\n\t\t<\/div><\/div><div class=\"swiper-slide\" data-style=\"width:100%;\" style=\"width:100%;\"><div class=\"sc_services_item_wrap\">\t\t\t<div id=\"sc_services_22020716_9\"\t\t\t\tclass=\"sc_services_item sc_services_item_9 odd\"\n\t\t\t\t>\n\t\t\t\t<a href=\"https:\/\/sic.gov.ao\/fr\/services\/trafico-de-pessoas\/\"><span class=\"sc_icon icon-users\"><\/span><\/a>\t\t\t\t<div class=\"sc_services_item_content\">\n\t\t\t\t\t<h4 class=\"sc_services_item_title\"><a href=\"https:\/\/sic.gov.ao\/fr\/services\/trafico-de-pessoas\/\">traite des \u00eatres humains<\/a><\/h4>\n\t\t\t\t\t<div class=\"sc_services_item_description\">\n\t\t\t\t\t\t<p>Si vous avez l&#039;intention de porter plainte contre ceux qui ont offert, livr\u00e9, recrut\u00e9, s\u00e9duit, accept\u00e9, transport\u00e9, h\u00e9berg\u00e9 ou accueilli une personne dans le but de...<\/p>\t\t\t\t\t<\/div>\n\t\t\t\t<\/div>\n\t\t\t<\/div>\n\t\t<\/div><\/div><div class=\"swiper-slide\" data-style=\"width:100%;\" style=\"width:100%;\"><div class=\"sc_services_item_wrap\">\t\t\t<div id=\"sc_services_22020716_10\"\t\t\t\tclass=\"sc_services_item sc_services_item_10 even\"\n\t\t\t\t>\n\t\t\t\t<a href=\"https:\/\/sic.gov.ao\/fr\/services\/furto\/\"><span class=\"sc_icon icon-police-stick-arm\"><\/span><\/a>\t\t\t\t<div class=\"sc_services_item_content\">\n\t\t\t\t\t<h4 class=\"sc_services_item_title\"><a href=\"https:\/\/sic.gov.ao\/fr\/services\/furto\/\">Vol<\/a><\/h4>\n\t\t\t\t\t<div class=\"sc_services_item_description\">\n\t\t\t\t\t\t<p>Si vous voulez d\u00e9noncer quelqu&#039;un qui a ill\u00e9galement pris possession du bien d&#039;autrui (comme de l&#039;argent, des v\u00eatements...<\/p>\t\t\t\t\t<\/div>\n\t\t\t\t<\/div>\n\t\t\t<\/div>\n\t\t<\/div><\/div><div class=\"swiper-slide\" data-style=\"width:100%;\" style=\"width:100%;\"><div class=\"sc_services_item_wrap\">\t\t\t<div id=\"sc_services_22020716_11\"\t\t\t\tclass=\"sc_services_item sc_services_item_11 odd\"\n\t\t\t\t>\n\t\t\t\t<a href=\"https:\/\/sic.gov.ao\/fr\/services\/lenocinio\/\"><span class=\"sc_icon icon-book-open\"><\/span><\/a>\t\t\t\t<div class=\"sc_services_item_content\">\n\t\t\t\t\t<h4 class=\"sc_services_item_title\"><a href=\"https:\/\/sic.gov.ao\/fr\/services\/lenocinio\/\">prox\u00e9n\u00e9tisme<\/a><\/h4>\n\t\t\t\t\t<div class=\"sc_services_item_description\">\n\t\t\t\t\t\t<p>Si vous avez l&#039;intention de porter plainte contre quelqu&#039;un qui a favoris\u00e9, favoris\u00e9 ou facilit\u00e9 l&#039;exercice par une autre personne de la prostitution, \u00e0 titre professionnel ou avec...<\/p>\t\t\t\t\t<\/div>\n\t\t\t\t<\/div>\n\t\t\t<\/div>\n\t\t<\/div><\/div><div class=\"swiper-slide\" data-style=\"width:100%;\" style=\"width:100%;\"><div class=\"sc_services_item_wrap\">\t\t\t<div id=\"sc_services_22020716_12\"\t\t\t\tclass=\"sc_services_item sc_services_item_12 even\"\n\t\t\t\t>\n\t\t\t\t<a href=\"https:\/\/sic.gov.ao\/fr\/services\/extorsao\/\"><span class=\"sc_icon icon-female\"><\/span><\/a>\t\t\t\t<div class=\"sc_services_item_content\">\n\t\t\t\t\t<h4 class=\"sc_services_item_title\"><a href=\"https:\/\/sic.gov.ao\/fr\/services\/extorsao\/\">Extorsion<\/a><\/h4>\n\t\t\t\t\t<div class=\"sc_services_item_description\">\n\t\t\t\t\t\t<p>Si vous avez l&#039;intention de porter plainte contre quelqu&#039;un qui a forc\u00e9 une autre personne, par la violence ou la menace, ce qui entra\u00eene pour lui ou pour autrui...<\/p>\t\t\t\t\t<\/div>\n\t\t\t\t<\/div>\n\t\t\t<\/div>\n\t\t<\/div><\/div><div class=\"swiper-slide\" data-style=\"width:100%;\" style=\"width:100%;\"><div class=\"sc_services_item_wrap\">\t\t\t<div id=\"sc_services_22020716_13\"\t\t\t\tclass=\"sc_services_item sc_services_item_13 odd\"\n\t\t\t\t>\n\t\t\t\t<a href=\"https:\/\/sic.gov.ao\/fr\/services\/outro\/\"><span class=\"sc_icon icon-retweet\"><\/span><\/a>\t\t\t\t<div class=\"sc_services_item_content\">\n\t\t\t\t\t<h4 class=\"sc_services_item_title\"><a href=\"https:\/\/sic.gov.ao\/fr\/services\/outro\/\">Autre<\/a><\/h4>\n\t\t\t\t\t<div class=\"sc_services_item_description\">\n\t\t\t\t\t\t<p>Si vous souhaitez d\u00e9poser une plainte qui ne figure pas ci-dessus.<\/p>\t\t\t\t\t<\/div>\n\t\t\t\t<\/div>\n\t\t\t<\/div>\n\t\t<\/div><\/div><\/div><div class=\"sc_slider_controls_wrap\"><a class=\"sc_slider_prev\" href=\"#\"><\/a><a class=\"sc_slider_next\" href=\"#\"><\/a><\/div><div class=\"sc_slider_pagination_wrap\"><\/div><\/div><\/div><!-- \/.sc_services --><\/div><!-- \/.sc_services_wrap --><\/div><\/div><\/div><\/div><div class=\"vc_row wpb_row vc_row-fluid\"><div class=\"wpb_column vc_column_container vc_col-sm-12\"><div class=\"vc_column-inner\"><div class=\"wpb_wrapper\"><div class=\"vc_message_box vc_message_box-standard vc_message_box-rounded vc_color-warning\" ><div class=\"vc_message_box-icon\"><i class=\"fas fa-info-circle\"><\/i><\/div><p><b>Le d\u00e9p\u00f4t d&#039;une plainte ou d&#039;une d\u00e9nonciation est puni par la loi. <\/b><b>Les donn\u00e9es saisies seront trait\u00e9es dans des conditions s\u00e9curis\u00e9es, garantissant leur totale confidentialit\u00e9. Veuillez consulter notre <\/b><a href=\"https:\/\/sic.gov.ao\/fr\/politica-de-privacidade\/\"><b>Politique de confidentialit\u00e9<\/b><\/a><b>.<\/b><\/p>\n<\/div><\/div><\/div><\/div><\/div><div class=\"vc_row wpb_row vc_row-fluid\"><div class=\"wpb_column vc_column_container vc_col-sm-12\"><div class=\"vc_column-inner\"><div class=\"wpb_wrapper\"><div id=\"sc_testimonials_1904391635\" class=\"sc_testimonials sc_testimonials_style_testimonials-1  margin_top_small margin_bottom_small\" style=\"width:100%;\"><h3 class=\"sc_testimonials_title sc_item_title\">les t\u00e9moins<\/h3><div class=\"sc_slider_swiper swiper-slider-container sc_slider_nopagination sc_slider_controls sc_slider_controls_side sc_slider_height_auto\" data-interval=\"6208\" data-slides-min-width=\"250\"><div class=\"slides swiper-wrapper\"><div class=\"swiper-slide\" data-style=\"width:100%;\" style=\"width:100%;\">\t\t\t<div id=\"sc_testimonials_1904391635_1\" class=\"sc_testimonial_item\">\n\t\t\t\t<div class=\"sc_testimonial_content\"><p>Merci SIC, j&#039;ai r\u00e9ussi \u00e0 d\u00e9poser une plainte et elle a \u00e9t\u00e9 r\u00e9solue !<\/p>\n<\/div>\n\t\t\t\t\t\t\t\t<div class=\"sc_testimonial_avatar\"><\/div>\n\t\t\t\t<div class=\"sc_testimonial_author\"><span class=\"sc_testimonial_author_name\">Marc Matthieu<\/span><span class=\"sc_testimonial_author_position\">Luanda<\/span><\/div>\n\t\t\t\t\t\t\t\t\t\t\t<\/div>\n\t\t<\/div><div class=\"swiper-slide\" data-style=\"width:100%;\" style=\"width:100%;\">\t\t\t<div id=\"sc_testimonials_1904391635_2\" class=\"sc_testimonial_item\">\n\t\t\t\t<div class=\"sc_testimonial_content\"><p>Merci SIC, j&#039;ai r\u00e9ussi \u00e0 d\u00e9poser une plainte et elle a \u00e9t\u00e9 r\u00e9solue !<\/p>\n<\/div>\n\t\t\t\t\t\t\t\t<div class=\"sc_testimonial_avatar\"><\/div>\n\t\t\t\t<div class=\"sc_testimonial_author\"><span class=\"sc_testimonial_author_name\">Antonio Silva<\/span><\/div>\n\t\t\t\t\t\t\t\t\t\t\t<\/div>\n\t\t<\/div><div class=\"swiper-slide\" data-style=\"width:100%;\" style=\"width:100%;\">\t\t\t<div id=\"sc_testimonials_1904391635_3\" class=\"sc_testimonial_item\">\n\t\t\t\t<div class=\"sc_testimonial_content\"><p>Merci SIC, j&#039;ai r\u00e9ussi \u00e0 d\u00e9poser une plainte et elle a \u00e9t\u00e9 r\u00e9solue !<\/p>\n<\/div>\n\t\t\t\t\t\t\t\t<div class=\"sc_testimonial_avatar\"><\/div>\n\t\t\t\t<div class=\"sc_testimonial_author\"><span class=\"sc_testimonial_author_name\">C\u00e9lia Augusto<\/span><\/div>\n\t\t\t\t\t\t\t\t\t\t\t<\/div>\n\t\t<\/div><\/div><div class=\"sc_slider_controls_wrap\"><a class=\"sc_slider_prev\" href=\"#\"><\/a><a class=\"sc_slider_next\" href=\"#\"><\/a><\/div><div class=\"sc_slider_pagination_wrap\"><\/div><\/div><\/div><\/div><\/div><\/div><\/div>\n<\/div>"},"excerpt":{"rendered":"R\u00e9clamation \u00e9lectroniqueChoisissez le type de r\u00e9clamation Dommages Si vous souhaitez signaler un acte intentionnel de destruction totale ou partielle, d\u00e9t\u00e9rioration, d\u00e9figuration ou destruction du bien d&#039;autrui, tel que... Aide \u00e0 l&#039;immigration [...]"},"author":990003,"featured_media":0,"parent":0,"menu_order":0,"comment_status":"closed","ping_status":"closed","template":"","meta":{"inline_featured_image":false,"_monsterinsights_skip_tracking":false,"_monsterinsights_sitenote_active":false,"_monsterinsights_sitenote_note":"","_monsterinsights_sitenote_category":0,"footnotes":""},"class_list":["post-194","page","type-page","status-publish","hentry"],"yoast_head":"<!-- This site is optimized with the Yoast SEO plugin v25.3 - https:\/\/yoast.com\/wordpress\/plugins\/seo\/ -->\n<title>Queixa Electr\u00f3nica - SIC - Servi\u00e7o de Investiga\u00e7\u00e3o Criminal Angola<\/title>\n<meta name=\"description\" content=\"Portal do Sic - Servi\u00e7o de Investiga\u00e7\u00e3o Criminal Angola. Fa\u00e7a a sua queixa electr\u00f3nica \/ den\u00fancia an\u00f3nima totalmente gr\u00e1tis.\" \/>\n<meta name=\"robots\" content=\"index, follow, max-snippet:-1, max-image-preview:large, max-video-preview:-1\" \/>\n<link rel=\"canonical\" href=\"https:\/\/sic.gov.ao\/fr\/apresentar-queixa\/\" \/>\n<meta property=\"og:locale\" content=\"fr_FR\" \/>\n<meta property=\"og:type\" content=\"article\" \/>\n<meta property=\"og:title\" content=\"Queixa Electr\u00f3nica - SIC - Servi\u00e7o de Investiga\u00e7\u00e3o Criminal Angola\" \/>\n<meta property=\"og:description\" content=\"Portal do Sic - Servi\u00e7o de Investiga\u00e7\u00e3o Criminal Angola. Fa\u00e7a a sua queixa electr\u00f3nica \/ den\u00fancia an\u00f3nima totalmente gr\u00e1tis.\" \/>\n<meta property=\"og:url\" content=\"https:\/\/sic.gov.ao\/fr\/apresentar-queixa\/\" \/>\n<meta property=\"og:site_name\" content=\"SIC - Servi\u00e7o de Investiga\u00e7\u00e3o Criminal Angola\" \/>\n<meta property=\"article:modified_time\" content=\"2020-10-28T12:50:32+00:00\" \/>\n<meta property=\"og:image\" content=\"https:\/\/sic.gov.ao\/wp-content\/uploads\/2020\/05\/Sem-t\u00edtulo-1.png\" \/>\n\t<meta property=\"og:image:width\" content=\"2115\" \/>\n\t<meta property=\"og:image:height\" content=\"2115\" \/>\n\t<meta property=\"og:image:type\" content=\"image\/png\" \/>\n<meta name=\"twitter:card\" content=\"summary_large_image\" \/>\n<meta name=\"twitter:label1\" content=\"Dur\u00e9e de lecture estim\u00e9e\" \/>\n\t<meta name=\"twitter:data1\" content=\"1 minute\" \/>\n<script type=\"application\/ld+json\" class=\"yoast-schema-graph\">{\"@context\":\"https:\/\/schema.org\",\"@graph\":[{\"@type\":\"WebPage\",\"@id\":\"https:\/\/sic.gov.ao\/fr\/apresentar-queixa\/\",\"url\":\"https:\/\/sic.gov.ao\/fr\/apresentar-queixa\/\",\"name\":\"Queixa Electr\u00f3nica - SIC - Servi\u00e7o de Investiga\u00e7\u00e3o Criminal Angola\",\"isPartOf\":{\"@id\":\"https:\/\/sic.gov.ao\/#website\"},\"datePublished\":\"2016-05-06T09:02:03+00:00\",\"dateModified\":\"2020-10-28T12:50:32+00:00\",\"description\":\"Portal do Sic - Servi\u00e7o de Investiga\u00e7\u00e3o Criminal Angola. Fa\u00e7a a sua queixa electr\u00f3nica \/ den\u00fancia an\u00f3nima totalmente gr\u00e1tis.\",\"breadcrumb\":{\"@id\":\"https:\/\/sic.gov.ao\/fr\/apresentar-queixa\/#breadcrumb\"},\"inLanguage\":\"fr-FR\",\"potentialAction\":[{\"@type\":\"ReadAction\",\"target\":[\"https:\/\/sic.gov.ao\/fr\/apresentar-queixa\/\"]}]},{\"@type\":\"BreadcrumbList\",\"@id\":\"https:\/\/sic.gov.ao\/fr\/apresentar-queixa\/#breadcrumb\",\"itemListElement\":[{\"@type\":\"ListItem\",\"position\":1,\"name\":\"Home\",\"item\":\"https:\/\/sic.gov.ao\/\"},{\"@type\":\"ListItem\",\"position\":2,\"name\":\"Queixa Electr\u00f3nica\"}]},{\"@type\":\"WebSite\",\"@id\":\"https:\/\/sic.gov.ao\/#website\",\"url\":\"https:\/\/sic.gov.ao\/\",\"name\":\"SIC - Servi\u00e7o de Investiga\u00e7\u00e3o Criminal Angola\",\"description\":\"\",\"potentialAction\":[{\"@type\":\"SearchAction\",\"target\":{\"@type\":\"EntryPoint\",\"urlTemplate\":\"https:\/\/sic.gov.ao\/?s={search_term_string}\"},\"query-input\":{\"@type\":\"PropertyValueSpecification\",\"valueRequired\":true,\"valueName\":\"search_term_string\"}}],\"inLanguage\":\"fr-FR\"}]}<\/script>\n<!-- \/ Yoast SEO plugin. -->","yoast_head_json":{"title":"Queixa Electr\u00f3nica - SIC - Servi\u00e7o de Investiga\u00e7\u00e3o Criminal Angola","description":"Portal do Sic - Servi\u00e7o de Investiga\u00e7\u00e3o Criminal Angola. Fa\u00e7a a sua queixa electr\u00f3nica \/ den\u00fancia an\u00f3nima totalmente gr\u00e1tis.","robots":{"index":"index","follow":"follow","max-snippet":"max-snippet:-1","max-image-preview":"max-image-preview:large","max-video-preview":"max-video-preview:-1"},"canonical":"https:\/\/sic.gov.ao\/fr\/apresentar-queixa\/","og_locale":"fr_FR","og_type":"article","og_title":"Queixa Electr\u00f3nica - SIC - Servi\u00e7o de Investiga\u00e7\u00e3o Criminal Angola","og_description":"Portal do Sic - Servi\u00e7o de Investiga\u00e7\u00e3o Criminal Angola. Fa\u00e7a a sua queixa electr\u00f3nica \/ den\u00fancia an\u00f3nima totalmente gr\u00e1tis.","og_url":"https:\/\/sic.gov.ao\/fr\/apresentar-queixa\/","og_site_name":"SIC - Servi\u00e7o de Investiga\u00e7\u00e3o Criminal Angola","article_modified_time":"2020-10-28T12:50:32+00:00","og_image":[{"width":2115,"height":2115,"url":"https:\/\/sic.gov.ao\/wp-content\/uploads\/2020\/05\/Sem-t\u00edtulo-1.png","type":"image\/png"}],"twitter_card":"summary_large_image","twitter_misc":{"Dur\u00e9e de lecture estim\u00e9e":"1 minute"},"schema":{"@context":"https:\/\/schema.org","@graph":[{"@type":"WebPage","@id":"https:\/\/sic.gov.ao\/fr\/apresentar-queixa\/","url":"https:\/\/sic.gov.ao\/fr\/apresentar-queixa\/","name":"Queixa Electr\u00f3nica - SIC - Servi\u00e7o de Investiga\u00e7\u00e3o Criminal Angola","isPartOf":{"@id":"https:\/\/sic.gov.ao\/#website"},"datePublished":"2016-05-06T09:02:03+00:00","dateModified":"2020-10-28T12:50:32+00:00","description":"Portal do Sic - Servi\u00e7o de Investiga\u00e7\u00e3o Criminal Angola. Fa\u00e7a a sua queixa electr\u00f3nica \/ den\u00fancia an\u00f3nima totalmente gr\u00e1tis.","breadcrumb":{"@id":"https:\/\/sic.gov.ao\/fr\/apresentar-queixa\/#breadcrumb"},"inLanguage":"fr-FR","potentialAction":[{"@type":"ReadAction","target":["https:\/\/sic.gov.ao\/fr\/apresentar-queixa\/"]}]},{"@type":"BreadcrumbList","@id":"https:\/\/sic.gov.ao\/fr\/apresentar-queixa\/#breadcrumb","itemListElement":[{"@type":"ListItem","position":1,"name":"Home","item":"https:\/\/sic.gov.ao\/"},{"@type":"ListItem","position":2,"name":"Queixa Electr\u00f3nica"}]},{"@type":"WebSite","@id":"https:\/\/sic.gov.ao\/#website","url":"https:\/\/sic.gov.ao\/","name":"SIC - Service d&#039;Investigation Criminelle de l&#039;Angola","description":"","potentialAction":[{"@type":"SearchAction","target":{"@type":"EntryPoint","urlTemplate":"https:\/\/sic.gov.ao\/?s={search_term_string}"},"query-input":{"@type":"PropertyValueSpecification","valueRequired":true,"valueName":"search_term_string"}}],"inLanguage":"fr-FR"}]}},"_links":{"self":[{"href":"https:\/\/sic.gov.ao\/fr\/wp-json\/wp\/v2\/pages\/194"}],"collection":[{"href":"https:\/\/sic.gov.ao\/fr\/wp-json\/wp\/v2\/pages"}],"about":[{"href":"https:\/\/sic.gov.ao\/fr\/wp-json\/wp\/v2\/types\/page"}],"author":[{"embeddable":true,"href":"https:\/\/sic.gov.ao\/fr\/wp-json\/wp\/v2\/users\/990003"}],"replies":[{"embeddable":true,"href":"https:\/\/sic.gov.ao\/fr\/wp-json\/wp\/v2\/comments?post=194"}],"version-history":[{"count":15,"href":"https:\/\/sic.gov.ao\/fr\/wp-json\/wp\/v2\/pages\/194\/revisions"}],"predecessor-version":[{"id":2595,"href":"https:\/\/sic.gov.ao\/fr\/wp-json\/wp\/v2\/pages\/194\/revisions\/2595"}],"wp:attachment":[{"href":"https:\/\/sic.gov.ao\/fr\/wp-json\/wp\/v2\/media?parent=194"}],"curies":[{"name":"wp","href":"https:\/\/api.w.org\/{rel}","templated":true}]}}