{"id":1394,"date":"2020-05-14T11:07:29","date_gmt":"2020-05-14T10:07:29","guid":{"rendered":"https:\/\/sic.gov.ao\/?page_id=1394"},"modified":"2020-06-25T12:03:57","modified_gmt":"2020-06-25T11:03:57","slug":"politica-de-privacidade","status":"publish","type":"page","link":"https:\/\/sic.gov.ao\/fr\/politica-de-privacidade\/","title":{"rendered":"Politique de confidentialit\u00e9"},"content":{"rendered":"<div class=\"wpb-content-wrapper\"><div class=\"vc_row wpb_row vc_row-fluid vc_custom_1590138204010 vc_row-has-fill\"><div class=\"wpb_column vc_column_container vc_col-sm-12\"><div class=\"vc_column-inner\"><div class=\"wpb_wrapper\">\n\t<div class=\"wpb_text_column wpb_content_element\" >\n\t\t<div class=\"wpb_wrapper\">\n\t\t\t<div class=\"fusion-text\">\n<h5><b>donn\u00e9es personnelles<\/b><\/h5>\n<\/div>\n<div class=\"fusion-text\">\n<p><span style=\"font-weight: 400;\">Lors de l&#039;utilisation de notre site Internet, il peut vous \u00eatre demand\u00e9 des donn\u00e9es relatives \u00e0 votre identification, telles que votre : nom, num\u00e9ro de t\u00e9l\u00e9phone et adresse e-mail. Cependant, nous soulignons que vous avez toujours la possibilit\u00e9 de ne pas fournir ces donn\u00e9es et de visiter notre site Web de mani\u00e8re anonyme.<\/span><\/p>\n<\/div>\n<div class=\"fusion-text\">\n<h5><b>Vos donn\u00e9es personnelles sont-elles en s\u00e9curit\u00e9 ?<\/b><\/h5>\n<\/div>\n<div class=\"fusion-text\">\n<p><span style=\"font-weight: 400;\">Le Service des enqu\u00eates criminelles (SIC) prend plusieurs mesures afin de prot\u00e9ger vos informations personnelles lors de la saisie ou de la soumission de vos donn\u00e9es personnelles.<\/span><\/p>\n<p><span style=\"font-weight: 400;\">Toutes les informations confidentielles sont transmises via la technologie Secure Socket Layer (SSL) puis crypt\u00e9es. Il est garanti que seules les personnes d\u00fbment autoris\u00e9es ont acc\u00e8s \u00e0 vos informations confidentielles, qui sont oblig\u00e9es de les garder confidentielles.<\/span><\/p>\n<\/div>\n<div class=\"fusion-text\">\n<h5><b>Quel est le but de l&#039;utilisation des donn\u00e9es personnelles ?<\/b><\/h5>\n<\/div>\n<div class=\"fusion-text\">\n<p><span style=\"font-weight: 400;\">Pour que votre exp\u00e9rience sur notre site soit sp\u00e9cifique et personnalis\u00e9e en fonction de vos pr\u00e9f\u00e9rences et besoins.<\/span><\/p>\n<ul>\n<li style=\"font-weight: 400;\"><span style=\"font-weight: 400;\">Pour optimiser notre site Web.<\/span><\/li>\n<li style=\"font-weight: 400;\"><span style=\"font-weight: 400;\">Afin que nous puissions servir le client de la mani\u00e8re la plus appropri\u00e9e et conforme \u00e0 ses attentes.<\/span><\/li>\n<li style=\"font-weight: 400;\"><span style=\"font-weight: 400;\">Pour envoyer des e-mails p\u00e9riodiques.<\/span><\/li>\n<li style=\"font-weight: 400;\"><span style=\"font-weight: 400;\">Pour g\u00e9rer des sondages ou d&#039;autres fonctionnalit\u00e9s du site Web.<\/span><\/li>\n<li style=\"font-weight: 400;\"><span style=\"font-weight: 400;\">Pouvons-nous transmettre vos donn\u00e9es personnelles \u00e0 des tiers ?<\/span><\/li>\n<\/ul>\n<p><span style=\"font-weight: 400;\">Le Service des enqu\u00eates criminelles peut faire appel \u00e0 des tiers pour fournir des services, ce qui peut n\u00e9cessiter l&#039;acc\u00e8s de ces tiers \u00e0 des donn\u00e9es personnelles. Nous vous assurons que ces tiers se conforment aux exigences l\u00e9gales.<\/span><\/p>\n<\/div>\n<div class=\"fusion-text\">\n<h5><b>Utilisons-nous des cookies ?<\/b><\/h5>\n<\/div>\n<div class=\"fusion-text\">\n<p><span style=\"font-weight: 400;\">Oui, afin que nous puissions vous offrir l&#039;exp\u00e9rience la plus personnalis\u00e9e et la plus appropri\u00e9e sur notre site Web.<\/span><\/p>\n<p><span style=\"font-weight: 400;\">Les cookies sont de petits fichiers informatiques qui vous permettent d&#039;identifier votre dispositif d&#039;acc\u00e8s \u00e0 Internet, qui peuvent contenir des informations personnelles et visent \u00e0 am\u00e9liorer votre utilisation du site et du site lui-m\u00eame. Celles-ci ne peuvent \u00eatre effectu\u00e9es qu&#039;avec votre autorisation.<\/span><\/p>\n<\/div>\n<div class=\"fusion-text\">\n<h5><b>Liens de tiers<\/b><\/h5>\n<\/div>\n<div class=\"fusion-text\">\n<p><span style=\"font-weight: 400;\">Des services ou des produits tiers peuvent occasionnellement \u00eatre inclus ou propos\u00e9s sur notre site Web. Ceux-ci ont mis en place des politiques de confidentialit\u00e9 ind\u00e9pendantes de celles du service d&#039;enqu\u00eate criminelle, et nous n&#039;assumons aucune responsabilit\u00e9 pour le contenu et l&#039;activit\u00e9 de ces sites Web tiers. Cependant, si vous avez des informations concernant ces sites Web, nous vous invitons \u00e0 les partager avec nous afin que nous puissions am\u00e9liorer et maintenir l&#039;int\u00e9grit\u00e9 de notre site Web.<\/span><\/p>\n<\/div>\n<div class=\"fusion-text\">\n<h5><b>Politique de confidentialit\u00e9 appliqu\u00e9e en ligne uniquement<\/b><\/h5>\n<\/div>\n<div class=\"fusion-text\">\n<p>Cette politique de confidentialit\u00e9 en ligne s&#039;applique uniquement \u00e0 la collecte d&#039;informations relatives \u00e0 notre site Web et ne s&#039;applique pas aux informations collect\u00e9es hors ligne.<\/p>\n<\/div>\n<div class=\"fusion-text\">\n<h5><b>votre consentement<\/b><\/h5>\n<\/div>\n<div class=\"fusion-text\">\n<p>En utilisant notre site Web, vous acceptez notre politique de confidentialit\u00e9.<\/p>\n<\/div>\n<div class=\"fusion-text\">\n<h5><b>Modifications de notre politique de confidentialit\u00e9<\/b><\/h5>\n<\/div>\n<div class=\"fusion-text\">\n<p>Si nous d\u00e9cidons de modifier notre politique de confidentialit\u00e9, nous publierons ces modifications sur cette page.<\/p>\n<\/div>\n\n\t\t<\/div>\n\t<\/div>\n<\/div><\/div><\/div><\/div>\n<\/div>"},"excerpt":{"rendered":"Donn\u00e9es personnelles Lors de l&#039;utilisation de notre site Internet, il peut vous \u00eatre demand\u00e9 des donn\u00e9es relatives \u00e0 votre identification, telles que votre : nom, num\u00e9ro de t\u00e9l\u00e9phone et adresse e-mail. Cependant, nous soulignons qu&#039;il a [...]"},"author":2,"featured_media":0,"parent":0,"menu_order":0,"comment_status":"closed","ping_status":"closed","template":"","meta":{"inline_featured_image":false,"_monsterinsights_skip_tracking":false,"_monsterinsights_sitenote_active":false,"_monsterinsights_sitenote_note":"","_monsterinsights_sitenote_category":0,"footnotes":""},"class_list":["post-1394","page","type-page","status-publish","hentry"],"yoast_head":"<!-- This site is optimized with the Yoast SEO plugin v25.3 - https:\/\/yoast.com\/wordpress\/plugins\/seo\/ -->\n<title>Pol\u00edtica de Privacidade - SIC - Servi\u00e7o de Investiga\u00e7\u00e3o Criminal Angola<\/title>\n<meta name=\"description\" content=\"Portal do Sic - Servi\u00e7o de Investiga\u00e7\u00e3o Criminal Angola. Fa\u00e7a a sua queixa electr\u00f3nica \/ den\u00fancia an\u00f3nima totalmente gr\u00e1tis.\" \/>\n<meta name=\"robots\" content=\"index, follow, max-snippet:-1, max-image-preview:large, max-video-preview:-1\" \/>\n<link rel=\"canonical\" href=\"https:\/\/sic.gov.ao\/fr\/politica-de-privacidade\/\" \/>\n<meta property=\"og:locale\" content=\"fr_FR\" \/>\n<meta property=\"og:type\" content=\"article\" \/>\n<meta property=\"og:title\" content=\"Pol\u00edtica de Privacidade - SIC - Servi\u00e7o de Investiga\u00e7\u00e3o Criminal Angola\" \/>\n<meta property=\"og:description\" content=\"Portal do Sic - Servi\u00e7o de Investiga\u00e7\u00e3o Criminal Angola. Fa\u00e7a a sua queixa electr\u00f3nica \/ den\u00fancia an\u00f3nima totalmente gr\u00e1tis.\" \/>\n<meta property=\"og:url\" content=\"https:\/\/sic.gov.ao\/fr\/politica-de-privacidade\/\" \/>\n<meta property=\"og:site_name\" content=\"SIC - Servi\u00e7o de Investiga\u00e7\u00e3o Criminal Angola\" \/>\n<meta property=\"article:modified_time\" content=\"2020-06-25T11:03:57+00:00\" \/>\n<meta property=\"og:image\" content=\"https:\/\/sic.gov.ao\/wp-content\/uploads\/2020\/05\/Sem-t\u00edtulo-1.png\" \/>\n\t<meta property=\"og:image:width\" content=\"2115\" \/>\n\t<meta property=\"og:image:height\" content=\"2115\" \/>\n\t<meta property=\"og:image:type\" content=\"image\/png\" \/>\n<meta name=\"twitter:card\" content=\"summary_large_image\" \/>\n<meta name=\"twitter:label1\" content=\"Dur\u00e9e de lecture estim\u00e9e\" \/>\n\t<meta name=\"twitter:data1\" content=\"2 minutes\" \/>\n<script type=\"application\/ld+json\" class=\"yoast-schema-graph\">{\"@context\":\"https:\/\/schema.org\",\"@graph\":[{\"@type\":\"WebPage\",\"@id\":\"https:\/\/sic.gov.ao\/fr\/politica-de-privacidade\/\",\"url\":\"https:\/\/sic.gov.ao\/fr\/politica-de-privacidade\/\",\"name\":\"Pol\u00edtica de Privacidade - SIC - Servi\u00e7o de Investiga\u00e7\u00e3o Criminal Angola\",\"isPartOf\":{\"@id\":\"https:\/\/sic.gov.ao\/#website\"},\"datePublished\":\"2020-05-14T10:07:29+00:00\",\"dateModified\":\"2020-06-25T11:03:57+00:00\",\"description\":\"Portal do Sic - Servi\u00e7o de Investiga\u00e7\u00e3o Criminal Angola. Fa\u00e7a a sua queixa electr\u00f3nica \/ den\u00fancia an\u00f3nima totalmente gr\u00e1tis.\",\"breadcrumb\":{\"@id\":\"https:\/\/sic.gov.ao\/fr\/politica-de-privacidade\/#breadcrumb\"},\"inLanguage\":\"fr-FR\",\"potentialAction\":[{\"@type\":\"ReadAction\",\"target\":[\"https:\/\/sic.gov.ao\/fr\/politica-de-privacidade\/\"]}]},{\"@type\":\"BreadcrumbList\",\"@id\":\"https:\/\/sic.gov.ao\/fr\/politica-de-privacidade\/#breadcrumb\",\"itemListElement\":[{\"@type\":\"ListItem\",\"position\":1,\"name\":\"Home\",\"item\":\"https:\/\/sic.gov.ao\/\"},{\"@type\":\"ListItem\",\"position\":2,\"name\":\"Pol\u00edtica de Privacidade\"}]},{\"@type\":\"WebSite\",\"@id\":\"https:\/\/sic.gov.ao\/#website\",\"url\":\"https:\/\/sic.gov.ao\/\",\"name\":\"SIC - Servi\u00e7o de Investiga\u00e7\u00e3o Criminal Angola\",\"description\":\"\",\"potentialAction\":[{\"@type\":\"SearchAction\",\"target\":{\"@type\":\"EntryPoint\",\"urlTemplate\":\"https:\/\/sic.gov.ao\/?s={search_term_string}\"},\"query-input\":{\"@type\":\"PropertyValueSpecification\",\"valueRequired\":true,\"valueName\":\"search_term_string\"}}],\"inLanguage\":\"fr-FR\"}]}<\/script>\n<!-- \/ Yoast SEO plugin. -->","yoast_head_json":{"title":"Pol\u00edtica de Privacidade - SIC - Servi\u00e7o de Investiga\u00e7\u00e3o Criminal Angola","description":"Portal do Sic - Servi\u00e7o de Investiga\u00e7\u00e3o Criminal Angola. Fa\u00e7a a sua queixa electr\u00f3nica \/ den\u00fancia an\u00f3nima totalmente gr\u00e1tis.","robots":{"index":"index","follow":"follow","max-snippet":"max-snippet:-1","max-image-preview":"max-image-preview:large","max-video-preview":"max-video-preview:-1"},"canonical":"https:\/\/sic.gov.ao\/fr\/politica-de-privacidade\/","og_locale":"fr_FR","og_type":"article","og_title":"Pol\u00edtica de Privacidade - SIC - Servi\u00e7o de Investiga\u00e7\u00e3o Criminal Angola","og_description":"Portal do Sic - Servi\u00e7o de Investiga\u00e7\u00e3o Criminal Angola. Fa\u00e7a a sua queixa electr\u00f3nica \/ den\u00fancia an\u00f3nima totalmente gr\u00e1tis.","og_url":"https:\/\/sic.gov.ao\/fr\/politica-de-privacidade\/","og_site_name":"SIC - Servi\u00e7o de Investiga\u00e7\u00e3o Criminal Angola","article_modified_time":"2020-06-25T11:03:57+00:00","og_image":[{"width":2115,"height":2115,"url":"https:\/\/sic.gov.ao\/wp-content\/uploads\/2020\/05\/Sem-t\u00edtulo-1.png","type":"image\/png"}],"twitter_card":"summary_large_image","twitter_misc":{"Dur\u00e9e de lecture estim\u00e9e":"2 minutes"},"schema":{"@context":"https:\/\/schema.org","@graph":[{"@type":"WebPage","@id":"https:\/\/sic.gov.ao\/fr\/politica-de-privacidade\/","url":"https:\/\/sic.gov.ao\/fr\/politica-de-privacidade\/","name":"Pol\u00edtica de Privacidade - SIC - Servi\u00e7o de Investiga\u00e7\u00e3o Criminal Angola","isPartOf":{"@id":"https:\/\/sic.gov.ao\/#website"},"datePublished":"2020-05-14T10:07:29+00:00","dateModified":"2020-06-25T11:03:57+00:00","description":"Portal do Sic - Servi\u00e7o de Investiga\u00e7\u00e3o Criminal Angola. Fa\u00e7a a sua queixa electr\u00f3nica \/ den\u00fancia an\u00f3nima totalmente gr\u00e1tis.","breadcrumb":{"@id":"https:\/\/sic.gov.ao\/fr\/politica-de-privacidade\/#breadcrumb"},"inLanguage":"fr-FR","potentialAction":[{"@type":"ReadAction","target":["https:\/\/sic.gov.ao\/fr\/politica-de-privacidade\/"]}]},{"@type":"BreadcrumbList","@id":"https:\/\/sic.gov.ao\/fr\/politica-de-privacidade\/#breadcrumb","itemListElement":[{"@type":"ListItem","position":1,"name":"Home","item":"https:\/\/sic.gov.ao\/"},{"@type":"ListItem","position":2,"name":"Pol\u00edtica de Privacidade"}]},{"@type":"WebSite","@id":"https:\/\/sic.gov.ao\/#website","url":"https:\/\/sic.gov.ao\/","name":"SIC - Service d&#039;Investigation Criminelle de l&#039;Angola","description":"","potentialAction":[{"@type":"SearchAction","target":{"@type":"EntryPoint","urlTemplate":"https:\/\/sic.gov.ao\/?s={search_term_string}"},"query-input":{"@type":"PropertyValueSpecification","valueRequired":true,"valueName":"search_term_string"}}],"inLanguage":"fr-FR"}]}},"_links":{"self":[{"href":"https:\/\/sic.gov.ao\/fr\/wp-json\/wp\/v2\/pages\/1394"}],"collection":[{"href":"https:\/\/sic.gov.ao\/fr\/wp-json\/wp\/v2\/pages"}],"about":[{"href":"https:\/\/sic.gov.ao\/fr\/wp-json\/wp\/v2\/types\/page"}],"author":[{"embeddable":true,"href":"https:\/\/sic.gov.ao\/fr\/wp-json\/wp\/v2\/users\/2"}],"replies":[{"embeddable":true,"href":"https:\/\/sic.gov.ao\/fr\/wp-json\/wp\/v2\/comments?post=1394"}],"version-history":[{"count":10,"href":"https:\/\/sic.gov.ao\/fr\/wp-json\/wp\/v2\/pages\/1394\/revisions"}],"predecessor-version":[{"id":2064,"href":"https:\/\/sic.gov.ao\/fr\/wp-json\/wp\/v2\/pages\/1394\/revisions\/2064"}],"wp:attachment":[{"href":"https:\/\/sic.gov.ao\/fr\/wp-json\/wp\/v2\/media?parent=1394"}],"curies":[{"name":"wp","href":"https:\/\/api.w.org\/{rel}","templated":true}]}}