{"id":1306,"date":"2020-01-14T12:10:29","date_gmt":"2020-01-14T12:10:29","guid":{"rendered":"http:\/\/police.themerex.net\/?page_id=1306"},"modified":"2020-01-14T12:28:25","modified_gmt":"2020-01-14T12:28:25","slug":"service-plus","status":"publish","type":"page","link":"https:\/\/sic.gov.ao\/fr\/service-plus\/","title":{"rendered":"Service Plus"},"content":{"rendered":"<div class=\"wpb-content-wrapper\"><div class=\"vc_row wpb_row vc_row-fluid\"><div class=\"wpb_column vc_column_container vc_col-sm-12\"><div class=\"vc_column-inner\"><div class=\"wpb_wrapper\">\n\t<div class=\"wpb_text_column wpb_content_element\" >\n\t\t<div class=\"wpb_wrapper\">\n\t\t\t<h2>Dear Customers,<\/h2>\n<p>Our primary goal is developing a secure and customizable theme framework that meets the needs of the end user. Therefore, our customers are able to create websites using our templates as easy as 1-2-3! This process requires minimum knowledge of WordPress and coding, and extended documentation and our Support Team is always at your service. However, we ask you to keep in mind that sometimes issues occur not because of templates malfunction. There might be situations when it doesn&#8217;t depend on us and the framework. For example, server settings, some extra functional that requires deep file customization, or additional plugins usage. And of course, an attempt to build a website in a very short time.<\/p>\n<p>We know our theme framework perfectly and have a highly-professional team of developers. They will help you to develop the website you need. If you need website customization, contact our support system for further information: <a class=\"external-link\" href=\"https:\/\/themerex.net\/support\/\" rel=\"nofollow\">themerex.net\/support<\/a><\/p>\n\n\t\t<\/div>\n\t<\/div>\n<div class=\"vc_empty_space\"   style=\"height: 32px\"><span class=\"vc_empty_space_inner\"><\/span><\/div><\/div><\/div><\/div><\/div><div data-vc-full-width=\"true\" data-vc-full-width-init=\"false\" class=\"vc_row wpb_row vc_row-fluid\"><div class=\"wpb_column vc_column_container vc_col-sm-12\"><div class=\"vc_column-inner\"><div class=\"wpb_wrapper\"><h1 class=\"sc_title sc_title_regular sc_align_center\" style=\"text-align:center;\">Packages<\/h1><div class=\"vc_empty_space\"   style=\"height: 32px\"><span class=\"vc_empty_space_inner\"><\/span><\/div><div class=\"vc_row wpb_row vc_inner vc_row-fluid vc_column-gap-20 vc_row-o-equal-height vc_row-flex\"><div class=\"wpb_column vc_column_container vc_col-sm-4\"><div class=\"vc_column-inner\"><div class=\"wpb_wrapper\"><div class=\"sc_price_block sc_price_block_style_1\"><div class=\"sc_price_block_title\"><span>Installation + Logo change<\/span><\/div><div class=\"sc_price_block_money\"><div class=\"sc_price\"><span class=\"sc_price_currency\">$<\/span><span class=\"sc_price_money\">39.00<\/span><\/div><\/div><div class=\"sc_price_block_description\"><\/p>\n<ul>\n<li style=\"text-align: left;\">Template will be installed to your server to look like in our online demo. Access to Admin panel will be granted to you to manage your website.<\/li>\n<li style=\"text-align: left;\">We will replace the template\u2019s logo with yours on each page of the template. Customers should provide logos in good quality in .PSD, .EPS, .PNG, .JPG format. Logo width should be 300px and 600px.<\/li>\n<\/ul>\n<p><\/div><div class=\"sc_price_block_link\"><a href=\"https:\/\/themerex.net\/offers\/?utm_source=themedemo&utm_medium=offers&utm_campaign=demooffers\" class=\"sc_button sc_button_square sc_button_style_border sc_button_size_small sc_popup_link\">Submit a request<\/a><\/div><\/div><\/div><\/div><\/div><div class=\"wpb_column vc_column_container vc_col-sm-4\"><div class=\"vc_column-inner\"><div class=\"wpb_wrapper\"><div class=\"sc_price_block sc_price_block_style_1\"><div class=\"sc_price_block_title\"><span>WP plugins installation<\/span><\/div><div class=\"sc_price_block_money\"><div class=\"sc_price\"><span class=\"sc_price_currency\">$<\/span><span class=\"sc_price_money\">60.00<\/span><\/div><\/div><div class=\"sc_price_block_description\"><\/p>\n<ul>\n<li style=\"text-align: left;\">Security plugin<\/li>\n<li style=\"text-align: left;\">Seo plugin<\/li>\n<li style=\"text-align: left;\">Cache plugin. It will help to optimize the speed of your website<\/li>\n<li style=\"text-align: left;\">Installation service is not included in this pack<\/li>\n<\/ul>\n<p><\/div><div class=\"sc_price_block_link\"><a href=\"https:\/\/themerex.net\/offers\/?utm_source=themedemo&utm_medium=offers&utm_campaign=demooffers\" class=\"sc_button sc_button_square sc_button_style_border sc_button_size_small sc_popup_link\">Submit a request<\/a><\/div><\/div><\/div><\/div><\/div><div class=\"wpb_column vc_column_container vc_col-sm-4\"><div class=\"vc_column-inner\"><div class=\"wpb_wrapper\"><div class=\"sc_price_block sc_price_block_style_1\"><div class=\"sc_price_block_title\"><span>Ready to use Website<\/span><\/div><div class=\"sc_price_block_money\"><div class=\"sc_price\"><span class=\"sc_price_currency\">$<\/span><span class=\"sc_price_money\">262.00<\/span><\/div><\/div><div class=\"sc_price_block_description\"><\/p>\n<ul>\n<li style=\"text-align: left;\">Theme installation on you server with your logo<\/li>\n<li style=\"text-align: left;\">google map with your address set<\/li>\n<li style=\"text-align: left;\">replacing of content and images up to 6 pages (without layout change).<\/li>\n<li style=\"text-align: left;\">removing of some elements that you do not need on your website.<\/li>\n<li style=\"text-align: left;\">social icons set (without changes theme layout)<\/li>\n<li style=\"text-align: left;\">replacing of color scheme<\/li>\n<\/ul>\n<p><\/div><div class=\"sc_price_block_link\"><a href=\"https:\/\/themerex.net\/offers\/?utm_source=themedemo&utm_medium=offers&utm_campaign=demooffers\" class=\"sc_button sc_button_square sc_button_style_border sc_button_size_small sc_popup_link\">Submit a request<\/a><\/div><\/div><\/div><\/div><\/div><\/div><\/div><\/div><\/div><\/div><div class=\"vc_row-full-width vc_clearfix\"><\/div>\n<\/div>"},"excerpt":{"rendered":"Dear Customers, Our primary goal is developing a secure and customizable theme framework that meets the needs of the end user. Therefore, our customers are able to create websites using [...]"},"author":990003,"featured_media":0,"parent":0,"menu_order":0,"comment_status":"closed","ping_status":"closed","template":"","meta":{"inline_featured_image":false,"_monsterinsights_skip_tracking":false,"_monsterinsights_sitenote_active":false,"_monsterinsights_sitenote_note":"","_monsterinsights_sitenote_category":0,"footnotes":""},"class_list":["post-1306","page","type-page","status-publish","hentry"],"yoast_head":"<!-- This site is optimized with the Yoast SEO plugin v25.3 - https:\/\/yoast.com\/wordpress\/plugins\/seo\/ -->\n<title>Service Plus - SIC - Servi\u00e7o de Investiga\u00e7\u00e3o Criminal Angola<\/title>\n<meta name=\"robots\" content=\"index, follow, max-snippet:-1, max-image-preview:large, max-video-preview:-1\" \/>\n<link rel=\"canonical\" href=\"https:\/\/sic.gov.ao\/fr\/service-plus\/\" \/>\n<meta property=\"og:locale\" content=\"fr_FR\" \/>\n<meta property=\"og:type\" content=\"article\" \/>\n<meta property=\"og:title\" content=\"Service Plus - SIC - Servi\u00e7o de Investiga\u00e7\u00e3o Criminal Angola\" \/>\n<meta property=\"og:url\" content=\"https:\/\/sic.gov.ao\/fr\/service-plus\/\" \/>\n<meta property=\"og:site_name\" content=\"SIC - Servi\u00e7o de Investiga\u00e7\u00e3o Criminal Angola\" \/>\n<meta property=\"article:modified_time\" content=\"2020-01-14T12:28:25+00:00\" \/>\n<meta property=\"og:image\" content=\"https:\/\/sic.gov.ao\/wp-content\/uploads\/2020\/05\/Sem-t\u00edtulo-1.png\" \/>\n\t<meta property=\"og:image:width\" content=\"2115\" \/>\n\t<meta property=\"og:image:height\" content=\"2115\" \/>\n\t<meta property=\"og:image:type\" content=\"image\/png\" \/>\n<meta name=\"twitter:card\" content=\"summary_large_image\" \/>\n<meta name=\"twitter:label1\" content=\"Dur\u00e9e de lecture estim\u00e9e\" \/>\n\t<meta name=\"twitter:data1\" content=\"2 minutes\" \/>\n<script type=\"application\/ld+json\" class=\"yoast-schema-graph\">{\"@context\":\"https:\/\/schema.org\",\"@graph\":[{\"@type\":\"WebPage\",\"@id\":\"https:\/\/sic.gov.ao\/en\/service-plus\/\",\"url\":\"https:\/\/sic.gov.ao\/en\/service-plus\/\",\"name\":\"Service Plus - SIC - Servi\u00e7o de Investiga\u00e7\u00e3o Criminal Angola\",\"isPartOf\":{\"@id\":\"https:\/\/sic.gov.ao\/#website\"},\"datePublished\":\"2020-01-14T12:10:29+00:00\",\"dateModified\":\"2020-01-14T12:28:25+00:00\",\"breadcrumb\":{\"@id\":\"https:\/\/sic.gov.ao\/en\/service-plus\/#breadcrumb\"},\"inLanguage\":\"fr-FR\",\"potentialAction\":[{\"@type\":\"ReadAction\",\"target\":[\"https:\/\/sic.gov.ao\/en\/service-plus\/\"]}]},{\"@type\":\"BreadcrumbList\",\"@id\":\"https:\/\/sic.gov.ao\/en\/service-plus\/#breadcrumb\",\"itemListElement\":[{\"@type\":\"ListItem\",\"position\":1,\"name\":\"Home\",\"item\":\"https:\/\/sic.gov.ao\/\"},{\"@type\":\"ListItem\",\"position\":2,\"name\":\"Service Plus\"}]},{\"@type\":\"WebSite\",\"@id\":\"https:\/\/sic.gov.ao\/#website\",\"url\":\"https:\/\/sic.gov.ao\/\",\"name\":\"SIC - Servi\u00e7o de Investiga\u00e7\u00e3o Criminal Angola\",\"description\":\"\",\"potentialAction\":[{\"@type\":\"SearchAction\",\"target\":{\"@type\":\"EntryPoint\",\"urlTemplate\":\"https:\/\/sic.gov.ao\/?s={search_term_string}\"},\"query-input\":{\"@type\":\"PropertyValueSpecification\",\"valueRequired\":true,\"valueName\":\"search_term_string\"}}],\"inLanguage\":\"fr-FR\"}]}<\/script>\n<!-- \/ Yoast SEO plugin. -->","yoast_head_json":{"title":"Service Plus - SIC - Servi\u00e7o de Investiga\u00e7\u00e3o Criminal Angola","robots":{"index":"index","follow":"follow","max-snippet":"max-snippet:-1","max-image-preview":"max-image-preview:large","max-video-preview":"max-video-preview:-1"},"canonical":"https:\/\/sic.gov.ao\/fr\/service-plus\/","og_locale":"fr_FR","og_type":"article","og_title":"Service Plus - SIC - Servi\u00e7o de Investiga\u00e7\u00e3o Criminal Angola","og_url":"https:\/\/sic.gov.ao\/fr\/service-plus\/","og_site_name":"SIC - Servi\u00e7o de Investiga\u00e7\u00e3o Criminal Angola","article_modified_time":"2020-01-14T12:28:25+00:00","og_image":[{"width":2115,"height":2115,"url":"https:\/\/sic.gov.ao\/wp-content\/uploads\/2020\/05\/Sem-t\u00edtulo-1.png","type":"image\/png"}],"twitter_card":"summary_large_image","twitter_misc":{"Dur\u00e9e de lecture estim\u00e9e":"2 minutes"},"schema":{"@context":"https:\/\/schema.org","@graph":[{"@type":"WebPage","@id":"https:\/\/sic.gov.ao\/en\/service-plus\/","url":"https:\/\/sic.gov.ao\/en\/service-plus\/","name":"Service Plus - SIC - Servi\u00e7o de Investiga\u00e7\u00e3o Criminal Angola","isPartOf":{"@id":"https:\/\/sic.gov.ao\/#website"},"datePublished":"2020-01-14T12:10:29+00:00","dateModified":"2020-01-14T12:28:25+00:00","breadcrumb":{"@id":"https:\/\/sic.gov.ao\/en\/service-plus\/#breadcrumb"},"inLanguage":"fr-FR","potentialAction":[{"@type":"ReadAction","target":["https:\/\/sic.gov.ao\/en\/service-plus\/"]}]},{"@type":"BreadcrumbList","@id":"https:\/\/sic.gov.ao\/en\/service-plus\/#breadcrumb","itemListElement":[{"@type":"ListItem","position":1,"name":"Home","item":"https:\/\/sic.gov.ao\/"},{"@type":"ListItem","position":2,"name":"Service Plus"}]},{"@type":"WebSite","@id":"https:\/\/sic.gov.ao\/#website","url":"https:\/\/sic.gov.ao\/","name":"SIC - Service d&#039;Investigation Criminelle de l&#039;Angola","description":"","potentialAction":[{"@type":"SearchAction","target":{"@type":"EntryPoint","urlTemplate":"https:\/\/sic.gov.ao\/?s={search_term_string}"},"query-input":{"@type":"PropertyValueSpecification","valueRequired":true,"valueName":"search_term_string"}}],"inLanguage":"fr-FR"}]}},"_links":{"self":[{"href":"https:\/\/sic.gov.ao\/fr\/wp-json\/wp\/v2\/pages\/1306"}],"collection":[{"href":"https:\/\/sic.gov.ao\/fr\/wp-json\/wp\/v2\/pages"}],"about":[{"href":"https:\/\/sic.gov.ao\/fr\/wp-json\/wp\/v2\/types\/page"}],"author":[{"embeddable":true,"href":"https:\/\/sic.gov.ao\/fr\/wp-json\/wp\/v2\/users\/990003"}],"replies":[{"embeddable":true,"href":"https:\/\/sic.gov.ao\/fr\/wp-json\/wp\/v2\/comments?post=1306"}],"version-history":[{"count":0,"href":"https:\/\/sic.gov.ao\/fr\/wp-json\/wp\/v2\/pages\/1306\/revisions"}],"wp:attachment":[{"href":"https:\/\/sic.gov.ao\/fr\/wp-json\/wp\/v2\/media?parent=1306"}],"curies":[{"name":"wp","href":"https:\/\/api.w.org\/{rel}","templated":true}]}}