{"id":1031,"date":"2016-06-10T14:33:30","date_gmt":"2016-06-10T14:33:30","guid":{"rendered":"http:\/\/police.themerex.net\/?page_id=1031"},"modified":"2020-05-21T10:28:41","modified_gmt":"2020-05-21T09:28:41","slug":"home-3","status":"publish","type":"page","link":"https:\/\/sic.gov.ao\/fr\/home-3\/","title":{"rendered":"Home 3"},"content":{"rendered":"<div class=\"wpb-content-wrapper\"><div class=\"vc_row wpb_row vc_row-fluid\"><div class=\"wpb_column vc_column_container vc_col-sm-12\"><div class=\"vc_column-inner\"><div class=\"wpb_wrapper\"><div class=\"columns_wrap sc_columns columns_fluid sc_columns_count_3 margin_top_small\"><div class=\"column-2_3 sc_column_item sc_column_item_1 odd first span_2\"><div class=\"widget_area sc_recent_news_wrap vc_recent_news wpb_content_element\"><aside id=\"widget_recent_news\" class=\"widget widget_recent_news\"><div class=\"sc_recent_news sc_recent_news_style_news-magazine sc_recent_news_with_accented margin_bottom_medium\"><div class=\"sc_recent_news_header\"><div class=\"sc_recent_news_header_captions\"><h3 class=\"sc_recent_news_title\">DERNI\u00c8RES NOUVELLES<\/h3><\/div><\/div><!-- \/.sc_recent_news_header --><div class=\"columns_wrap columns_fluid\"><\/div><!-- \/.columns_wrap --><\/div><!-- \/.sc_recent_news --><\/aside><\/div><!-- \/.sc_recent_news_wrap --><\/div><div class=\"column-1_3 sc_column_item sc_column_item_3 odd after_span_2\"><div id=\"sc_blogger_58618762\" class=\"sc_blogger layout_plain template_plain  sc_blogger_horizontal sc_scroll_controls sc_scroll_controls_type_top sc_scroll_controls_horizontal no_description\"><h3 class=\"sc_blogger_title sc_item_title\">\u00c9v\u00e9nements<\/h3><div id=\"sc_blogger_58618762_scroll\" class=\"sc_scroll sc_scroll_horizontal sc_slider_noresize swiper-slider-container scroll-container\" style=\"width:100%;\"><div class=\"sc_scroll_wrapper swiper-wrapper\"><div class=\"sc_scroll_slide swiper-slide\"><\/div><\/div><div id=\"sc_blogger_58618762_scroll_bar\" class=\"sc_scroll_bar sc_scroll_bar_horizontal sc_blogger_58618762_scroll_bar\"><\/div><\/div><\/div><\/div><\/div><div class=\"vc_empty_space\"   style=\"height: 1rem\"><span class=\"vc_empty_space_inner\"><\/span><\/div><\/div><\/div><\/div><\/div><div data-vc-full-width=\"true\" data-vc-full-width-init=\"false\" data-vc-stretch-content=\"true\" class=\"vc_row wpb_row vc_row-fluid gradient-vc-row vc_custom_1465806745747 vc_row-has-fill vc_row-no-padding\"><div class=\"wpb_column vc_column_container vc_col-sm-12\"><div class=\"vc_column-inner\"><div class=\"wpb_wrapper\"><div class=\"sc_content content_wrap\"><div class=\"columns_wrap sc_columns columns_fluid sc_columns_count_3 margin_top_null margin_bottom_null\"><div class=\"column-1_3 sc_column_item sc_column_item_1 odd first\"><div class=\"vc_empty_space\"   style=\"height: 0.563em\"><span class=\"vc_empty_space_inner\"><\/span><\/div><h3 class=\"sc_title sc_title_regular sc_align_left margin_top_huge margin_bottom_small\" style=\"text-align:left;color:#ffffff;\">NOS H\u00c9ROS<\/h3><\/div><div class=\"column-2_3 sc_column_item sc_column_item_2 even span_2\"><div class=\"sc_column_item_inner\" style=\"background-color:#e0382d;\"><h3 class=\"sc_title sc_title_regular sc_align_left margin_top_large margin_bottom_small\" style=\"text-align:left;color:#ffffff;\">ABOUT CFD<\/h3>\n\t<div class=\"wpb_text_column wpb_content_element\" >\n\t\t<div class=\"wpb_wrapper\">\n\t\t\t<p>Promoting Excellence as the World&#8217;s Largest Accredited Municipal Fire Agency.<\/p>\n<p>Vision Statement &#8211; HFD will be recognized as a premier public service organization, respected and admired by our peers and the community as the most diverse, innovative, and efficient public safety provider in the world.<br \/>\nMission Statement &#8211; To save lives, protect property, and serve our community with courage, commitment and compassion.<\/p>\n\n\t\t<\/div>\n\t<\/div>\n<div id=\"sc_skills_diagram_1599382870\" class=\"sc_skills sc_skills_bar sc_skills_horizontal margin_top_medium\" data-type=\"bar\" data-caption=\"Skills\" data-dir=\"horizontal\"><div class=\"sc_skills_info\"><div class=\"sc_skills_label\">INSPECTION REQUESTS<\/div><\/div><div class=\"sc_skills_item sc_skills_style_2 odd first\"><div class=\"sc_skills_total\" data-start=\"0\" data-stop=\"80\" data-step=\"1\" data-max=\"100\" data-speed=\"30\" data-duration=\"2400\" data-ed=\"%\">0%<\/div><div class=\"sc_skills_count\" style=\"background-color:#ffffff; border-color:#ffffff\"><\/div><\/div><div class=\"sc_skills_info\"><div class=\"sc_skills_label\">FAMILY SAVED<\/div><\/div><div class=\"sc_skills_item sc_skills_style_2 even\"><div class=\"sc_skills_total\" data-start=\"0\" data-stop=\"95\" data-step=\"1\" data-max=\"100\" data-speed=\"36\" data-duration=\"3420\" data-ed=\"%\">0%<\/div><div class=\"sc_skills_count\" style=\"background-color:#ffffff; border-color:#ffffff\"><\/div><\/div><div class=\"sc_skills_info\"><div class=\"sc_skills_label\">FIRE ALARM INSPECTION<\/div><\/div><div class=\"sc_skills_item sc_skills_style_2 odd\"><div class=\"sc_skills_total\" data-start=\"0\" data-stop=\"93\" data-step=\"1\" data-max=\"100\" data-speed=\"33\" data-duration=\"3069\" data-ed=\"%\">0%<\/div><div class=\"sc_skills_count\" style=\"background-color:#ffffff; border-color:#ffffff\"><\/div><\/div><div class=\"sc_skills_info\"><div class=\"sc_skills_label\">PUBLIC MEETINGS<\/div><\/div><div class=\"sc_skills_item sc_skills_style_2 even\"><div class=\"sc_skills_total\" data-start=\"0\" data-stop=\"90\" data-step=\"1\" data-max=\"100\" data-speed=\"31\" data-duration=\"2790\" data-ed=\"%\">0%<\/div><div class=\"sc_skills_count\" style=\"background-color:#ffffff; border-color:#ffffff\"><\/div><\/div><\/div><h2 class=\"sc_title sc_title_regular\" style=\"color:#ffffff;\">Call us immediately you are the one: 1-234-567-8910<\/h2><a href=\"#\" class=\"sc_button sc_button_square sc_button_style_border4 sc_button_size_large margin_bottom_huge sc_popup_link\">join our fire department<\/a><\/div><\/div><\/div><\/div><\/div><\/div><\/div><\/div><div class=\"vc_row-full-width vc_clearfix\"><\/div><div data-vc-full-width=\"true\" data-vc-full-width-init=\"false\" class=\"vc_row wpb_row vc_row-fluid vc_custom_1462540452416 vc_row-has-fill\"><div class=\"wpb_column vc_column_container vc_col-sm-12\"><div class=\"vc_column-inner\"><div class=\"wpb_wrapper\"><h3 class=\"sc_title sc_title_underline margin_top_large\">RESOURCES<\/h3><div id=\"sc_services_1691637149_wrap\" class=\"sc_services_wrap\"><div id=\"sc_services_1691637149\" class=\"sc_services sc_services_style_services-3 sc_services_type_icons  margin_bottom_medium\" style=\"width:100%;\"><div class=\"sc_slider_swiper swiper-slider-container sc_slider_nopagination sc_slider_nocontrols sc_slider_height_auto\" data-interval=\"8980\" data-slides-per-view=\"5\" data-slides-min-width=\"250\"><div class=\"slides swiper-wrapper\"><\/div><div class=\"sc_slider_controls_wrap\"><a class=\"sc_slider_prev\" href=\"#\"><\/a><a class=\"sc_slider_next\" href=\"#\"><\/a><\/div><div class=\"sc_slider_pagination_wrap\"><\/div><\/div><\/div><!-- \/.sc_services --><\/div><!-- \/.sc_services_wrap --><div id=\"sc_services_1494262041_wrap\" class=\"sc_services_wrap\"><div id=\"sc_services_1494262041\" class=\"sc_services sc_services_style_services-2 sc_services_type_icons  margin_bottom_huge aligncenter\" style=\"width:100%;\"><div class=\"sc_slider_swiper swiper-slider-container sc_slider_pagination sc_slider_pagination_bottom sc_slider_nocontrols sc_slider_height_auto\" data-interval=\"8262\" data-slides-per-view=\"4\" data-slides-space=\"15\" data-slides-min-width=\"250\"><div class=\"slides swiper-wrapper\"><\/div><div class=\"sc_slider_controls_wrap\"><a class=\"sc_slider_prev\" href=\"#\"><\/a><a class=\"sc_slider_next\" href=\"#\"><\/a><\/div><div class=\"sc_slider_pagination_wrap\"><\/div><\/div><\/div><!-- \/.sc_services --><\/div><!-- \/.sc_services_wrap --><div class=\"vc_empty_space\"   style=\"height: 3.15em\"><span class=\"vc_empty_space_inner\"><\/span><\/div><\/div><\/div><\/div><\/div><div class=\"vc_row-full-width vc_clearfix\"><\/div><div data-vc-full-width=\"true\" data-vc-full-width-init=\"false\" class=\"vc_row wpb_row vc_row-fluid vc_custom_1590053319716 vc_row-has-fill\"><div class=\"wpb_column vc_column_container vc_col-sm-12\"><div class=\"vc_column-inner\"><div class=\"wpb_wrapper\"><div class=\"columns_wrap sc_columns columns_fluid sc_columns_count_2 margin_top_medium\"><div class=\"column-1_2 sc_column_item sc_column_item_1 odd first\"><h2 style=\"font-size: 4.77em;color: #ffffff;line-height: 1.1em;text-align: left\" class=\"vc_custom_heading margin_bottom_small\" >Fire Department<br \/>\nis Dedicated<br \/>\nto Saving Lives<\/h2><h4 style=\"font-size: 1.377em;color: #d4d4d4;line-height: 1.4em;text-align: left\" class=\"vc_custom_heading\" >The City Fire Department is Dedicated to Saving Lives, Fighting Fires, Safety and Prevention, and Building Communities.<\/h4><\/div><\/div><div class=\"columns_wrap sc_columns columns_fluid sc_columns_count_2 margin_bottom_huge\"><div class=\"column-1_2 sc_column_item sc_column_item_1 odd first\" style=\"color:#ffffff;\"><div class=\"sc_line sc_line_position_center_center sc_line_style_solid\" style=\"border-top-style:solid;border-top-color:#58514d;\"><\/div><div id=\"home_video\" class=\"sc_popup mfp-with-anim mfp-hide\"><video class=\"sc_video\" src=\"https:\/\/youtube.com\/embed\/rktVBbsXT1I\" width=\"100%\" height=\"\" data-width=\"100%\" data-height=\"\" data-ratio=\"16:9\" poster=\"https:\/\/i1.ytimg.com\/vi\/rktVBbsXT1I\/0.jpg\" data-image=\"https:\/\/i1.ytimg.com\/vi\/rktVBbsXT1I\/0.jpg\" style=\"width:100%;\" autoplay=\"autoplay\" controls=\"controls\" loop=\"loop\"><\/video><\/div><h5 style=\"color: #ffffff;line-height: 1.45em;text-align: left\" class=\"vc_custom_heading margin_top_medium margin_right_small\" >Dedicated to Saving Lives, Fighting Fires, Safety and Prevention, and Building Communities.<\/h5><\/div><\/div><div class=\"vc_empty_space\"   style=\"height: 6rem\"><span class=\"vc_empty_space_inner\"><\/span><\/div><\/div><\/div><\/div><\/div><div class=\"vc_row-full-width vc_clearfix\"><\/div><div data-vc-full-width=\"true\" data-vc-full-width-init=\"false\" class=\"vc_row wpb_row vc_row-fluid vc_custom_1462957568713 vc_row-has-fill\"><div class=\"wpb_column vc_column_container vc_col-sm-12\"><div class=\"vc_column-inner\"><div class=\"wpb_wrapper\"><div class=\"vc_empty_space\"   style=\"height: 2.188rem\"><span class=\"vc_empty_space_inner\"><\/span><\/div><div id=\"sc_blogger_1182839100\" class=\"sc_blogger layout_colored_4 template_portfolio margin_top_medium margin_bottom_huge  sc_blogger_horizontal sc_scroll_controls sc_scroll_controls_type_top sc_scroll_controls_horizontal no_description\"><h3 class=\"sc_blogger_title sc_item_title\">Programs & Initiatives<\/h3><div id=\"sc_blogger_1182839100_scroll\" class=\"sc_scroll sc_scroll_horizontal sc_slider_noresize swiper-slider-container scroll-container\" style=\"width:100%;\"><div class=\"sc_scroll_wrapper swiper-wrapper\"><div class=\"sc_scroll_slide swiper-slide\"><div class=\"isotope_wrap\" data-columns=\"4\"><\/div><\/div><\/div><div id=\"sc_blogger_1182839100_scroll_bar\" class=\"sc_scroll_bar sc_scroll_bar_horizontal sc_blogger_1182839100_scroll_bar\"><\/div><\/div><\/div><div class=\"vc_empty_space\"   style=\"height: 1.25rem\"><span class=\"vc_empty_space_inner\"><\/span><\/div><\/div><\/div><\/div><\/div><div class=\"vc_row-full-width vc_clearfix\"><\/div><div class=\"vc_row wpb_row vc_row-fluid\"><div class=\"wpb_column vc_column_container vc_col-sm-12\"><div class=\"vc_column-inner\"><div class=\"wpb_wrapper\"><div class=\"columns_wrap sc_columns columns_fluid sc_columns_count_3 margin_top_medium margin_bottom_medium\"><div class=\"column-1_3 sc_column_item sc_column_item_1 odd first\"><h3 class=\"sc_title sc_title_regular margin_top_medium margin_bottom_medium\">PRENEZ CONTACT AVEC NOUS<\/h3><h6 class=\"sc_title sc_title_regular margin_bottom_tiny\" style=\"font-size:0.915em;\">CENTRE DE S\u00c9CURIT\u00c9 PUBLIQUE<\/h6><h6 class=\"sc_title sc_title_regular margin_top_medium margin_bottom_tiny\" style=\"font-size:0.915em;\">\u00c9TABLISSEMENT DE POLICE WILLIAM J. KINNEY<\/h6><\/div><div class=\"column-2_3 sc_column_item sc_column_item_2 even span_2\"><div id=\"sc_googlemap_1531427271\" class=\"sc_googlemap margin_top_medium\" style=\"width:100%;height:400px;\" data-zoom=\"12\" data-style=\"greyscale\"><iframe src=\"https:\/\/maps.google.com\/maps?t=m&output=embed&iwloc=near&z=12&q=Elmont\" scrolling=\"no\" marginheight=\"0\" marginwidth=\"0\" frameborder=\"0\"\n                    aria-label=\"\"><\/iframe><\/div><\/div><\/div><\/div><\/div><\/div><\/div>\n<\/div>"},"excerpt":{"rendered":"LATEST NEWSEventsOUR HEROESABOUT CFD Promoting Excellence as the World's Largest Accredited Municipal Fire Agency. Vision Statement - HFD will be recognized as a premier public service organization, respected and admired [...]"},"author":990003,"featured_media":0,"parent":0,"menu_order":0,"comment_status":"closed","ping_status":"open","template":"","meta":{"inline_featured_image":false,"_monsterinsights_skip_tracking":false,"_monsterinsights_sitenote_active":false,"_monsterinsights_sitenote_note":"","_monsterinsights_sitenote_category":0,"footnotes":""},"class_list":["post-1031","page","type-page","status-publish","hentry"],"yoast_head":"<!-- This site is optimized with the Yoast SEO plugin v25.3 - https:\/\/yoast.com\/wordpress\/plugins\/seo\/ -->\n<title>Home 3 - SIC - Servi\u00e7o de Investiga\u00e7\u00e3o Criminal Angola<\/title>\n<meta name=\"robots\" content=\"index, follow, max-snippet:-1, max-image-preview:large, max-video-preview:-1\" \/>\n<link rel=\"canonical\" href=\"https:\/\/sic.gov.ao\/fr\/home-3\/\" \/>\n<meta property=\"og:locale\" content=\"fr_FR\" \/>\n<meta property=\"og:type\" content=\"article\" \/>\n<meta property=\"og:title\" content=\"Home 3 - SIC - Servi\u00e7o de Investiga\u00e7\u00e3o Criminal Angola\" \/>\n<meta property=\"og:url\" content=\"https:\/\/sic.gov.ao\/fr\/home-3\/\" \/>\n<meta property=\"og:site_name\" content=\"SIC - Servi\u00e7o de Investiga\u00e7\u00e3o Criminal Angola\" \/>\n<meta property=\"article:modified_time\" content=\"2020-05-21T09:28:41+00:00\" \/>\n<meta property=\"og:image\" content=\"https:\/\/sic.gov.ao\/wp-content\/uploads\/2020\/05\/Sem-t\u00edtulo-1.png\" \/>\n\t<meta property=\"og:image:width\" content=\"2115\" \/>\n\t<meta property=\"og:image:height\" content=\"2115\" \/>\n\t<meta property=\"og:image:type\" content=\"image\/png\" \/>\n<meta name=\"twitter:card\" content=\"summary_large_image\" \/>\n<meta name=\"twitter:label1\" content=\"Dur\u00e9e de lecture estim\u00e9e\" \/>\n\t<meta name=\"twitter:data1\" content=\"5 minutes\" \/>\n<script type=\"application\/ld+json\" class=\"yoast-schema-graph\">{\"@context\":\"https:\/\/schema.org\",\"@graph\":[{\"@type\":\"WebPage\",\"@id\":\"https:\/\/sic.gov.ao\/home-3\/\",\"url\":\"https:\/\/sic.gov.ao\/home-3\/\",\"name\":\"Home 3 - SIC - Servi\u00e7o de Investiga\u00e7\u00e3o Criminal Angola\",\"isPartOf\":{\"@id\":\"https:\/\/sic.gov.ao\/#website\"},\"datePublished\":\"2016-06-10T14:33:30+00:00\",\"dateModified\":\"2020-05-21T09:28:41+00:00\",\"breadcrumb\":{\"@id\":\"https:\/\/sic.gov.ao\/home-3\/#breadcrumb\"},\"inLanguage\":\"fr-FR\",\"potentialAction\":[{\"@type\":\"ReadAction\",\"target\":[\"https:\/\/sic.gov.ao\/home-3\/\"]}]},{\"@type\":\"BreadcrumbList\",\"@id\":\"https:\/\/sic.gov.ao\/home-3\/#breadcrumb\",\"itemListElement\":[{\"@type\":\"ListItem\",\"position\":1,\"name\":\"Home\",\"item\":\"https:\/\/sic.gov.ao\/\"},{\"@type\":\"ListItem\",\"position\":2,\"name\":\"Home 3\"}]},{\"@type\":\"WebSite\",\"@id\":\"https:\/\/sic.gov.ao\/#website\",\"url\":\"https:\/\/sic.gov.ao\/\",\"name\":\"SIC - Servi\u00e7o de Investiga\u00e7\u00e3o Criminal Angola\",\"description\":\"\",\"potentialAction\":[{\"@type\":\"SearchAction\",\"target\":{\"@type\":\"EntryPoint\",\"urlTemplate\":\"https:\/\/sic.gov.ao\/?s={search_term_string}\"},\"query-input\":{\"@type\":\"PropertyValueSpecification\",\"valueRequired\":true,\"valueName\":\"search_term_string\"}}],\"inLanguage\":\"fr-FR\"}]}<\/script>\n<!-- \/ Yoast SEO plugin. -->","yoast_head_json":{"title":"Home 3 - SIC - Servi\u00e7o de Investiga\u00e7\u00e3o Criminal Angola","robots":{"index":"index","follow":"follow","max-snippet":"max-snippet:-1","max-image-preview":"max-image-preview:large","max-video-preview":"max-video-preview:-1"},"canonical":"https:\/\/sic.gov.ao\/fr\/home-3\/","og_locale":"fr_FR","og_type":"article","og_title":"Home 3 - SIC - Servi\u00e7o de Investiga\u00e7\u00e3o Criminal Angola","og_url":"https:\/\/sic.gov.ao\/fr\/home-3\/","og_site_name":"SIC - Servi\u00e7o de Investiga\u00e7\u00e3o Criminal Angola","article_modified_time":"2020-05-21T09:28:41+00:00","og_image":[{"width":2115,"height":2115,"url":"https:\/\/sic.gov.ao\/wp-content\/uploads\/2020\/05\/Sem-t\u00edtulo-1.png","type":"image\/png"}],"twitter_card":"summary_large_image","twitter_misc":{"Dur\u00e9e de lecture estim\u00e9e":"5 minutes"},"schema":{"@context":"https:\/\/schema.org","@graph":[{"@type":"WebPage","@id":"https:\/\/sic.gov.ao\/home-3\/","url":"https:\/\/sic.gov.ao\/home-3\/","name":"Home 3 - SIC - Servi\u00e7o de Investiga\u00e7\u00e3o Criminal Angola","isPartOf":{"@id":"https:\/\/sic.gov.ao\/#website"},"datePublished":"2016-06-10T14:33:30+00:00","dateModified":"2020-05-21T09:28:41+00:00","breadcrumb":{"@id":"https:\/\/sic.gov.ao\/home-3\/#breadcrumb"},"inLanguage":"fr-FR","potentialAction":[{"@type":"ReadAction","target":["https:\/\/sic.gov.ao\/home-3\/"]}]},{"@type":"BreadcrumbList","@id":"https:\/\/sic.gov.ao\/home-3\/#breadcrumb","itemListElement":[{"@type":"ListItem","position":1,"name":"Home","item":"https:\/\/sic.gov.ao\/"},{"@type":"ListItem","position":2,"name":"Home 3"}]},{"@type":"WebSite","@id":"https:\/\/sic.gov.ao\/#website","url":"https:\/\/sic.gov.ao\/","name":"SIC - Service d&#039;Investigation Criminelle de l&#039;Angola","description":"","potentialAction":[{"@type":"SearchAction","target":{"@type":"EntryPoint","urlTemplate":"https:\/\/sic.gov.ao\/?s={search_term_string}"},"query-input":{"@type":"PropertyValueSpecification","valueRequired":true,"valueName":"search_term_string"}}],"inLanguage":"fr-FR"}]}},"_links":{"self":[{"href":"https:\/\/sic.gov.ao\/fr\/wp-json\/wp\/v2\/pages\/1031"}],"collection":[{"href":"https:\/\/sic.gov.ao\/fr\/wp-json\/wp\/v2\/pages"}],"about":[{"href":"https:\/\/sic.gov.ao\/fr\/wp-json\/wp\/v2\/types\/page"}],"author":[{"embeddable":true,"href":"https:\/\/sic.gov.ao\/fr\/wp-json\/wp\/v2\/users\/990003"}],"replies":[{"embeddable":true,"href":"https:\/\/sic.gov.ao\/fr\/wp-json\/wp\/v2\/comments?post=1031"}],"version-history":[{"count":2,"href":"https:\/\/sic.gov.ao\/fr\/wp-json\/wp\/v2\/pages\/1031\/revisions"}],"predecessor-version":[{"id":2373,"href":"https:\/\/sic.gov.ao\/fr\/wp-json\/wp\/v2\/pages\/1031\/revisions\/2373"}],"wp:attachment":[{"href":"https:\/\/sic.gov.ao\/fr\/wp-json\/wp\/v2\/media?parent=1031"}],"curies":[{"name":"wp","href":"https:\/\/api.w.org\/{rel}","templated":true}]}}