{"id":5,"date":"2016-04-27T12:05:27","date_gmt":"2016-04-27T12:05:27","guid":{"rendered":"http:\/\/police.themerex.net\/?page_id=5"},"modified":"2020-01-16T08:55:22","modified_gmt":"2020-01-16T08:55:22","slug":"typography","status":"publish","type":"page","link":"https:\/\/sic.gov.ao\/en\/typography\/","title":{"rendered":"Typography"},"content":{"rendered":"<div class=\"wpb-content-wrapper\"><div class=\"vc_row wpb_row vc_row-fluid\"><div class=\"wpb_column vc_column_container vc_col-sm-12\"><div class=\"vc_column-inner\"><div class=\"wpb_wrapper\"><h1 class=\"sc_title sc_title_regular sc_align_left\" style=\"text-align:left;\">H1 HEADING<\/h1>\n\t<div class=\"wpb_text_column wpb_content_element\" >\n\t\t<div class=\"wpb_wrapper\">\n\t\t\t<p>Duis autem vel eum iriure dolor in hendrerit in vulputate velit esse molestie consequat, vel illum dolore eu feugiat nulla facilisis at vero eros et accumsan et iusto odio dignissim qui blandit praesent luptatum zzril delenit augue duis dolore te feugait nulla facilisi. Nam liber tempor cum soluta nobis eleifend option congue nihil imperdiet doming id quod mazim placerat facer possim assum. legentis in iis qui facit eorum claritatem. Investigationes demonstraverunt lectores legere me lius quod ii legunt saepius.<\/p>\n<h2>H2 Heading<\/h2>\n<p>Duis autem vel eum iriure dolor in hendrerit in vulputate velit esse molestie consequat, vel illum dolore eu feugiat nulla facilisis at vero eros et accumsan et iusto odio dignissim qui blandit praesent luptatum zzril delenit augue duis dolore te feugait nulla facilisi. Nam liber tempor cum soluta nobis eleifend option congue nihil imperdiet doming id quod mazim placerat facer possim assum.<\/p>\n<h3>H3 HEADING<\/h3>\n<p>Duis autem vel eum iriure dolor in hendrerit in vulputate velit esse molestie consequat, vel illum dolore eu feugiat nulla facilisis at vero eros et accumsan et iusto odio dignissim qui blandit praesent luptatum zzril delenit augue duis dolore te feugait nulla facilisi. Nam liber tempor cum soluta nobis eleifend option congue nihil imperdiet doming id quod mazim placerat facer possim assum.<\/p>\n<h4>H4 Heading<\/h4>\n<p>Duis autem vel eum iriure dolor in hendrerit in vulputate velit esse molestie consequat, vel illum dolore eu feugiat nulla facilisis at vero eros et accumsan et iusto odio dignissim qui blandit praesent luptatum zzril delenit augue duis dolore te feugait nulla facilisi. Nam liber tempor cum soluta nobis eleifend option congue nihil imperdiet doming id quod mazim placerat facer possim assum.<\/p>\n<h5>H5 HEADING<\/h5>\n<p>Duis autem vel eum iriure dolor in hendrerit in vulputate velit esse molestie consequat, vel illum dolore eu feugiat nulla facilisis at vero eros et accumsan et iusto odio dignissim qui blandit praesent luptatum zzril delenit augue duis dolore te feugait nulla facilisi. Nam liber tempor cum soluta nobis eleifend option congue nihil imperdiet doming id quod mazim placerat facer possim assum.<\/p>\n<h6>H6 Heading<\/h6>\n<p>Duis autem vel eum iriure dolor in hendrerit in vulputate velit esse molestie consequat, vel illum dolore eu feugiat nulla facilisis at vero eros et accumsan et iusto odio dignissim qui blandit praesent luptatum zzril delenit augue duis dolore te feugait nulla facilisi. Nam liber tempor cum soluta nobis eleifend option congue nihil imperdiet doming id quod mazim placerat facer possim assum.<\/p>\n\n\t\t<\/div>\n\t<\/div>\n<\/div><\/div><\/div><\/div><div class=\"vc_row wpb_row vc_row-fluid\"><div class=\"wpb_column vc_column_container vc_col-sm-12\"><div class=\"vc_column-inner\"><div class=\"wpb_wrapper\"><div class=\"vc_empty_space\"   style=\"height: 2.438em\"><span class=\"vc_empty_space_inner\"><\/span><\/div><h3 class=\"sc_title sc_title_underline sc_align_left margin_top_medium margin_bottom_small\" style=\"text-align:left;\">STANDARD INLINE ELEMENTS<\/h3>\n\t<div class=\"wpb_text_column wpb_content_element\" >\n\t\t<div class=\"wpb_wrapper\">\n\t\t\t<p><strong>Duis autem<\/strong> vel eum iriure dolor in <span class=\"sc_highlight sc_highlight_style_1\">hendrerit in vulputate<\/span> velit esse molestie consequat, vel illum dolore eu feugiat nulla facilisis at vero eros et accumsan et iusto odio dignissim qui blandit praesent luptatum zzril delenit augue <span class=\"sc_highlight sc_highlight_style_2\"> dolore te feugait<\/span> nulla facilisi.<\/p>\n<p><span class=\"sc_highlight sc_highlight_style_3\">Lorem ipsum dolor<\/span> sit amet, consectetur adipiscing elit. Donec enim diam, placerat at mauris nec, ullamcorper dignissim elit. Aenean malesuada nisi accumsan, ultricies orci sed, <span class=\"sc_tooltip_parent\">vivamus euismod mauris <span class=\"sc_tooltip\">Tooltip Title<\/span><\/span> id sodales tincidunt. eleifend velit, in fermentum purus finibus a. Mauris sit amet nisl pharetra, finibus arcu quis, eleifend erat. Vivamus sit amet fermentum tortor, at consequat turpis. Cras posuere ligula rhoncus bibendum porttitor. Vivamus aliquet euismod rhoncus. Ut vulputate nisl et<\/p>\n\n\t\t<\/div>\n\t<\/div>\n<\/div><\/div><\/div><\/div><div class=\"vc_row wpb_row vc_row-fluid\"><div class=\"wpb_column vc_column_container vc_col-sm-12\"><div class=\"vc_column-inner\"><div class=\"wpb_wrapper\"><div class=\"vc_empty_space\"   style=\"height: 2.438em\"><span class=\"vc_empty_space_inner\"><\/span><\/div><h3 class=\"sc_title sc_title_underline sc_align_left margin_top_medium margin_bottom_small\" style=\"text-align:left;\">DROPCAPS<\/h3><div class=\"vc_empty_space\"   style=\"height: 0.688em\"><span class=\"vc_empty_space_inner\"><\/span><\/div><div class=\"columns_wrap sc_columns columns_fluid sc_columns_count_2\"><div class=\"column-1_2 sc_column_item sc_column_item_1 odd first\"><div class=\"sc_dropcaps sc_dropcaps_style_1 margin_bottom_tiny\"><span class=\"sc_dropcaps_item\">D<\/span>Duis autem vel eum iriure dolor in hendrerit in vulputate velit esse molestie consequat, vel illum dolore feugiat nulla facilisis at vero eros et accumsan et iusto odio dignissim qui blandit praesent luptatum zzril delenit augue duis dolore te feugait nulla facilisi.<\/div><\/div><div class=\"column-1_2 sc_column_item sc_column_item_2 even\"><div class=\"sc_dropcaps sc_dropcaps_style_2 margin_bottom_tiny\"><span class=\"sc_dropcaps_item\">D<\/span>Duis autem vel eum iriure dolor in hendrerit in vulputate velit esse molestie consequat, vel illum dolore feugiat nulla facilisis at vero eros et accumsan et iusto odio dignissim qui blandit praesent luptatum zzril delenit augue duis dolore te feugait nulla facilisi.<\/div><\/div><\/div><\/div><\/div><\/div><\/div><div class=\"vc_row wpb_row vc_row-fluid\"><div class=\"wpb_column vc_column_container vc_col-sm-12\"><div class=\"vc_column-inner\"><div class=\"wpb_wrapper\"><div class=\"vc_empty_space\"   style=\"height: 2em\"><span class=\"vc_empty_space_inner\"><\/span><\/div><h3 class=\"sc_title sc_title_underline sc_align_left margin_top_medium margin_bottom_tiny\" style=\"text-align:left;\">BLOCKQUOTES<\/h3><div class=\"vc_empty_space\"   style=\"height: 1.313em\"><span class=\"vc_empty_space_inner\"><\/span><\/div>\n\t<div class=\"wpb_text_column wpb_content_element\" >\n\t\t<div class=\"wpb_wrapper\">\n\t\t\t<p>Duis autem vel eum iriure dolor in hendrerit in vulputate velit esse molestie consequat, vel illum dolore feugiat nulla facilisis at vero eros et accumsan et iusto odio dignissim qui blandit praesent luptatum zzril delenit augue duis dolore te feugait nulla facilisi. Nam liber tempor cum soluta nobis eleifend option congue nihil imperdiet<\/p>\n\n\t\t<\/div>\n\t<\/div>\n<blockquote cite=\"#\" class=\"sc_quote margin_top_small\"><p>Feugiat nulla facilisis at vero eros et accumsan et iusto odio dignissim qui blandit praesent luptatum zzril delenit augue duis dolore te feugait nulla facilisi. Nam liber tempor cum soluta nobis eleifend option.<\/p><p class=\"sc_quote_title\"><a href=\"#\">Matt Jackson<\/a><\/p><\/blockquote>\n\t<div class=\"wpb_text_column wpb_content_element\" >\n\t\t<div class=\"wpb_wrapper\">\n\t\t\t<p>Nunc massa diam, finibus ornare luctus in, feugiat quis ligula. Phasellus rhoncus turpis eget fringilla imperdiet. Nulla leo quam, gravida vitae pulvinar malesuada, commodo eu elit. Duis efficitur, lectus non laoreet sodales, dolor purus porta lacus, quis iaculis lorem metus at augue. In interdum maximus felis, sed fermentum libero facilisis non. Ut arcu ante, commodo ac vestibulum id, mollis et purus. Donec sit amet scelerisque lorem, non sodales metus. <\/p>\n\n\t\t<\/div>\n\t<\/div>\n<\/div><\/div><\/div><\/div><div class=\"vc_row wpb_row vc_row-fluid\"><div class=\"wpb_column vc_column_container vc_col-sm-12\"><div class=\"vc_column-inner\"><div class=\"wpb_wrapper\"><div class=\"vc_empty_space\"   style=\"height: 2.438em\"><span class=\"vc_empty_space_inner\"><\/span><\/div><h3 class=\"sc_title sc_title_underline sc_align_left margin_top_medium margin_bottom_small\" style=\"text-align:left;\">IMAGE ALIGNMENT<\/h3>\n\t<div class=\"wpb_text_column wpb_content_element  vc_custom_1458549303665\" >\n\t\t<div class=\"wpb_wrapper\">\n\t\t\t<p>Proin dignissim commodo magna at luctus. Nam molestie justo augue, nec eleifend urna laoreet non. Proin ut nulla egestas, hendrerit urna scelerisque, finibus nulla. Integer et elementum sem. Donec nec scelerisque elit, id pulvinar est. Maecenas laoreet, diam vel venenatis molestie, nunc augue tempus felis, nec efficitur dui leo a tellus. Proin dignissim commodo.<\/p>\n\n\t\t<\/div>\n\t<\/div>\n\n\t<div class=\"wpb_text_column wpb_content_element  vc_custom_1458549159677\" >\n\t\t<div class=\"wpb_wrapper\">\n\t\t\t<p>Nemo enim ipsam voluptatem quia voluptas sit aspernatur aut odit aut fugit, sed quia consequuntur magni dolores eos qui ratione voluptatem sequi nesciunt.<\/p>\n\n\t\t<\/div>\n\t<\/div>\n\n\t<div class=\"wpb_text_column wpb_content_element\" >\n\t\t<div class=\"wpb_wrapper\">\n\t\t\t<p>Aroin dignissim commodo magna at luctus. Nam molestie justo augue, nec eleifend urna laoreet non. Proin ut nulla egestas, hendrerit urna scelerisque, finibus nulla. Integer et elementum sem. Donec nec scelerisque elit, id pulvinar est. Maecenas laoreet, diam vel venenatis molestie, nunc augue tempus felis, nec efficitur dui leo a tellus. Proin dignissim commodo magna at luctus. Nam molestie justo augue, nec eleifend urna laoreet non.<\/p>\n\n\t\t<\/div>\n\t<\/div>\n\n\t<div class=\"wpb_text_column wpb_content_element  vc_custom_1458551876419\" >\n\t\t<div class=\"wpb_wrapper\">\n\t\t\t<p>Mauris vitae quam ligula. In tincidunt sapien sed nibh scelerisque congue. Maecenas ut libero eu metus tincidunt lobortis. Duis accumsan at mauris vel lacinia. Cras cursus eros vel commodo tincidunt. Donec ac urna eget velit bibendum aliquam. Phasellus tempor urna erat, a fringilla elit vulputate in. Vivamus euismod mauris id sodales tincidunt.<\/p>\n\n\t\t<\/div>\n\t<\/div>\n\n\t<div class=\"wpb_text_column wpb_content_element  vc_custom_1458551941969\" >\n\t\t<div class=\"wpb_wrapper\">\n\t\t\t<p>Aroin dignissim commodo magna at luctus. Nam molestie justo augue, nec eleifend urna laoreet non. Proin ut nulla egestas, hendrerit urna.<\/p>\n\n\t\t<\/div>\n\t<\/div>\n\n\t<div class=\"wpb_text_column wpb_content_element  vc_custom_1458551971596\" >\n\t\t<div class=\"wpb_wrapper\">\n\t\t\t<p>Aroin dignissim commodo magna at luctus. Nam molestie justo augue, nec eleifend urna laoreet non. Proin ut nulla egestas, hendrerit urna scelerisque, finibus nulla. Integer et elementum sem. Donec nec scelerisque elit, id pulvinar est.<\/p>\n\n\t\t<\/div>\n\t<\/div>\n<\/div><\/div><\/div><\/div><div class=\"vc_row wpb_row vc_row-fluid\"><div class=\"wpb_column vc_column_container vc_col-sm-12\"><div class=\"vc_column-inner\"><div class=\"wpb_wrapper\"><div class=\"vc_empty_space\"   style=\"height: 1.5em\"><span class=\"vc_empty_space_inner\"><\/span><\/div><h3 class=\"sc_title sc_title_underline margin_top_large margin_bottom_small\">LISTS STYLES<\/h3><div class=\"columns_wrap sc_columns columns_fluid sc_columns_count_3\"><div class=\"column-1_3 sc_column_item sc_column_item_1 odd first\"><ul class=\"sc_list sc_list_style_iconed\"><li class=\"sc_list_item odd first\" title=\"Interdum et malesuada fames\"><span class=\"sc_list_icon icon-stop\" style=\"color:#17a3eb;\"><\/span><div class=\"wpb_text_column wpb_content_element\" >\n\t\t<div class=\"wpb_wrapper\">\n\t\t\t<p>Amet, consectetur <\/p>\n\n\t\t<\/div>\n\t<\/div><\/li><li class=\"sc_list_item even\" title=\"Suspendisse eros augue\"><span class=\"sc_list_icon icon-stop\" style=\"color:#17a3eb;\"><\/span><div class=\"wpb_text_column wpb_content_element\" >\n\t\t<div class=\"wpb_wrapper\">\n\t\t\t<p>Eiusmod tempor dolore <\/p>\n\n\t\t<\/div>\n\t<\/div><\/li><li class=\"sc_list_item odd\" title=\"Class aptent taciti sociosqu\"><span class=\"sc_list_icon icon-stop\" style=\"color:#17a3eb;\"><\/span><div class=\"wpb_text_column wpb_content_element\" >\n\t\t<div class=\"wpb_wrapper\">\n\t\t\t<p>Ut enim ad minim veniam <\/p>\n\n\t\t<\/div>\n\t<\/div><\/li><li class=\"sc_list_item even\" title=\"Sed eget feugiat nisl\"><span class=\"sc_list_icon icon-stop\" style=\"color:#17a3eb;\"><\/span><div class=\"wpb_text_column wpb_content_element\" >\n\t\t<div class=\"wpb_wrapper\">\n\t\t\t<p>Quis nostrud exercitation <\/p>\n\n\t\t<\/div>\n\t<\/div><\/li><li class=\"sc_list_item odd\" title=\"Lorem ipsum dolor sit amet\"><span class=\"sc_list_icon icon-stop\" style=\"color:#17a3eb;\"><\/span><div class=\"wpb_text_column wpb_content_element\" >\n\t\t<div class=\"wpb_wrapper\">\n\t\t\t<p>Quis nostrud exercitation <\/p>\n\n\t\t<\/div>\n\t<\/div><\/li><\/ul><\/div><div class=\"column-1_3 sc_column_item sc_column_item_2 even\"><ul class=\"sc_list sc_list_style_iconed\"><li class=\"sc_list_item odd first\" title=\"Interdum et malesuada fames\"><span class=\"sc_list_icon icon-stop\" style=\"color:#121724;\"><\/span><div class=\"wpb_text_column wpb_content_element\" >\n\t\t<div class=\"wpb_wrapper\">\n\t\t\t<p>Amet, consectetur <\/p>\n\n\t\t<\/div>\n\t<\/div><\/li><li class=\"sc_list_item even\" title=\"Suspendisse eros augue\"><span class=\"sc_list_icon icon-stop\" style=\"color:#121724;\"><\/span><div class=\"wpb_text_column wpb_content_element\" >\n\t\t<div class=\"wpb_wrapper\">\n\t\t\t<p>Eiusmod tempor dolore <\/p>\n\n\t\t<\/div>\n\t<\/div><\/li><li class=\"sc_list_item odd\" title=\"Class aptent taciti sociosqu\"><span class=\"sc_list_icon icon-stop\" style=\"color:#121724;\"><\/span><div class=\"wpb_text_column wpb_content_element\" >\n\t\t<div class=\"wpb_wrapper\">\n\t\t\t<p>Ut enim ad minim veniam <\/p>\n\n\t\t<\/div>\n\t<\/div><\/li><li class=\"sc_list_item even\" title=\"Sed eget feugiat nisl\"><span class=\"sc_list_icon icon-stop\" style=\"color:#121724;\"><\/span><div class=\"wpb_text_column wpb_content_element\" >\n\t\t<div class=\"wpb_wrapper\">\n\t\t\t<p>Quis nostrud exercitation <\/p>\n\n\t\t<\/div>\n\t<\/div><\/li><li class=\"sc_list_item odd\" title=\"Lorem ipsum dolor sit amet\"><span class=\"sc_list_icon icon-stop\" style=\"color:#121724;\"><\/span><div class=\"wpb_text_column wpb_content_element\" >\n\t\t<div class=\"wpb_wrapper\">\n\t\t\t<p>Quis nostrud exercitation <\/p>\n\n\t\t<\/div>\n\t<\/div><\/li><\/ul><\/div><div class=\"column-1_3 sc_column_item sc_column_item_3 odd\"><ul class=\"sc_list sc_list_style_iconed\"><li class=\"sc_list_item odd first\" title=\"Interdum et malesuada fames\"><span class=\"sc_list_icon icon-record\" style=\"color:#17a3eb;\"><\/span><div class=\"wpb_text_column wpb_content_element\" >\n\t\t<div class=\"wpb_wrapper\">\n\t\t\t<p>Amet, consectetur <\/p>\n\n\t\t<\/div>\n\t<\/div><\/li><li class=\"sc_list_item even\" title=\"Suspendisse eros augue\"><span class=\"sc_list_icon icon-record\" style=\"color:#17a3eb;\"><\/span><div class=\"wpb_text_column wpb_content_element\" >\n\t\t<div class=\"wpb_wrapper\">\n\t\t\t<p>Eiusmod tempor dolore <\/p>\n\n\t\t<\/div>\n\t<\/div><\/li><li class=\"sc_list_item odd\" title=\"Class aptent taciti sociosqu\"><span class=\"sc_list_icon icon-record\" style=\"color:#17a3eb;\"><\/span><div class=\"wpb_text_column wpb_content_element\" >\n\t\t<div class=\"wpb_wrapper\">\n\t\t\t<p>Ut enim ad minim veniam <\/p>\n\n\t\t<\/div>\n\t<\/div><\/li><li class=\"sc_list_item even\" title=\"Sed eget feugiat nisl\"><span class=\"sc_list_icon icon-record\" style=\"color:#17a3eb;\"><\/span><div class=\"wpb_text_column wpb_content_element\" >\n\t\t<div class=\"wpb_wrapper\">\n\t\t\t<p>Quis nostrud exercitation <\/p>\n\n\t\t<\/div>\n\t<\/div><\/li><li class=\"sc_list_item odd\" title=\"Lorem ipsum dolor sit amet\"><span class=\"sc_list_icon icon-record\" style=\"color:#17a3eb;\"><\/span><div class=\"wpb_text_column wpb_content_element\" >\n\t\t<div class=\"wpb_wrapper\">\n\t\t\t<p>Quis nostrud exercitation <\/p>\n\n\t\t<\/div>\n\t<\/div><\/li><\/ul><\/div><\/div><\/div><\/div><\/div><\/div><div class=\"vc_row wpb_row vc_row-fluid\"><div class=\"wpb_column vc_column_container vc_col-sm-12\"><div class=\"vc_column-inner\"><div class=\"wpb_wrapper\"><div class=\"vc_empty_space\"   style=\"height: 1em\"><span class=\"vc_empty_space_inner\"><\/span><\/div><h3 class=\"sc_title sc_title_underline margin_top_medium margin_bottom_medium\">TABLE<\/h3><div class=\"sc_table\" style=\"width:100%;\"><\/p>\n<table>\n<tbody>\n<tr>\n<td>#<\/td>\n<td>Column 1<\/td>\n<td>Column 2<\/td>\n<td>Column 3<\/td>\n<td>Column 4<\/td>\n<\/tr>\n<tr>\n<td>1<\/td>\n<td>Raw 1 Cell 1<\/td>\n<td>Raw 1 Cell 2<\/td>\n<td>Raw 1 Cell 3<\/td>\n<td>Raw 1 Cell 4<\/td>\n<\/tr>\n<tr>\n<td>2<\/td>\n<td>Raw 2 Cell 1<\/td>\n<td>Raw 2 Cell 2<\/td>\n<td>Raw 2 Cell 3<\/td>\n<td>Raw 2 Cell 4<\/td>\n<\/tr>\n<tr>\n<td>3<\/td>\n<td>Raw 3 Cell 1<\/td>\n<td>Raw 3 Cell 2<\/td>\n<td>Raw 3 Cell 3<\/td>\n<td>Raw 3 Cell 4<\/td>\n<\/tr>\n<\/tbody>\n<\/table>\n<p><\/div><\/div><\/div><\/div><\/div><div class=\"vc_row wpb_row vc_row-fluid\"><div class=\"wpb_column vc_column_container vc_col-sm-12\"><div class=\"vc_column-inner\"><div class=\"wpb_wrapper\"><div class=\"vc_empty_space\"   style=\"height: 1.25em\"><span class=\"vc_empty_space_inner\"><\/span><\/div><h3 class=\"sc_title sc_title_underline margin_top_medium margin_bottom_small\">INPUTS AND BUTTONS<\/h3><div class=\"vc_empty_space\"   style=\"height: 2.188rem\"><span class=\"vc_empty_space_inner\"><\/span><\/div><\/div><\/div><\/div><\/div>\n<\/div>"},"excerpt":{"rendered":"H1 HEADING Duis autem vel eum iriure dolor in hendrerit in vulputate velit esse molestie consequat, vel illum dolore eu feugiat nulla facilisis at vero eros et accumsan et iusto [...]"},"author":990003,"featured_media":0,"parent":0,"menu_order":0,"comment_status":"closed","ping_status":"closed","template":"","meta":{"inline_featured_image":false,"_monsterinsights_skip_tracking":false,"_monsterinsights_sitenote_active":false,"_monsterinsights_sitenote_note":"","_monsterinsights_sitenote_category":0,"footnotes":""},"class_list":["post-5","page","type-page","status-publish","hentry"],"yoast_head":"<!-- This site is optimized with the Yoast SEO plugin v25.3 - https:\/\/yoast.com\/wordpress\/plugins\/seo\/ -->\n<title>Typography - SIC - Servi\u00e7o de Investiga\u00e7\u00e3o Criminal Angola<\/title>\n<meta name=\"robots\" content=\"index, follow, max-snippet:-1, max-image-preview:large, max-video-preview:-1\" \/>\n<link rel=\"canonical\" href=\"https:\/\/sic.gov.ao\/en\/typography\/\" \/>\n<meta property=\"og:locale\" content=\"en_GB\" \/>\n<meta property=\"og:type\" content=\"article\" \/>\n<meta property=\"og:title\" content=\"Typography - SIC - Servi\u00e7o de Investiga\u00e7\u00e3o Criminal Angola\" \/>\n<meta property=\"og:url\" content=\"https:\/\/sic.gov.ao\/en\/typography\/\" \/>\n<meta property=\"og:site_name\" content=\"SIC - Servi\u00e7o de Investiga\u00e7\u00e3o Criminal Angola\" \/>\n<meta property=\"article:modified_time\" content=\"2020-01-16T08:55:22+00:00\" \/>\n<meta property=\"og:image\" content=\"https:\/\/sic.gov.ao\/wp-content\/uploads\/2020\/05\/Sem-t\u00edtulo-1.png\" \/>\n\t<meta property=\"og:image:width\" content=\"2115\" \/>\n\t<meta property=\"og:image:height\" content=\"2115\" \/>\n\t<meta property=\"og:image:type\" content=\"image\/png\" \/>\n<meta name=\"twitter:card\" content=\"summary_large_image\" \/>\n<meta name=\"twitter:label1\" content=\"Estimated reading time\" \/>\n\t<meta name=\"twitter:data1\" content=\"10 minutes\" \/>\n<script type=\"application\/ld+json\" class=\"yoast-schema-graph\">{\"@context\":\"https:\/\/schema.org\",\"@graph\":[{\"@type\":\"WebPage\",\"@id\":\"https:\/\/sic.gov.ao\/typography\/\",\"url\":\"https:\/\/sic.gov.ao\/typography\/\",\"name\":\"Typography - SIC - Servi\u00e7o de Investiga\u00e7\u00e3o Criminal Angola\",\"isPartOf\":{\"@id\":\"https:\/\/sic.gov.ao\/#website\"},\"datePublished\":\"2016-04-27T12:05:27+00:00\",\"dateModified\":\"2020-01-16T08:55:22+00:00\",\"breadcrumb\":{\"@id\":\"https:\/\/sic.gov.ao\/typography\/#breadcrumb\"},\"inLanguage\":\"en-GB\",\"potentialAction\":[{\"@type\":\"ReadAction\",\"target\":[\"https:\/\/sic.gov.ao\/typography\/\"]}]},{\"@type\":\"BreadcrumbList\",\"@id\":\"https:\/\/sic.gov.ao\/typography\/#breadcrumb\",\"itemListElement\":[{\"@type\":\"ListItem\",\"position\":1,\"name\":\"Home\",\"item\":\"https:\/\/sic.gov.ao\/\"},{\"@type\":\"ListItem\",\"position\":2,\"name\":\"Typography\"}]},{\"@type\":\"WebSite\",\"@id\":\"https:\/\/sic.gov.ao\/#website\",\"url\":\"https:\/\/sic.gov.ao\/\",\"name\":\"SIC - Servi\u00e7o de Investiga\u00e7\u00e3o Criminal Angola\",\"description\":\"\",\"potentialAction\":[{\"@type\":\"SearchAction\",\"target\":{\"@type\":\"EntryPoint\",\"urlTemplate\":\"https:\/\/sic.gov.ao\/?s={search_term_string}\"},\"query-input\":{\"@type\":\"PropertyValueSpecification\",\"valueRequired\":true,\"valueName\":\"search_term_string\"}}],\"inLanguage\":\"en-GB\"}]}<\/script>\n<!-- \/ Yoast SEO plugin. -->","yoast_head_json":{"title":"Typography - SIC - Servi\u00e7o de Investiga\u00e7\u00e3o Criminal Angola","robots":{"index":"index","follow":"follow","max-snippet":"max-snippet:-1","max-image-preview":"max-image-preview:large","max-video-preview":"max-video-preview:-1"},"canonical":"https:\/\/sic.gov.ao\/en\/typography\/","og_locale":"en_GB","og_type":"article","og_title":"Typography - SIC - Servi\u00e7o de Investiga\u00e7\u00e3o Criminal Angola","og_url":"https:\/\/sic.gov.ao\/en\/typography\/","og_site_name":"SIC - Servi\u00e7o de Investiga\u00e7\u00e3o Criminal Angola","article_modified_time":"2020-01-16T08:55:22+00:00","og_image":[{"width":2115,"height":2115,"url":"https:\/\/sic.gov.ao\/wp-content\/uploads\/2020\/05\/Sem-t\u00edtulo-1.png","type":"image\/png"}],"twitter_card":"summary_large_image","twitter_misc":{"Estimated reading time":"10 minutes"},"schema":{"@context":"https:\/\/schema.org","@graph":[{"@type":"WebPage","@id":"https:\/\/sic.gov.ao\/typography\/","url":"https:\/\/sic.gov.ao\/typography\/","name":"Typography - SIC - Servi\u00e7o de Investiga\u00e7\u00e3o Criminal Angola","isPartOf":{"@id":"https:\/\/sic.gov.ao\/#website"},"datePublished":"2016-04-27T12:05:27+00:00","dateModified":"2020-01-16T08:55:22+00:00","breadcrumb":{"@id":"https:\/\/sic.gov.ao\/typography\/#breadcrumb"},"inLanguage":"en-GB","potentialAction":[{"@type":"ReadAction","target":["https:\/\/sic.gov.ao\/typography\/"]}]},{"@type":"BreadcrumbList","@id":"https:\/\/sic.gov.ao\/typography\/#breadcrumb","itemListElement":[{"@type":"ListItem","position":1,"name":"Home","item":"https:\/\/sic.gov.ao\/"},{"@type":"ListItem","position":2,"name":"Typography"}]},{"@type":"WebSite","@id":"https:\/\/sic.gov.ao\/#website","url":"https:\/\/sic.gov.ao\/","name":"SIC - Angola Criminal Investigation Service","description":"","potentialAction":[{"@type":"SearchAction","target":{"@type":"EntryPoint","urlTemplate":"https:\/\/sic.gov.ao\/?s={search_term_string}"},"query-input":{"@type":"PropertyValueSpecification","valueRequired":true,"valueName":"search_term_string"}}],"inLanguage":"en-GB"}]}},"_links":{"self":[{"href":"https:\/\/sic.gov.ao\/en\/wp-json\/wp\/v2\/pages\/5"}],"collection":[{"href":"https:\/\/sic.gov.ao\/en\/wp-json\/wp\/v2\/pages"}],"about":[{"href":"https:\/\/sic.gov.ao\/en\/wp-json\/wp\/v2\/types\/page"}],"author":[{"embeddable":true,"href":"https:\/\/sic.gov.ao\/en\/wp-json\/wp\/v2\/users\/990003"}],"replies":[{"embeddable":true,"href":"https:\/\/sic.gov.ao\/en\/wp-json\/wp\/v2\/comments?post=5"}],"version-history":[{"count":0,"href":"https:\/\/sic.gov.ao\/en\/wp-json\/wp\/v2\/pages\/5\/revisions"}],"wp:attachment":[{"href":"https:\/\/sic.gov.ao\/en\/wp-json\/wp\/v2\/media?parent=5"}],"curies":[{"name":"wp","href":"https:\/\/api.w.org\/{rel}","templated":true}]}}