{"id":2515,"date":"2020-10-26T11:29:37","date_gmt":"2020-10-26T10:29:37","guid":{"rendered":"https:\/\/sic.gov.ao\/?page_id=2515"},"modified":"2020-10-30T11:11:24","modified_gmt":"2020-10-30T10:11:24","slug":"conselhos-de-prevencao-de-furtos","status":"publish","type":"page","link":"https:\/\/sic.gov.ao\/en\/conselhos-de-prevencao-de-furtos\/","title":{"rendered":"Conselhos de preven\u00e7\u00e3o de furtos de\/em ve\u00edculos"},"content":{"rendered":"<div class=\"wpb-content-wrapper\"><div class=\"vc_row wpb_row vc_row-fluid vc_custom_1604052679485\"><div class=\"wpb_column vc_column_container vc_col-sm-12\"><div class=\"vc_column-inner vc_custom_1603708584348\"><div class=\"wpb_wrapper\"><h3 class=\"sc_title sc_title_underline sc_align_left margin_top_small margin_bottom_small\" style=\"text-align:left;\">Advice on preventing vehicle theft:<\/h3><div class=\"sc_accordion sc_show_counter\" data-active=\"0\"><div class=\"sc_accordion_item odd first\"><h6 class=\"sc_accordion_title\"><span class=\"sc_accordion_icon sc_accordion_icon_closed icon-right\"><\/span><span class=\"sc_accordion_icon sc_accordion_icon_opened icon-down\"><\/span><span class=\"sc_items_counter\">1<\/span>In addition to closing your car<\/h6><div class=\"sc_accordion_content\">\n\t<div class=\"wpb_text_column wpb_content_element\" >\n\t\t<div class=\"wpb_wrapper\">\n\t\t\t<ul class=\"bullet-list\">\n<li>Lock the doors.<\/li>\n<li>Guarde as chaves sobressalentes em casa ou no seu bolso, mas nunca no interior da viatura.<\/li>\n<li>Replace door locks with thin headless rods. It is thus practically impossible to pull them with a wire.<\/li>\n<li>When parking, leave the engine side facing the most visible location. If someone moves it, it will be more easily detected.<\/li>\n<li>Even if your absence is brief, never let the engine run. Not even in a car park.<\/li>\n<li>Use a lock, pedal stick or steering wheel visible from the outside.<\/li>\n<li>Use a lockable fuel filler cap.<\/li>\n<\/ul>\n\n\t\t<\/div>\n\t<\/div>\n<\/div><\/div><div class=\"sc_accordion_item even\"><h6 class=\"sc_accordion_title\"><span class=\"sc_accordion_icon sc_accordion_icon_closed icon-right\"><\/span><span class=\"sc_accordion_icon sc_accordion_icon_opened icon-down\"><\/span><span class=\"sc_items_counter\">2<\/span>Como evitar o furto de objectos deixados no interior do seu carro?<\/h6><div class=\"sc_accordion_content\">\n\t<div class=\"wpb_text_column wpb_content_element\" >\n\t\t<div class=\"wpb_wrapper\">\n\t\t\t<p>The best way is, of course, never to do it, but if this is not possible then:<\/p>\n<ul class=\"bullet-list\">\n<li>Feche-os no porta- bagagens, mas fa\u00e7a-o antes de chegar ao local onde vai estacionar, porque pode estar a ser observado. Os marginais utilizam muito o sistema de vigiar os parques, vendo quem guarda objectos de valor na mala do carro e agindo posteriormente com lucro.<\/li>\n<li>Nunca deixe no porta-luvas os documentos da sua viatura, livros de cheques, cart\u00f5es de cr\u00e9dito, armas de defesa pessoal etc&#8230; Lembre-se que este local oferece pouca seguran\u00e7a e constitui um dos primeiros &#8220;esconderijos&#8221; a despertar a aten\u00e7\u00e3o do delinquente.<\/li>\n<li>When traveling, do not leave your luggage in the trunk when you stop overnight, as its weight and the consequent pressure it exerts on the shock absorber system are easily detectable by a \u201cprofessional\u201d.<\/li>\n<li>Install a removable system \u2013 the drawer \u2013 for your radio and cassette player.<\/li>\n<\/ul>\n\n\t\t<\/div>\n\t<\/div>\n<\/div><\/div><div id=\"sc_accordion_item_1603708101349_0\" class=\"sc_accordion_item odd\"><h6 class=\"sc_accordion_title\"><span class=\"sc_accordion_icon sc_accordion_icon_closed icon-right\"><\/span><span class=\"sc_accordion_icon sc_accordion_icon_opened icon-down\"><\/span><span class=\"sc_items_counter\">3<\/span>Prevention is the best protection<\/h6><div class=\"sc_accordion_content\">\n\t<div class=\"wpb_text_column wpb_content_element\" >\n\t\t<div class=\"wpb_wrapper\">\n\t\t\t<p>What to do if, despite all precautions, you are the victim of a theft?<\/p>\n<ul class=\"bullet-list\">\n<li>Immediately report to the law enforcement authority with jurisdiction in that area.<\/li>\n<li>Make a detailed report with precise indications regarding the vehicle and its characteristics, namely if there are special brands that can facilitate its recovery.<\/li>\n<li>Give as accurate a description as possible of the valuables that were inside the vehicle.<\/li>\n<li>Instale um localizador GPS na viatura por forma a saber a sua localiza\u00e7\u00e3o depois de ser roubada.<\/li>\n<\/ul>\n\n\t\t<\/div>\n\t<\/div>\n<\/div><\/div><\/div><div class=\"vc_btn3-container vc_btn3-inline vc_custom_1603708608210\" ><a class=\"vc_general vc_btn3 vc_btn3-size-sm vc_btn3-shape-rounded vc_btn3-style-flat vc_btn3-color-sky\" href=\"https:\/\/sic.gov.ao\/en\/viaturas-roubadas\/\" title=\"stolen vehicles\">Voltar para viaturas roubadas<\/a><\/div><\/div><\/div><\/div><\/div>\n<\/div>"},"excerpt":{"rendered":"Conselhos de preven\u00e7\u00e3o de furtos de\/em ve\u00edculos:1Al\u00e9m de fechar o seu carro Tranque as portas. Guarde as chaves sobressalentes em casa ou no seu bolso, mas nunca no interior da [...]"},"author":2,"featured_media":0,"parent":0,"menu_order":0,"comment_status":"closed","ping_status":"closed","template":"","meta":{"inline_featured_image":false,"_monsterinsights_skip_tracking":false,"_monsterinsights_sitenote_active":false,"_monsterinsights_sitenote_note":"","_monsterinsights_sitenote_category":0,"footnotes":""},"class_list":["post-2515","page","type-page","status-publish","hentry"],"yoast_head":"<!-- This site is optimized with the Yoast SEO plugin v25.3 - https:\/\/yoast.com\/wordpress\/plugins\/seo\/ -->\n<title>Conselhos de preven\u00e7\u00e3o de furtos de\/em ve\u00edculos - SIC - Servi\u00e7o de Investiga\u00e7\u00e3o Criminal Angola<\/title>\n<meta name=\"robots\" content=\"index, follow, max-snippet:-1, max-image-preview:large, max-video-preview:-1\" \/>\n<link rel=\"canonical\" href=\"https:\/\/sic.gov.ao\/en\/conselhos-de-prevencao-de-furtos\/\" \/>\n<meta property=\"og:locale\" content=\"en_GB\" \/>\n<meta property=\"og:type\" content=\"article\" \/>\n<meta property=\"og:title\" content=\"Conselhos de preven\u00e7\u00e3o de furtos de\/em ve\u00edculos - SIC - Servi\u00e7o de Investiga\u00e7\u00e3o Criminal Angola\" \/>\n<meta property=\"og:url\" content=\"https:\/\/sic.gov.ao\/en\/conselhos-de-prevencao-de-furtos\/\" \/>\n<meta property=\"og:site_name\" content=\"SIC - Servi\u00e7o de Investiga\u00e7\u00e3o Criminal Angola\" \/>\n<meta property=\"article:modified_time\" content=\"2020-10-30T10:11:24+00:00\" \/>\n<meta property=\"og:image\" content=\"https:\/\/sic.gov.ao\/wp-content\/uploads\/2020\/05\/Sem-t\u00edtulo-1.png\" \/>\n\t<meta property=\"og:image:width\" content=\"2115\" \/>\n\t<meta property=\"og:image:height\" content=\"2115\" \/>\n\t<meta property=\"og:image:type\" content=\"image\/png\" \/>\n<meta name=\"twitter:card\" content=\"summary_large_image\" \/>\n<meta name=\"twitter:label1\" content=\"Estimated reading time\" \/>\n\t<meta name=\"twitter:data1\" content=\"3 minutes\" \/>\n<script type=\"application\/ld+json\" class=\"yoast-schema-graph\">{\"@context\":\"https:\/\/schema.org\",\"@graph\":[{\"@type\":\"WebPage\",\"@id\":\"https:\/\/sic.gov.ao\/conselhos-de-prevencao-de-furtos\/\",\"url\":\"https:\/\/sic.gov.ao\/conselhos-de-prevencao-de-furtos\/\",\"name\":\"Conselhos de preven\u00e7\u00e3o de furtos de\/em ve\u00edculos - SIC - Servi\u00e7o de Investiga\u00e7\u00e3o Criminal Angola\",\"isPartOf\":{\"@id\":\"https:\/\/sic.gov.ao\/#website\"},\"datePublished\":\"2020-10-26T10:29:37+00:00\",\"dateModified\":\"2020-10-30T10:11:24+00:00\",\"breadcrumb\":{\"@id\":\"https:\/\/sic.gov.ao\/conselhos-de-prevencao-de-furtos\/#breadcrumb\"},\"inLanguage\":\"en-GB\",\"potentialAction\":[{\"@type\":\"ReadAction\",\"target\":[\"https:\/\/sic.gov.ao\/conselhos-de-prevencao-de-furtos\/\"]}]},{\"@type\":\"BreadcrumbList\",\"@id\":\"https:\/\/sic.gov.ao\/conselhos-de-prevencao-de-furtos\/#breadcrumb\",\"itemListElement\":[{\"@type\":\"ListItem\",\"position\":1,\"name\":\"Home\",\"item\":\"https:\/\/sic.gov.ao\/\"},{\"@type\":\"ListItem\",\"position\":2,\"name\":\"Conselhos de preven\u00e7\u00e3o de furtos de\/em ve\u00edculos\"}]},{\"@type\":\"WebSite\",\"@id\":\"https:\/\/sic.gov.ao\/#website\",\"url\":\"https:\/\/sic.gov.ao\/\",\"name\":\"SIC - Servi\u00e7o de Investiga\u00e7\u00e3o Criminal Angola\",\"description\":\"\",\"potentialAction\":[{\"@type\":\"SearchAction\",\"target\":{\"@type\":\"EntryPoint\",\"urlTemplate\":\"https:\/\/sic.gov.ao\/?s={search_term_string}\"},\"query-input\":{\"@type\":\"PropertyValueSpecification\",\"valueRequired\":true,\"valueName\":\"search_term_string\"}}],\"inLanguage\":\"en-GB\"}]}<\/script>\n<!-- \/ Yoast SEO plugin. -->","yoast_head_json":{"title":"Conselhos de preven\u00e7\u00e3o de furtos de\/em ve\u00edculos - SIC - Servi\u00e7o de Investiga\u00e7\u00e3o Criminal Angola","robots":{"index":"index","follow":"follow","max-snippet":"max-snippet:-1","max-image-preview":"max-image-preview:large","max-video-preview":"max-video-preview:-1"},"canonical":"https:\/\/sic.gov.ao\/en\/conselhos-de-prevencao-de-furtos\/","og_locale":"en_GB","og_type":"article","og_title":"Conselhos de preven\u00e7\u00e3o de furtos de\/em ve\u00edculos - SIC - Servi\u00e7o de Investiga\u00e7\u00e3o Criminal Angola","og_url":"https:\/\/sic.gov.ao\/en\/conselhos-de-prevencao-de-furtos\/","og_site_name":"SIC - Servi\u00e7o de Investiga\u00e7\u00e3o Criminal Angola","article_modified_time":"2020-10-30T10:11:24+00:00","og_image":[{"width":2115,"height":2115,"url":"https:\/\/sic.gov.ao\/wp-content\/uploads\/2020\/05\/Sem-t\u00edtulo-1.png","type":"image\/png"}],"twitter_card":"summary_large_image","twitter_misc":{"Estimated reading time":"3 minutes"},"schema":{"@context":"https:\/\/schema.org","@graph":[{"@type":"WebPage","@id":"https:\/\/sic.gov.ao\/conselhos-de-prevencao-de-furtos\/","url":"https:\/\/sic.gov.ao\/conselhos-de-prevencao-de-furtos\/","name":"Conselhos de preven\u00e7\u00e3o de furtos de\/em ve\u00edculos - SIC - Servi\u00e7o de Investiga\u00e7\u00e3o Criminal Angola","isPartOf":{"@id":"https:\/\/sic.gov.ao\/#website"},"datePublished":"2020-10-26T10:29:37+00:00","dateModified":"2020-10-30T10:11:24+00:00","breadcrumb":{"@id":"https:\/\/sic.gov.ao\/conselhos-de-prevencao-de-furtos\/#breadcrumb"},"inLanguage":"en-GB","potentialAction":[{"@type":"ReadAction","target":["https:\/\/sic.gov.ao\/conselhos-de-prevencao-de-furtos\/"]}]},{"@type":"BreadcrumbList","@id":"https:\/\/sic.gov.ao\/conselhos-de-prevencao-de-furtos\/#breadcrumb","itemListElement":[{"@type":"ListItem","position":1,"name":"Home","item":"https:\/\/sic.gov.ao\/"},{"@type":"ListItem","position":2,"name":"Conselhos de preven\u00e7\u00e3o de furtos de\/em ve\u00edculos"}]},{"@type":"WebSite","@id":"https:\/\/sic.gov.ao\/#website","url":"https:\/\/sic.gov.ao\/","name":"SIC - Angola Criminal Investigation Service","description":"","potentialAction":[{"@type":"SearchAction","target":{"@type":"EntryPoint","urlTemplate":"https:\/\/sic.gov.ao\/?s={search_term_string}"},"query-input":{"@type":"PropertyValueSpecification","valueRequired":true,"valueName":"search_term_string"}}],"inLanguage":"en-GB"}]}},"_links":{"self":[{"href":"https:\/\/sic.gov.ao\/en\/wp-json\/wp\/v2\/pages\/2515"}],"collection":[{"href":"https:\/\/sic.gov.ao\/en\/wp-json\/wp\/v2\/pages"}],"about":[{"href":"https:\/\/sic.gov.ao\/en\/wp-json\/wp\/v2\/types\/page"}],"author":[{"embeddable":true,"href":"https:\/\/sic.gov.ao\/en\/wp-json\/wp\/v2\/users\/2"}],"replies":[{"embeddable":true,"href":"https:\/\/sic.gov.ao\/en\/wp-json\/wp\/v2\/comments?post=2515"}],"version-history":[{"count":10,"href":"https:\/\/sic.gov.ao\/en\/wp-json\/wp\/v2\/pages\/2515\/revisions"}],"predecessor-version":[{"id":2678,"href":"https:\/\/sic.gov.ao\/en\/wp-json\/wp\/v2\/pages\/2515\/revisions\/2678"}],"wp:attachment":[{"href":"https:\/\/sic.gov.ao\/en\/wp-json\/wp\/v2\/media?parent=2515"}],"curies":[{"name":"wp","href":"https:\/\/api.w.org\/{rel}","templated":true}]}}