{"id":2224,"date":"2020-10-16T10:40:22","date_gmt":"2020-10-16T09:40:22","guid":{"rendered":"https:\/\/sic.gov.ao\/?page_id=2224"},"modified":"2021-08-24T15:48:15","modified_gmt":"2021-08-24T14:48:15","slug":"veiculos-roubados","status":"publish","type":"page","link":"https:\/\/sic.gov.ao\/en\/veiculos-roubados\/","title":{"rendered":"Stolen Vehicles"},"content":{"rendered":"<div class=\"wpb-content-wrapper\"><div class=\"vc_row wpb_row vc_row-fluid\"><div class=\"wpb_column vc_column_container vc_col-sm-12\"><div class=\"vc_column-inner\"><div class=\"wpb_wrapper\"><div class=\"vc_empty_space\"   style=\"height: 32px\"><span class=\"vc_empty_space_inner\"><\/span><\/div>\n\t<div class=\"wpb_text_column wpb_content_element\" >\n\t\t<div class=\"wpb_wrapper\">\n\t\t\t<div>On this page you can find all the Stolen Vehicles information<\/div>\n\n\t\t<\/div>\n\t<\/div>\n<div class=\"vc_empty_space\"   style=\"height: 32px\"><span class=\"vc_empty_space_inner\"><\/span><\/div>\n\t<div class=\"wpb_text_column wpb_content_element\" >\n\t\t<div class=\"wpb_wrapper\">\n\t\t\t\n<!-- iframe plugin v.5.2 wordpress.org\/plugins\/iframe\/ -->\n<iframe src class=\"frame-backoffice\" width=\"100%\" height data-href=\"\/embed\/vehicles\/stolen\" style=\"margin-top: 2.5em\" scrolling=\"yes\" frameborder=\"0\"><\/iframe>\n\n\n\t\t<\/div>\n\t<\/div>\n<\/div><\/div><\/div><\/div><div class=\"vc_row wpb_row vc_row-fluid\"><div class=\"wpb_column vc_column_container vc_col-sm-6\"><div class=\"vc_column-inner\"><div class=\"wpb_wrapper\"><h5 class=\"sc_title sc_title_underline sc_align_left margin_top_small margin_bottom_small\" style=\"text-align:left;\">Participate vehicle theft<\/h5><div class=\"vc_message_box vc_message_box-standard vc_message_box-rounded vc_color-danger\" ><div class=\"vc_message_box-icon\"><i class=\"fas fa-exclamation-triangle\"><\/i><\/div><p>Reporting vehicles as missing as an attempted fraud is a criminal offense punishable by law.<\/p>\n<\/div>\n\t<div class=\"wpb_text_column wpb_content_element\" >\n\t\t<div class=\"wpb_wrapper\">\n\t\t\t\n<!-- iframe plugin v.5.2 wordpress.org\/plugins\/iframe\/ -->\n<iframe src class=\"frame-backoffice\" width=\"100%\" height data-href=\"\/embed\/vehicles\/form\" scrolling=\"yes\" frameborder=\"0\"><\/iframe>\n\n\n\t\t<\/div>\n\t<\/div>\n<\/div><\/div><\/div><div class=\"wpb_column vc_column_container vc_col-sm-6\"><div class=\"vc_column-inner\"><div class=\"wpb_wrapper\"><h5 class=\"sc_title sc_title_underline sc_align_left margin_top_small margin_bottom_small\" style=\"text-align:left;\">Advice on preventing vehicle theft:<\/h5><div class=\"sc_accordion sc_show_counter\" data-active=\"0\"><div class=\"sc_accordion_item odd first\"><h6 class=\"sc_accordion_title\"><span class=\"sc_accordion_icon sc_accordion_icon_closed icon-right\"><\/span><span class=\"sc_accordion_icon sc_accordion_icon_opened icon-down\"><\/span><span class=\"sc_items_counter\">1<\/span>In addition to closing your car<\/h6><div class=\"sc_accordion_content\">\n\t<div class=\"wpb_text_column wpb_content_element\" >\n\t\t<div class=\"wpb_wrapper\">\n\t\t\t<ul class=\"bullet-list\">\n<li>Lock the doors.<\/li>\n<li>Keep spare keys at home or in your pocket, but never inside your vehicle.<\/li>\n<li>Replace door locks with thin headless rods. It is thus practically impossible to pull them with a wire.<\/li>\n<li>When parking, leave the engine side facing the most visible location. If someone moves it, it will be more easily detected.<\/li>\n<li>Even if your absence is brief, never let the engine run. Not even in a car park.<\/li>\n<li>Use a lock, pedal stick or steering wheel visible from the outside.<\/li>\n<li>Use a lockable fuel filler cap.<\/li>\n<\/ul>\n\n\t\t<\/div>\n\t<\/div>\n<\/div><\/div><div class=\"sc_accordion_item even\"><h6 class=\"sc_accordion_title\"><span class=\"sc_accordion_icon sc_accordion_icon_closed icon-right\"><\/span><span class=\"sc_accordion_icon sc_accordion_icon_opened icon-down\"><\/span><span class=\"sc_items_counter\">2<\/span>How to prevent the theft of objects left inside your vehicle?<\/h6><div class=\"sc_accordion_content\">\n\t<div class=\"wpb_text_column wpb_content_element\" >\n\t\t<div class=\"wpb_wrapper\">\n\t\t\t<p>The best way is, of course, never to do it, but if this is not possible then:<\/p>\n<ul class=\"bullet-list\">\n<li>Lock them in the trunk, but do so before reaching the place where you are going to park, as you may be being watched. The criminals use the system to monitor the parks a lot, seeing who keeps valuables in the trunk of the vehicle and later acting profitably.<\/li>\n<li>Never leave your vehicle&#039;s documents in the glove compartment, check books, credit cards, self-defense weapons, among others. Remember that this place offers little security and is one of the first \u201chiding places\u201d to attract the attention of the offender.<\/li>\n<li>When traveling, do not leave your luggage in the trunk when you stop overnight, as its weight and the consequent pressure it exerts on the shock absorber system are easily detectable by a \u201cprofessional\u201d.<\/li>\n<li>Install a removable system \u2013 the drawer \u2013 for your radio and cassette player.<\/li>\n<\/ul>\n\n\t\t<\/div>\n\t<\/div>\n<\/div><\/div><div id=\"sc_accordion_item_1603708101349_0\" class=\"sc_accordion_item odd\"><h6 class=\"sc_accordion_title\"><span class=\"sc_accordion_icon sc_accordion_icon_closed icon-right\"><\/span><span class=\"sc_accordion_icon sc_accordion_icon_opened icon-down\"><\/span><span class=\"sc_items_counter\">3<\/span>Prevention is the best protection<\/h6><div class=\"sc_accordion_content\">\n\t<div class=\"wpb_text_column wpb_content_element\" >\n\t\t<div class=\"wpb_wrapper\">\n\t\t\t<p>What to do if, despite all precautions, you are the victim of a theft?<\/p>\n<ul class=\"bullet-list\">\n<li>Immediately report to the law enforcement authority with jurisdiction in that area.<\/li>\n<li>Make a detailed report with precise indications regarding the vehicle and its characteristics, namely if there are special brands that can facilitate its recovery.<\/li>\n<li>Give as accurate a description as possible of the valuables that were inside the vehicle.<\/li>\n<li>Install a GPS locator in the vehicle so that it knows its location after it is stolen.<\/li>\n<\/ul>\n\n\t\t<\/div>\n\t<\/div>\n<\/div><\/div><\/div><\/div><\/div><\/div><\/div>\n<\/div>"},"excerpt":{"rendered":"On this page you can find all the information about Stolen Vehicles Reporting Vehicle TheftReporting vehicles as missing as an attempt of fraud is a crime punishable by law. Prevention advice from [...]"},"author":2,"featured_media":0,"parent":0,"menu_order":0,"comment_status":"closed","ping_status":"closed","template":"","meta":{"inline_featured_image":false,"_monsterinsights_skip_tracking":false,"_monsterinsights_sitenote_active":false,"_monsterinsights_sitenote_note":"","_monsterinsights_sitenote_category":0,"footnotes":""},"class_list":["post-2224","page","type-page","status-publish","hentry"],"yoast_head":"<!-- This site is optimized with the Yoast SEO plugin v25.3 - https:\/\/yoast.com\/wordpress\/plugins\/seo\/ -->\n<title>Ve\u00edculos Roubados - SIC - Servi\u00e7o de Investiga\u00e7\u00e3o Criminal Angola<\/title>\n<meta name=\"robots\" content=\"index, follow, max-snippet:-1, max-image-preview:large, max-video-preview:-1\" \/>\n<link rel=\"canonical\" href=\"https:\/\/sic.gov.ao\/en\/veiculos-roubados\/\" \/>\n<meta property=\"og:locale\" content=\"en_GB\" \/>\n<meta property=\"og:type\" content=\"article\" \/>\n<meta property=\"og:title\" content=\"Ve\u00edculos Roubados - SIC - Servi\u00e7o de Investiga\u00e7\u00e3o Criminal Angola\" \/>\n<meta property=\"og:url\" content=\"https:\/\/sic.gov.ao\/en\/veiculos-roubados\/\" \/>\n<meta property=\"og:site_name\" content=\"SIC - Servi\u00e7o de Investiga\u00e7\u00e3o Criminal Angola\" \/>\n<meta property=\"article:modified_time\" content=\"2021-08-24T14:48:15+00:00\" \/>\n<meta property=\"og:image\" content=\"https:\/\/sic.gov.ao\/wp-content\/uploads\/2020\/05\/Sem-t\u00edtulo-1.png\" \/>\n\t<meta property=\"og:image:width\" content=\"2115\" \/>\n\t<meta property=\"og:image:height\" content=\"2115\" \/>\n\t<meta property=\"og:image:type\" content=\"image\/png\" \/>\n<meta name=\"twitter:card\" content=\"summary_large_image\" \/>\n<meta name=\"twitter:label1\" content=\"Estimated reading time\" \/>\n\t<meta name=\"twitter:data1\" content=\"2 minutes\" \/>\n<script type=\"application\/ld+json\" class=\"yoast-schema-graph\">{\"@context\":\"https:\/\/schema.org\",\"@graph\":[{\"@type\":\"WebPage\",\"@id\":\"https:\/\/sic.gov.ao\/fr\/veiculos-roubados\/\",\"url\":\"https:\/\/sic.gov.ao\/fr\/veiculos-roubados\/\",\"name\":\"Ve\u00edculos Roubados - SIC - Servi\u00e7o de Investiga\u00e7\u00e3o Criminal Angola\",\"isPartOf\":{\"@id\":\"https:\/\/sic.gov.ao\/#website\"},\"datePublished\":\"2020-10-16T09:40:22+00:00\",\"dateModified\":\"2021-08-24T14:48:15+00:00\",\"breadcrumb\":{\"@id\":\"https:\/\/sic.gov.ao\/fr\/veiculos-roubados\/#breadcrumb\"},\"inLanguage\":\"en-GB\",\"potentialAction\":[{\"@type\":\"ReadAction\",\"target\":[\"https:\/\/sic.gov.ao\/fr\/veiculos-roubados\/\"]}]},{\"@type\":\"BreadcrumbList\",\"@id\":\"https:\/\/sic.gov.ao\/fr\/veiculos-roubados\/#breadcrumb\",\"itemListElement\":[{\"@type\":\"ListItem\",\"position\":1,\"name\":\"Home\",\"item\":\"https:\/\/sic.gov.ao\/\"},{\"@type\":\"ListItem\",\"position\":2,\"name\":\"Ve\u00edculos Roubados\"}]},{\"@type\":\"WebSite\",\"@id\":\"https:\/\/sic.gov.ao\/#website\",\"url\":\"https:\/\/sic.gov.ao\/\",\"name\":\"SIC - Servi\u00e7o de Investiga\u00e7\u00e3o Criminal Angola\",\"description\":\"\",\"potentialAction\":[{\"@type\":\"SearchAction\",\"target\":{\"@type\":\"EntryPoint\",\"urlTemplate\":\"https:\/\/sic.gov.ao\/?s={search_term_string}\"},\"query-input\":{\"@type\":\"PropertyValueSpecification\",\"valueRequired\":true,\"valueName\":\"search_term_string\"}}],\"inLanguage\":\"en-GB\"}]}<\/script>\n<!-- \/ Yoast SEO plugin. -->","yoast_head_json":{"title":"Ve\u00edculos Roubados - SIC - Servi\u00e7o de Investiga\u00e7\u00e3o Criminal Angola","robots":{"index":"index","follow":"follow","max-snippet":"max-snippet:-1","max-image-preview":"max-image-preview:large","max-video-preview":"max-video-preview:-1"},"canonical":"https:\/\/sic.gov.ao\/en\/veiculos-roubados\/","og_locale":"en_GB","og_type":"article","og_title":"Ve\u00edculos Roubados - SIC - Servi\u00e7o de Investiga\u00e7\u00e3o Criminal Angola","og_url":"https:\/\/sic.gov.ao\/en\/veiculos-roubados\/","og_site_name":"SIC - Servi\u00e7o de Investiga\u00e7\u00e3o Criminal Angola","article_modified_time":"2021-08-24T14:48:15+00:00","og_image":[{"width":2115,"height":2115,"url":"https:\/\/sic.gov.ao\/wp-content\/uploads\/2020\/05\/Sem-t\u00edtulo-1.png","type":"image\/png"}],"twitter_card":"summary_large_image","twitter_misc":{"Estimated reading time":"2 minutes"},"schema":{"@context":"https:\/\/schema.org","@graph":[{"@type":"WebPage","@id":"https:\/\/sic.gov.ao\/fr\/veiculos-roubados\/","url":"https:\/\/sic.gov.ao\/fr\/veiculos-roubados\/","name":"Ve\u00edculos Roubados - SIC - Servi\u00e7o de Investiga\u00e7\u00e3o Criminal Angola","isPartOf":{"@id":"https:\/\/sic.gov.ao\/#website"},"datePublished":"2020-10-16T09:40:22+00:00","dateModified":"2021-08-24T14:48:15+00:00","breadcrumb":{"@id":"https:\/\/sic.gov.ao\/fr\/veiculos-roubados\/#breadcrumb"},"inLanguage":"en-GB","potentialAction":[{"@type":"ReadAction","target":["https:\/\/sic.gov.ao\/fr\/veiculos-roubados\/"]}]},{"@type":"BreadcrumbList","@id":"https:\/\/sic.gov.ao\/fr\/veiculos-roubados\/#breadcrumb","itemListElement":[{"@type":"ListItem","position":1,"name":"Home","item":"https:\/\/sic.gov.ao\/"},{"@type":"ListItem","position":2,"name":"Ve\u00edculos Roubados"}]},{"@type":"WebSite","@id":"https:\/\/sic.gov.ao\/#website","url":"https:\/\/sic.gov.ao\/","name":"SIC - Angola Criminal Investigation Service","description":"","potentialAction":[{"@type":"SearchAction","target":{"@type":"EntryPoint","urlTemplate":"https:\/\/sic.gov.ao\/?s={search_term_string}"},"query-input":{"@type":"PropertyValueSpecification","valueRequired":true,"valueName":"search_term_string"}}],"inLanguage":"en-GB"}]}},"_links":{"self":[{"href":"https:\/\/sic.gov.ao\/en\/wp-json\/wp\/v2\/pages\/2224"}],"collection":[{"href":"https:\/\/sic.gov.ao\/en\/wp-json\/wp\/v2\/pages"}],"about":[{"href":"https:\/\/sic.gov.ao\/en\/wp-json\/wp\/v2\/types\/page"}],"author":[{"embeddable":true,"href":"https:\/\/sic.gov.ao\/en\/wp-json\/wp\/v2\/users\/2"}],"replies":[{"embeddable":true,"href":"https:\/\/sic.gov.ao\/en\/wp-json\/wp\/v2\/comments?post=2224"}],"version-history":[{"count":28,"href":"https:\/\/sic.gov.ao\/en\/wp-json\/wp\/v2\/pages\/2224\/revisions"}],"predecessor-version":[{"id":5305,"href":"https:\/\/sic.gov.ao\/en\/wp-json\/wp\/v2\/pages\/2224\/revisions\/5305"}],"wp:attachment":[{"href":"https:\/\/sic.gov.ao\/en\/wp-json\/wp\/v2\/media?parent=2224"}],"curies":[{"name":"wp","href":"https:\/\/api.w.org\/{rel}","templated":true}]}}