{"id":2039,"date":"2020-06-24T14:26:30","date_gmt":"2020-06-24T13:26:30","guid":{"rendered":"https:\/\/sic.gov.ao\/?page_id=2039"},"modified":"2021-02-01T10:23:51","modified_gmt":"2021-02-01T09:23:51","slug":"comunicados","status":"publish","type":"page","link":"https:\/\/sic.gov.ao\/en\/comunicados\/","title":{"rendered":"Announcements"},"content":{"rendered":"<div class=\"wpb-content-wrapper\"><div class=\"vc_row wpb_row vc_row-fluid\"><div class=\"wpb_column vc_column_container vc_col-sm-12\"><div class=\"vc_column-inner vc_custom_1605869755843\"><div class=\"wpb_wrapper\"><h3 class=\"sc_title sc_title_underline sc_align_left margin_top_small margin_bottom_tiny\" style=\"text-align:left;\">Announcements<\/h3><\/div><\/div><\/div><\/div><div class=\"vc_row wpb_row vc_row-fluid\"><div class=\"wpb_column vc_column_container vc_col-sm-12\"><div class=\"vc_column-inner\"><div class=\"wpb_wrapper\"><div class=\"vc_message_box vc_message_box-standard vc_message_box-rounded vc_color-info\" ><div class=\"vc_message_box-icon\"><i class=\"fas fa-info-circle\"><\/i><\/div><p>SIC Announcements<\/p>\n<\/div><div class=\"vc_empty_space\"   style=\"height: 35px\"><span class=\"vc_empty_space_inner\"><\/span><\/div><\/div><\/div><\/div><\/div><div class=\"vc_row wpb_row vc_row-fluid\"><div class=\"wpb_column vc_column_container vc_col-sm-12\"><div class=\"vc_column-inner\"><div class=\"wpb_wrapper\"><div class=\"sc_accordion\" data-active=\"0\"><div class=\"sc_accordion_item odd first\"><h6 class=\"sc_accordion_title\">PRESS RELEASE - September 2, 2020<\/h6><div class=\"sc_accordion_content\">\n\t<div class=\"wpb_text_column wpb_content_element\" >\n\t\t<div class=\"wpb_wrapper\">\n\t\t\t<p>The Criminal Investigation Service became aware, with concern, today, September 2, 2020, of the existence of a video circulated on social networks, where you can see the Chief Inspector of Criminal Investigation, assigned to the Criminal Investigation Department of Icolo-Bengo, handcuffed and labeled as \u201ca land swindler SIC officer\u201d.<br \/>\nIn view of this fact, the Central Directorate of Operations and the SIC\/LUANDA sent teams to the inspection facilities of the Municipal Administration of Viana, where they determined that, contrary to what was sought in the video, Officer Rodrigues is the owner of a parcel of land of (15\/15=225 m2), in the locality of Zango 3, municipality of Viana, for over 6 years, and on that day, he was notified by the Inspection, which led him to attend those facilities.<br \/>\nIn the circumstance, the officer was received in a hostile manner and forced by shoves to leave the premises. During this dispute, the inspectors, upon realizing that he was carrying a pistol on his waist, even though he did not hold or use the pistol, because the magazine was out of the weapon for safety reasons, around 30 inspectors involved him. and they took the gun violently, purposely made videos to expose his image and took him to a compartment where he was assaulted and humiliated.<br \/>\nFor this purpose, a criminal proceeding was initiated, 6 inspection elements, principally involved in the commission of these crimes, were determined and arrested, witnesses who gave their statements were also listed and tomorrow the case will be referred to the Court for Summary judgment.<\/p>\n<p>INSTITUTIONAL COMMUNICATION AND PRESS OFFICE OF THE GENERAL DIRECTORATE OF SIC, IN LUANDA, ON SEPTEMBER 2, 2020<\/p>\n<p>THE DIRECTOR \u2013 MANUEL HALAIWA<br \/>\n\/\/PRISON SUPERINTENDENT \/\/<\/p>\n\n\t\t<\/div>\n\t<\/div>\n<\/div><\/div><\/div><\/div><\/div><\/div><\/div>\n<\/div>"},"excerpt":{"rendered":"ComunicadosComunicados SIC PRESS RELEASE - 02 September 2020 The Criminal Investigation Service became aware, with concern, today, 02 September 2020, of the existence of a posted video [...]"},"author":2,"featured_media":0,"parent":0,"menu_order":0,"comment_status":"closed","ping_status":"closed","template":"","meta":{"inline_featured_image":false,"_monsterinsights_skip_tracking":false,"_monsterinsights_sitenote_active":false,"_monsterinsights_sitenote_note":"","_monsterinsights_sitenote_category":0,"footnotes":""},"class_list":["post-2039","page","type-page","status-publish","hentry"],"yoast_head":"<!-- This site is optimized with the Yoast SEO plugin v25.3 - https:\/\/yoast.com\/wordpress\/plugins\/seo\/ -->\n<title>Comunicados - SIC - Servi\u00e7o de Investiga\u00e7\u00e3o Criminal Angola<\/title>\n<meta name=\"description\" content=\"Portal do Sic - Servi\u00e7o de Investiga\u00e7\u00e3o Criminal Angola. Fa\u00e7a a sua queixa electr\u00f3nica \/ den\u00fancia an\u00f3nima totalmente gr\u00e1tis.\" \/>\n<meta name=\"robots\" content=\"index, follow, max-snippet:-1, max-image-preview:large, max-video-preview:-1\" \/>\n<link rel=\"canonical\" href=\"https:\/\/sic.gov.ao\/en\/comunicados\/\" \/>\n<meta property=\"og:locale\" content=\"en_GB\" \/>\n<meta property=\"og:type\" content=\"article\" \/>\n<meta property=\"og:title\" content=\"Comunicados - SIC - Servi\u00e7o de Investiga\u00e7\u00e3o Criminal Angola\" \/>\n<meta property=\"og:description\" content=\"Portal do Sic - Servi\u00e7o de Investiga\u00e7\u00e3o Criminal Angola. Fa\u00e7a a sua queixa electr\u00f3nica \/ den\u00fancia an\u00f3nima totalmente gr\u00e1tis.\" \/>\n<meta property=\"og:url\" content=\"https:\/\/sic.gov.ao\/en\/comunicados\/\" \/>\n<meta property=\"og:site_name\" content=\"SIC - Servi\u00e7o de Investiga\u00e7\u00e3o Criminal Angola\" \/>\n<meta property=\"article:modified_time\" content=\"2021-02-01T09:23:51+00:00\" \/>\n<meta property=\"og:image\" content=\"https:\/\/sic.gov.ao\/wp-content\/uploads\/2020\/05\/Sem-t\u00edtulo-1.png\" \/>\n\t<meta property=\"og:image:width\" content=\"2115\" \/>\n\t<meta property=\"og:image:height\" content=\"2115\" \/>\n\t<meta property=\"og:image:type\" content=\"image\/png\" \/>\n<meta name=\"twitter:card\" content=\"summary_large_image\" \/>\n<meta name=\"twitter:label1\" content=\"Estimated reading time\" \/>\n\t<meta name=\"twitter:data1\" content=\"2 minutes\" \/>\n<script type=\"application\/ld+json\" class=\"yoast-schema-graph\">{\"@context\":\"https:\/\/schema.org\",\"@graph\":[{\"@type\":\"WebPage\",\"@id\":\"https:\/\/sic.gov.ao\/fr\/comunicados\/\",\"url\":\"https:\/\/sic.gov.ao\/fr\/comunicados\/\",\"name\":\"Comunicados - SIC - Servi\u00e7o de Investiga\u00e7\u00e3o Criminal Angola\",\"isPartOf\":{\"@id\":\"https:\/\/sic.gov.ao\/#website\"},\"datePublished\":\"2020-06-24T13:26:30+00:00\",\"dateModified\":\"2021-02-01T09:23:51+00:00\",\"description\":\"Portal do Sic - Servi\u00e7o de Investiga\u00e7\u00e3o Criminal Angola. Fa\u00e7a a sua queixa electr\u00f3nica \/ den\u00fancia an\u00f3nima totalmente gr\u00e1tis.\",\"breadcrumb\":{\"@id\":\"https:\/\/sic.gov.ao\/fr\/comunicados\/#breadcrumb\"},\"inLanguage\":\"en-GB\",\"potentialAction\":[{\"@type\":\"ReadAction\",\"target\":[\"https:\/\/sic.gov.ao\/fr\/comunicados\/\"]}]},{\"@type\":\"BreadcrumbList\",\"@id\":\"https:\/\/sic.gov.ao\/fr\/comunicados\/#breadcrumb\",\"itemListElement\":[{\"@type\":\"ListItem\",\"position\":1,\"name\":\"Home\",\"item\":\"https:\/\/sic.gov.ao\/\"},{\"@type\":\"ListItem\",\"position\":2,\"name\":\"Comunicados\"}]},{\"@type\":\"WebSite\",\"@id\":\"https:\/\/sic.gov.ao\/#website\",\"url\":\"https:\/\/sic.gov.ao\/\",\"name\":\"SIC - Servi\u00e7o de Investiga\u00e7\u00e3o Criminal Angola\",\"description\":\"\",\"potentialAction\":[{\"@type\":\"SearchAction\",\"target\":{\"@type\":\"EntryPoint\",\"urlTemplate\":\"https:\/\/sic.gov.ao\/?s={search_term_string}\"},\"query-input\":{\"@type\":\"PropertyValueSpecification\",\"valueRequired\":true,\"valueName\":\"search_term_string\"}}],\"inLanguage\":\"en-GB\"}]}<\/script>\n<!-- \/ Yoast SEO plugin. -->","yoast_head_json":{"title":"Comunicados - SIC - Servi\u00e7o de Investiga\u00e7\u00e3o Criminal Angola","description":"Portal do Sic - Servi\u00e7o de Investiga\u00e7\u00e3o Criminal Angola. Fa\u00e7a a sua queixa electr\u00f3nica \/ den\u00fancia an\u00f3nima totalmente gr\u00e1tis.","robots":{"index":"index","follow":"follow","max-snippet":"max-snippet:-1","max-image-preview":"max-image-preview:large","max-video-preview":"max-video-preview:-1"},"canonical":"https:\/\/sic.gov.ao\/en\/comunicados\/","og_locale":"en_GB","og_type":"article","og_title":"Comunicados - SIC - Servi\u00e7o de Investiga\u00e7\u00e3o Criminal Angola","og_description":"Portal do Sic - Servi\u00e7o de Investiga\u00e7\u00e3o Criminal Angola. Fa\u00e7a a sua queixa electr\u00f3nica \/ den\u00fancia an\u00f3nima totalmente gr\u00e1tis.","og_url":"https:\/\/sic.gov.ao\/en\/comunicados\/","og_site_name":"SIC - Servi\u00e7o de Investiga\u00e7\u00e3o Criminal Angola","article_modified_time":"2021-02-01T09:23:51+00:00","og_image":[{"width":2115,"height":2115,"url":"https:\/\/sic.gov.ao\/wp-content\/uploads\/2020\/05\/Sem-t\u00edtulo-1.png","type":"image\/png"}],"twitter_card":"summary_large_image","twitter_misc":{"Estimated reading time":"2 minutes"},"schema":{"@context":"https:\/\/schema.org","@graph":[{"@type":"WebPage","@id":"https:\/\/sic.gov.ao\/fr\/comunicados\/","url":"https:\/\/sic.gov.ao\/fr\/comunicados\/","name":"Comunicados - SIC - Servi\u00e7o de Investiga\u00e7\u00e3o Criminal Angola","isPartOf":{"@id":"https:\/\/sic.gov.ao\/#website"},"datePublished":"2020-06-24T13:26:30+00:00","dateModified":"2021-02-01T09:23:51+00:00","description":"Portal do Sic - Servi\u00e7o de Investiga\u00e7\u00e3o Criminal Angola. Fa\u00e7a a sua queixa electr\u00f3nica \/ den\u00fancia an\u00f3nima totalmente gr\u00e1tis.","breadcrumb":{"@id":"https:\/\/sic.gov.ao\/fr\/comunicados\/#breadcrumb"},"inLanguage":"en-GB","potentialAction":[{"@type":"ReadAction","target":["https:\/\/sic.gov.ao\/fr\/comunicados\/"]}]},{"@type":"BreadcrumbList","@id":"https:\/\/sic.gov.ao\/fr\/comunicados\/#breadcrumb","itemListElement":[{"@type":"ListItem","position":1,"name":"Home","item":"https:\/\/sic.gov.ao\/"},{"@type":"ListItem","position":2,"name":"Comunicados"}]},{"@type":"WebSite","@id":"https:\/\/sic.gov.ao\/#website","url":"https:\/\/sic.gov.ao\/","name":"SIC - Angola Criminal Investigation Service","description":"","potentialAction":[{"@type":"SearchAction","target":{"@type":"EntryPoint","urlTemplate":"https:\/\/sic.gov.ao\/?s={search_term_string}"},"query-input":{"@type":"PropertyValueSpecification","valueRequired":true,"valueName":"search_term_string"}}],"inLanguage":"en-GB"}]}},"_links":{"self":[{"href":"https:\/\/sic.gov.ao\/en\/wp-json\/wp\/v2\/pages\/2039"}],"collection":[{"href":"https:\/\/sic.gov.ao\/en\/wp-json\/wp\/v2\/pages"}],"about":[{"href":"https:\/\/sic.gov.ao\/en\/wp-json\/wp\/v2\/types\/page"}],"author":[{"embeddable":true,"href":"https:\/\/sic.gov.ao\/en\/wp-json\/wp\/v2\/users\/2"}],"replies":[{"embeddable":true,"href":"https:\/\/sic.gov.ao\/en\/wp-json\/wp\/v2\/comments?post=2039"}],"version-history":[{"count":11,"href":"https:\/\/sic.gov.ao\/en\/wp-json\/wp\/v2\/pages\/2039\/revisions"}],"predecessor-version":[{"id":4207,"href":"https:\/\/sic.gov.ao\/en\/wp-json\/wp\/v2\/pages\/2039\/revisions\/4207"}],"wp:attachment":[{"href":"https:\/\/sic.gov.ao\/en\/wp-json\/wp\/v2\/media?parent=2039"}],"curies":[{"name":"wp","href":"https:\/\/api.w.org\/{rel}","templated":true}]}}