{"id":17,"date":"2016-04-27T12:10:08","date_gmt":"2016-04-27T12:10:08","guid":{"rendered":"http:\/\/police.themerex.net\/?page_id=17"},"modified":"2020-05-15T14:22:30","modified_gmt":"2020-05-15T13:22:30","slug":"about-us","status":"publish","type":"page","link":"https:\/\/sic.gov.ao\/en\/about-us\/","title":{"rendered":"About SIC"},"content":{"rendered":"<div class=\"wpb-content-wrapper\"><div class=\"vc_row wpb_row vc_row-fluid\"><div class=\"wpb_column vc_column_container vc_col-sm-12\"><div class=\"vc_column-inner\"><div class=\"wpb_wrapper\"><h3 class=\"sc_title sc_title_underline sc_align_left margin_top_large margin_bottom_small\" style=\"text-align:left;\">About SIC Angola<\/h3><div class=\"columns_wrap sc_columns columns_fluid sc_columns_count_2 margin_bottom_medium\"><div class=\"column-1_2 sc_column_item sc_column_item_1 odd first\"><figure class=\"sc_image  sc_image_shape_square\"><img decoding=\"async\" src=\"https:\/\/sic.gov.ao\/wp-content\/uploads\/2020\/05\/Policia-angolana-deteve-agente-da-SIC-que-matou-suposto-marginal.jpg\" alt=\"\" \/><\/figure><\/div><div class=\"column-1_2 sc_column_item sc_column_item_2 even\">\n\t<div class=\"wpb_text_column wpb_content_element\" >\n\t\t<div class=\"wpb_wrapper\">\n\t\t\t<p>Duis autem vel eum iriure dolor in hendrerit in vulputate velit this molestie consequat, vel illum dolore i feugiat nulla facilisis at summer eros et accumsan et iusto hate dignissim qui blandit praesent luptatum zzril delenit augue facili duis dolore.<\/p>\n<p>Nam liber tempor cum soluta nobis eleifend option congue nihil imperdiet doming id quod mazim placerat facer possim assum.<br \/>\nlegentis in iis qui facit eorum claritatem. Investigationes demonstrateverunt lectores legere me lius quod ii legunt saepius. <\/p>\n\n\t\t<\/div>\n\t<\/div>\n<\/div><\/div><\/div><\/div><\/div><\/div><div data-vc-full-width=\"true\" data-vc-full-width-init=\"false\" class=\"vc_row wpb_row vc_row-fluid vc_custom_1462540452416 vc_row-has-fill\"><div class=\"wpb_column vc_column_container vc_col-sm-12\"><div class=\"vc_column-inner\"><div class=\"wpb_wrapper\"><div id=\"sc_services_31182415_wrap\" class=\"sc_services_wrap\"><div id=\"sc_services_31182415\" class=\"sc_services sc_services_style_services-1 sc_services_type_icons  margin_top_large margin_bottom_medium\" style=\"width:100%;\"><h3 class=\"sc_services_title sc_item_title\">Services provided<\/h3><div class=\"sc_slider_swiper swiper-slider-container sc_slider_nopagination sc_slider_nocontrols sc_slider_height_auto\" data-interval=\"6544\" data-slides-per-view=\"3\" data-slides-min-width=\"250\"><div class=\"slides swiper-wrapper\"><div class=\"swiper-slide\" data-style=\"width:100%;\" style=\"width:100%;\"><div class=\"sc_services_item_wrap\">\t\t\t<div id=\"sc_services_31182415_1\"\t\t\t\tclass=\"sc_services_item sc_services_item_1 odd first\"\n\t\t\t\t>\n\t\t\t\t<a href=\"https:\/\/sic.gov.ao\/en\/services\/reclamacao\/\"><span class=\"sc_icon icon-signature\"><\/span><\/a>\t\t\t\t<div class=\"sc_services_item_content\">\n\t\t\t\t\t<h4 class=\"sc_services_item_title\"><a href=\"https:\/\/sic.gov.ao\/en\/services\/reclamacao\/\">Complaint<\/a><\/h4>\n\t\t\t\t\t<div class=\"sc_services_item_description\">\n\t\t\t\t\t\t<p>Access this page to make suggestions or complaints.<\/p>\t\t\t\t\t<\/div>\n\t\t\t\t<\/div>\n\t\t\t<\/div>\n\t\t<\/div><\/div><div class=\"swiper-slide\" data-style=\"width:100%;\" style=\"width:100%;\"><div class=\"sc_services_item_wrap\">\t\t\t<div id=\"sc_services_31182415_2\"\t\t\t\tclass=\"sc_services_item sc_services_item_2 even\"\n\t\t\t\t>\n\t\t\t\t<a href=\"https:\/\/sic.gov.ao\/en\/services\/sugestoes\/\"><span class=\"sc_icon icon-checkbox\"><\/span><\/a>\t\t\t\t<div class=\"sc_services_item_content\">\n\t\t\t\t\t<h4 class=\"sc_services_item_title\"><a href=\"https:\/\/sic.gov.ao\/en\/services\/sugestoes\/\">Suggestion<\/a><\/h4>\n\t\t\t\t\t<div class=\"sc_services_item_description\">\n\t\t\t\t\t\t<p>Access this page to make suggestions or complaints.<\/p>\t\t\t\t\t<\/div>\n\t\t\t\t<\/div>\n\t\t\t<\/div>\n\t\t<\/div><\/div><div class=\"swiper-slide\" data-style=\"width:100%;\" style=\"width:100%;\"><div class=\"sc_services_item_wrap\">\t\t\t<div id=\"sc_services_31182415_3\"\t\t\t\tclass=\"sc_services_item sc_services_item_3 odd\"\n\t\t\t\t>\n\t\t\t\t<a href=\"https:\/\/sic.gov.ao\/en\/services\/verificar-processos\/\"><span class=\"sc_icon icon-book-open\"><\/span><\/a>\t\t\t\t<div class=\"sc_services_item_content\">\n\t\t\t\t\t<h4 class=\"sc_services_item_title\"><a href=\"https:\/\/sic.gov.ao\/en\/services\/verificar-processos\/\">Process Verification<\/a><\/h4>\n\t\t\t\t\t<div class=\"sc_services_item_description\">\n\t\t\t\t\t\t<p>Check the status and progress of your process quickly and intuitively.<\/p>\t\t\t\t\t<\/div>\n\t\t\t\t<\/div>\n\t\t\t<\/div>\n\t\t<\/div><\/div><div class=\"swiper-slide\" data-style=\"width:100%;\" style=\"width:100%;\"><div class=\"sc_services_item_wrap\">\t\t\t<div id=\"sc_services_31182415_4\"\t\t\t\tclass=\"sc_services_item sc_services_item_4 even\"\n\t\t\t\t>\n\t\t\t\t<a href=\"https:\/\/sic.gov.ao\/en\/services\/denuncias\/\"><span class=\"sc_icon icon-black-shield-shape\"><\/span><\/a>\t\t\t\t<div class=\"sc_services_item_content\">\n\t\t\t\t\t<h4 class=\"sc_services_item_title\"><a href=\"https:\/\/sic.gov.ao\/en\/services\/denuncias\/\">Complaints<\/a><\/h4>\n\t\t\t\t\t<div class=\"sc_services_item_description\">\n\t\t\t\t\t\t<p>You can anonymously report cases that you have observed on public roads.<\/p>\t\t\t\t\t<\/div>\n\t\t\t\t<\/div>\n\t\t\t<\/div>\n\t\t<\/div><\/div><div class=\"swiper-slide\" data-style=\"width:100%;\" style=\"width:100%;\"><div class=\"sc_services_item_wrap\">\t\t\t<div id=\"sc_services_31182415_5\"\t\t\t\tclass=\"sc_services_item sc_services_item_5 odd\"\n\t\t\t\t>\n\t\t\t\t<a href=\"https:\/\/sic.gov.ao\/en\/services\/queixa-electronica\/\"><span class=\"sc_icon icon-desktop\"><\/span><\/a>\t\t\t\t<div class=\"sc_services_item_content\">\n\t\t\t\t\t<h4 class=\"sc_services_item_title\"><a href=\"https:\/\/sic.gov.ao\/en\/services\/queixa-electronica\/\">Electronic Complaint<\/a><\/h4>\n\t\t\t\t\t<div class=\"sc_services_item_description\">\n\t\t\t\t\t\t<p>You can file your complaint electronically, from the website or from your smartphone.<\/p>\t\t\t\t\t<\/div>\n\t\t\t\t<\/div>\n\t\t\t<\/div>\n\t\t<\/div><\/div><\/div><div class=\"sc_slider_controls_wrap\"><a class=\"sc_slider_prev\" href=\"#\"><\/a><a class=\"sc_slider_next\" href=\"#\"><\/a><\/div><div class=\"sc_slider_pagination_wrap\"><\/div><\/div><\/div><!-- \/.sc_services --><\/div><!-- \/.sc_services_wrap --><\/div><\/div><\/div><\/div><div class=\"vc_row-full-width vc_clearfix\"><\/div>\n<\/div>"},"excerpt":{"rendered":"Sobre o SIC Angola Duis autem vel eum iriure dolor in hendrerit in vulputate velit esse molestie consequat, vel illum dolore eu feugiat nulla facilisis at vero eros et accumsan [...]"},"author":990003,"featured_media":0,"parent":0,"menu_order":0,"comment_status":"closed","ping_status":"closed","template":"","meta":{"inline_featured_image":false,"_monsterinsights_skip_tracking":false,"_monsterinsights_sitenote_active":false,"_monsterinsights_sitenote_note":"","_monsterinsights_sitenote_category":0,"footnotes":""},"class_list":["post-17","page","type-page","status-publish","hentry"],"yoast_head":"<!-- This site is optimized with the Yoast SEO plugin v25.3 - https:\/\/yoast.com\/wordpress\/plugins\/seo\/ -->\n<title>Sobre o SIC - SIC - Servi\u00e7o de Investiga\u00e7\u00e3o Criminal Angola<\/title>\n<meta name=\"robots\" content=\"index, follow, max-snippet:-1, max-image-preview:large, max-video-preview:-1\" \/>\n<link rel=\"canonical\" href=\"https:\/\/sic.gov.ao\/en\/about-us\/\" \/>\n<meta property=\"og:locale\" content=\"en_GB\" \/>\n<meta property=\"og:type\" content=\"article\" \/>\n<meta property=\"og:title\" content=\"Sobre o SIC - SIC - Servi\u00e7o de Investiga\u00e7\u00e3o Criminal Angola\" \/>\n<meta property=\"og:url\" content=\"https:\/\/sic.gov.ao\/en\/about-us\/\" \/>\n<meta property=\"og:site_name\" content=\"SIC - Servi\u00e7o de Investiga\u00e7\u00e3o Criminal Angola\" \/>\n<meta property=\"article:modified_time\" content=\"2020-05-15T13:22:30+00:00\" \/>\n<meta property=\"og:image\" content=\"https:\/\/sic.gov.ao\/wp-content\/uploads\/2020\/05\/Sem-t\u00edtulo-1.png\" \/>\n\t<meta property=\"og:image:width\" content=\"2115\" \/>\n\t<meta property=\"og:image:height\" content=\"2115\" \/>\n\t<meta property=\"og:image:type\" content=\"image\/png\" \/>\n<meta name=\"twitter:card\" content=\"summary_large_image\" \/>\n<meta name=\"twitter:label1\" content=\"Estimated reading time\" \/>\n\t<meta name=\"twitter:data1\" content=\"4 minutes\" \/>\n<script type=\"application\/ld+json\" class=\"yoast-schema-graph\">{\"@context\":\"https:\/\/schema.org\",\"@graph\":[{\"@type\":\"WebPage\",\"@id\":\"https:\/\/sic.gov.ao\/about-us\/\",\"url\":\"https:\/\/sic.gov.ao\/about-us\/\",\"name\":\"Sobre o SIC - SIC - Servi\u00e7o de Investiga\u00e7\u00e3o Criminal Angola\",\"isPartOf\":{\"@id\":\"https:\/\/sic.gov.ao\/#website\"},\"datePublished\":\"2016-04-27T12:10:08+00:00\",\"dateModified\":\"2020-05-15T13:22:30+00:00\",\"breadcrumb\":{\"@id\":\"https:\/\/sic.gov.ao\/about-us\/#breadcrumb\"},\"inLanguage\":\"en-GB\",\"potentialAction\":[{\"@type\":\"ReadAction\",\"target\":[\"https:\/\/sic.gov.ao\/about-us\/\"]}]},{\"@type\":\"BreadcrumbList\",\"@id\":\"https:\/\/sic.gov.ao\/about-us\/#breadcrumb\",\"itemListElement\":[{\"@type\":\"ListItem\",\"position\":1,\"name\":\"Home\",\"item\":\"https:\/\/sic.gov.ao\/\"},{\"@type\":\"ListItem\",\"position\":2,\"name\":\"Sobre o SIC\"}]},{\"@type\":\"WebSite\",\"@id\":\"https:\/\/sic.gov.ao\/#website\",\"url\":\"https:\/\/sic.gov.ao\/\",\"name\":\"SIC - Servi\u00e7o de Investiga\u00e7\u00e3o Criminal Angola\",\"description\":\"\",\"potentialAction\":[{\"@type\":\"SearchAction\",\"target\":{\"@type\":\"EntryPoint\",\"urlTemplate\":\"https:\/\/sic.gov.ao\/?s={search_term_string}\"},\"query-input\":{\"@type\":\"PropertyValueSpecification\",\"valueRequired\":true,\"valueName\":\"search_term_string\"}}],\"inLanguage\":\"en-GB\"}]}<\/script>\n<!-- \/ Yoast SEO plugin. -->","yoast_head_json":{"title":"Sobre o SIC - SIC - Servi\u00e7o de Investiga\u00e7\u00e3o Criminal Angola","robots":{"index":"index","follow":"follow","max-snippet":"max-snippet:-1","max-image-preview":"max-image-preview:large","max-video-preview":"max-video-preview:-1"},"canonical":"https:\/\/sic.gov.ao\/en\/about-us\/","og_locale":"en_GB","og_type":"article","og_title":"Sobre o SIC - SIC - Servi\u00e7o de Investiga\u00e7\u00e3o Criminal Angola","og_url":"https:\/\/sic.gov.ao\/en\/about-us\/","og_site_name":"SIC - Servi\u00e7o de Investiga\u00e7\u00e3o Criminal Angola","article_modified_time":"2020-05-15T13:22:30+00:00","og_image":[{"width":2115,"height":2115,"url":"https:\/\/sic.gov.ao\/wp-content\/uploads\/2020\/05\/Sem-t\u00edtulo-1.png","type":"image\/png"}],"twitter_card":"summary_large_image","twitter_misc":{"Estimated reading time":"4 minutes"},"schema":{"@context":"https:\/\/schema.org","@graph":[{"@type":"WebPage","@id":"https:\/\/sic.gov.ao\/about-us\/","url":"https:\/\/sic.gov.ao\/about-us\/","name":"Sobre o SIC - SIC - Servi\u00e7o de Investiga\u00e7\u00e3o Criminal Angola","isPartOf":{"@id":"https:\/\/sic.gov.ao\/#website"},"datePublished":"2016-04-27T12:10:08+00:00","dateModified":"2020-05-15T13:22:30+00:00","breadcrumb":{"@id":"https:\/\/sic.gov.ao\/about-us\/#breadcrumb"},"inLanguage":"en-GB","potentialAction":[{"@type":"ReadAction","target":["https:\/\/sic.gov.ao\/about-us\/"]}]},{"@type":"BreadcrumbList","@id":"https:\/\/sic.gov.ao\/about-us\/#breadcrumb","itemListElement":[{"@type":"ListItem","position":1,"name":"Home","item":"https:\/\/sic.gov.ao\/"},{"@type":"ListItem","position":2,"name":"Sobre o SIC"}]},{"@type":"WebSite","@id":"https:\/\/sic.gov.ao\/#website","url":"https:\/\/sic.gov.ao\/","name":"SIC - Angola Criminal Investigation Service","description":"","potentialAction":[{"@type":"SearchAction","target":{"@type":"EntryPoint","urlTemplate":"https:\/\/sic.gov.ao\/?s={search_term_string}"},"query-input":{"@type":"PropertyValueSpecification","valueRequired":true,"valueName":"search_term_string"}}],"inLanguage":"en-GB"}]}},"_links":{"self":[{"href":"https:\/\/sic.gov.ao\/en\/wp-json\/wp\/v2\/pages\/17"}],"collection":[{"href":"https:\/\/sic.gov.ao\/en\/wp-json\/wp\/v2\/pages"}],"about":[{"href":"https:\/\/sic.gov.ao\/en\/wp-json\/wp\/v2\/types\/page"}],"author":[{"embeddable":true,"href":"https:\/\/sic.gov.ao\/en\/wp-json\/wp\/v2\/users\/990003"}],"replies":[{"embeddable":true,"href":"https:\/\/sic.gov.ao\/en\/wp-json\/wp\/v2\/comments?post=17"}],"version-history":[{"count":6,"href":"https:\/\/sic.gov.ao\/en\/wp-json\/wp\/v2\/pages\/17\/revisions"}],"predecessor-version":[{"id":1356,"href":"https:\/\/sic.gov.ao\/en\/wp-json\/wp\/v2\/pages\/17\/revisions\/1356"}],"wp:attachment":[{"href":"https:\/\/sic.gov.ao\/en\/wp-json\/wp\/v2\/media?parent=17"}],"curies":[{"name":"wp","href":"https:\/\/api.w.org\/{rel}","templated":true}]}}