{"id":1548,"date":"2020-05-19T12:34:17","date_gmt":"2020-05-19T11:34:17","guid":{"rendered":"https:\/\/sic.gov.ao\/?page_id=1548"},"modified":"2021-08-05T11:08:53","modified_gmt":"2021-08-05T10:08:53","slug":"denuncia","status":"publish","type":"page","link":"https:\/\/sic.gov.ao\/en\/denuncia\/","title":{"rendered":"Complaint"},"content":{"rendered":"<div class=\"wpb-content-wrapper\"><div class=\"vc_row wpb_row vc_row-fluid vc_custom_1605871502346\"><div class=\"wpb_column vc_column_container vc_col-sm-12\"><div class=\"vc_column-inner\"><div class=\"wpb_wrapper\"><h3 class=\"sc_title sc_title_regular margin_top_null margin_bottom_small\">Make your report in minutes<\/h3><\/div><\/div><\/div><\/div><div class=\"vc_row wpb_row vc_row-fluid\"><div class=\"wpb_column vc_column_container vc_col-sm-12\"><div class=\"vc_column-inner\"><div class=\"wpb_wrapper\"><div class=\"vc_message_box vc_message_box-standard vc_message_box-rounded vc_color-info\" ><div class=\"vc_message_box-icon\"><i class=\"fas fa-info-circle\"><\/i><\/div><p>The report may be anonymous. In case of doubt, contact the SIC <a href=\"https:\/\/sic.gov.ao\/en\/contactos\/\">on here<\/a>.<br \/>\nAlternatively, would you like to submit an Electronic Complaint? Click <a href=\"https:\/\/sic.gov.ao\/en\/queixa-electronica\/\">on here<\/a>.<\/p>\n<\/div><\/div><\/div><\/div><\/div><div class=\"vc_row wpb_row vc_row-fluid\"><div class=\"wpb_column vc_column_container vc_col-sm-6\"><div class=\"vc_column-inner vc_custom_1591191250712\"><div class=\"wpb_wrapper\">\n\t<div class=\"wpb_text_column wpb_content_element\" >\n\t\t<div class=\"wpb_wrapper\">\n\t\t\t\n<!-- iframe plugin v.5.2 wordpress.org\/plugins\/iframe\/ -->\n<iframe src class=\"frame-backoffice\" width=\"100%\" height data-href=\"\/embed\/reports\/form\" scrolling=\"yes\" frameborder=\"0\"><\/iframe>\n\n\n\t\t<\/div>\n\t<\/div>\n<\/div><\/div><\/div><div class=\"wpb_column vc_column_container vc_col-sm-6\"><div class=\"vc_column-inner\"><div class=\"wpb_wrapper\"><div  class=\"vc_toggle vc_toggle_default vc_toggle_color_default  vc_toggle_size_md vc_toggle_active\"><div class=\"vc_toggle_title\"><h4>What is the use of making a complaint?<\/h4><i class=\"vc_toggle_icon\"><\/i><\/div><div class=\"vc_toggle_content\"><p><span style=\"font-weight: 400;\">The complaint serves to report a situation in which the citizen feels aggrieved, regarding any action taken by another person or entity, thus seeking the support of the police authorities, namely the SIC. <\/span><\/p>\n<\/div><\/div><div  class=\"vc_toggle vc_toggle_default vc_toggle_color_default  vc_toggle_size_md\"><div class=\"vc_toggle_title\"><h4>Is the report anonymous?<\/h4><i class=\"vc_toggle_icon\"><\/i><\/div><div class=\"vc_toggle_content\"><p>No. The report is not anonymous.<\/p>\n<\/div><\/div><div  class=\"vc_toggle vc_toggle_default vc_toggle_color_default  vc_toggle_size_md\"><div class=\"vc_toggle_title\"><h4>How long it takes?<\/h4><i class=\"vc_toggle_icon\"><\/i><\/div><div class=\"vc_toggle_content\"><p>We make every effort to provide you with an answer as soon as possible. We appreciate your understanding.<\/p>\n<\/div><\/div><div  class=\"vc_toggle vc_toggle_default vc_toggle_color_default  vc_toggle_size_md\"><div class=\"vc_toggle_title\"><h4>Will I be contacted?<\/h4><i class=\"vc_toggle_icon\"><\/i><\/div><div class=\"vc_toggle_content\"><p>Yes. After the verification request, you will be contacted within an average period of 48 hours.<\/p>\n<\/div><\/div><\/div><\/div><\/div><\/div>\n<\/div>"},"excerpt":{"rendered":"Submit your report in minutesThe report can be anonymous. In case of doubt, contact the SIC here. Alternatively, would you like to submit an Electronic Complaint? Click here. [...]"},"author":2,"featured_media":0,"parent":0,"menu_order":0,"comment_status":"closed","ping_status":"closed","template":"","meta":{"inline_featured_image":false,"_monsterinsights_skip_tracking":false,"_monsterinsights_sitenote_active":false,"_monsterinsights_sitenote_note":"","_monsterinsights_sitenote_category":0,"footnotes":""},"class_list":["post-1548","page","type-page","status-publish","hentry"],"yoast_head":"<!-- This site is optimized with the Yoast SEO plugin v25.3 - https:\/\/yoast.com\/wordpress\/plugins\/seo\/ -->\n<title>Den\u00fancia - SIC - Servi\u00e7o de Investiga\u00e7\u00e3o Criminal Angola<\/title>\n<meta name=\"description\" content=\"Portal do Sic - Servi\u00e7o de Investiga\u00e7\u00e3o Criminal Angola. Fa\u00e7a a sua queixa electr\u00f3nica \/ den\u00fancia an\u00f3nima totalmente gr\u00e1tis.\" \/>\n<meta name=\"robots\" content=\"index, follow, max-snippet:-1, max-image-preview:large, max-video-preview:-1\" \/>\n<link rel=\"canonical\" href=\"https:\/\/sic.gov.ao\/en\/denuncia\/\" \/>\n<meta property=\"og:locale\" content=\"en_GB\" \/>\n<meta property=\"og:type\" content=\"article\" \/>\n<meta property=\"og:title\" content=\"Den\u00fancia - SIC - Servi\u00e7o de Investiga\u00e7\u00e3o Criminal Angola\" \/>\n<meta property=\"og:description\" content=\"Portal do Sic - Servi\u00e7o de Investiga\u00e7\u00e3o Criminal Angola. Fa\u00e7a a sua queixa electr\u00f3nica \/ den\u00fancia an\u00f3nima totalmente gr\u00e1tis.\" \/>\n<meta property=\"og:url\" content=\"https:\/\/sic.gov.ao\/en\/denuncia\/\" \/>\n<meta property=\"og:site_name\" content=\"SIC - Servi\u00e7o de Investiga\u00e7\u00e3o Criminal Angola\" \/>\n<meta property=\"article:modified_time\" content=\"2021-08-05T10:08:53+00:00\" \/>\n<meta property=\"og:image\" content=\"https:\/\/sic.gov.ao\/wp-content\/uploads\/2020\/05\/Sem-t\u00edtulo-1.png\" \/>\n\t<meta property=\"og:image:width\" content=\"2115\" \/>\n\t<meta property=\"og:image:height\" content=\"2115\" \/>\n\t<meta property=\"og:image:type\" content=\"image\/png\" \/>\n<meta name=\"twitter:card\" content=\"summary_large_image\" \/>\n<meta name=\"twitter:label1\" content=\"Estimated reading time\" \/>\n\t<meta name=\"twitter:data1\" content=\"1 minute\" \/>\n<script type=\"application\/ld+json\" class=\"yoast-schema-graph\">{\"@context\":\"https:\/\/schema.org\",\"@graph\":[{\"@type\":\"WebPage\",\"@id\":\"https:\/\/sic.gov.ao\/denuncia\/\",\"url\":\"https:\/\/sic.gov.ao\/denuncia\/\",\"name\":\"Den\u00fancia - SIC - Servi\u00e7o de Investiga\u00e7\u00e3o Criminal Angola\",\"isPartOf\":{\"@id\":\"https:\/\/sic.gov.ao\/#website\"},\"datePublished\":\"2020-05-19T11:34:17+00:00\",\"dateModified\":\"2021-08-05T10:08:53+00:00\",\"description\":\"Portal do Sic - Servi\u00e7o de Investiga\u00e7\u00e3o Criminal Angola. Fa\u00e7a a sua queixa electr\u00f3nica \/ den\u00fancia an\u00f3nima totalmente gr\u00e1tis.\",\"breadcrumb\":{\"@id\":\"https:\/\/sic.gov.ao\/denuncia\/#breadcrumb\"},\"inLanguage\":\"en-GB\",\"potentialAction\":[{\"@type\":\"ReadAction\",\"target\":[\"https:\/\/sic.gov.ao\/denuncia\/\"]}]},{\"@type\":\"BreadcrumbList\",\"@id\":\"https:\/\/sic.gov.ao\/denuncia\/#breadcrumb\",\"itemListElement\":[{\"@type\":\"ListItem\",\"position\":1,\"name\":\"Home\",\"item\":\"https:\/\/sic.gov.ao\/\"},{\"@type\":\"ListItem\",\"position\":2,\"name\":\"Den\u00fancia\"}]},{\"@type\":\"WebSite\",\"@id\":\"https:\/\/sic.gov.ao\/#website\",\"url\":\"https:\/\/sic.gov.ao\/\",\"name\":\"SIC - Servi\u00e7o de Investiga\u00e7\u00e3o Criminal Angola\",\"description\":\"\",\"potentialAction\":[{\"@type\":\"SearchAction\",\"target\":{\"@type\":\"EntryPoint\",\"urlTemplate\":\"https:\/\/sic.gov.ao\/?s={search_term_string}\"},\"query-input\":{\"@type\":\"PropertyValueSpecification\",\"valueRequired\":true,\"valueName\":\"search_term_string\"}}],\"inLanguage\":\"en-GB\"}]}<\/script>\n<!-- \/ Yoast SEO plugin. -->","yoast_head_json":{"title":"Den\u00fancia - SIC - Servi\u00e7o de Investiga\u00e7\u00e3o Criminal Angola","description":"Portal do Sic - Servi\u00e7o de Investiga\u00e7\u00e3o Criminal Angola. Fa\u00e7a a sua queixa electr\u00f3nica \/ den\u00fancia an\u00f3nima totalmente gr\u00e1tis.","robots":{"index":"index","follow":"follow","max-snippet":"max-snippet:-1","max-image-preview":"max-image-preview:large","max-video-preview":"max-video-preview:-1"},"canonical":"https:\/\/sic.gov.ao\/en\/denuncia\/","og_locale":"en_GB","og_type":"article","og_title":"Den\u00fancia - SIC - Servi\u00e7o de Investiga\u00e7\u00e3o Criminal Angola","og_description":"Portal do Sic - Servi\u00e7o de Investiga\u00e7\u00e3o Criminal Angola. Fa\u00e7a a sua queixa electr\u00f3nica \/ den\u00fancia an\u00f3nima totalmente gr\u00e1tis.","og_url":"https:\/\/sic.gov.ao\/en\/denuncia\/","og_site_name":"SIC - Servi\u00e7o de Investiga\u00e7\u00e3o Criminal Angola","article_modified_time":"2021-08-05T10:08:53+00:00","og_image":[{"width":2115,"height":2115,"url":"https:\/\/sic.gov.ao\/wp-content\/uploads\/2020\/05\/Sem-t\u00edtulo-1.png","type":"image\/png"}],"twitter_card":"summary_large_image","twitter_misc":{"Estimated reading time":"1 minute"},"schema":{"@context":"https:\/\/schema.org","@graph":[{"@type":"WebPage","@id":"https:\/\/sic.gov.ao\/denuncia\/","url":"https:\/\/sic.gov.ao\/denuncia\/","name":"Den\u00fancia - SIC - Servi\u00e7o de Investiga\u00e7\u00e3o Criminal Angola","isPartOf":{"@id":"https:\/\/sic.gov.ao\/#website"},"datePublished":"2020-05-19T11:34:17+00:00","dateModified":"2021-08-05T10:08:53+00:00","description":"Portal do Sic - Servi\u00e7o de Investiga\u00e7\u00e3o Criminal Angola. Fa\u00e7a a sua queixa electr\u00f3nica \/ den\u00fancia an\u00f3nima totalmente gr\u00e1tis.","breadcrumb":{"@id":"https:\/\/sic.gov.ao\/denuncia\/#breadcrumb"},"inLanguage":"en-GB","potentialAction":[{"@type":"ReadAction","target":["https:\/\/sic.gov.ao\/denuncia\/"]}]},{"@type":"BreadcrumbList","@id":"https:\/\/sic.gov.ao\/denuncia\/#breadcrumb","itemListElement":[{"@type":"ListItem","position":1,"name":"Home","item":"https:\/\/sic.gov.ao\/"},{"@type":"ListItem","position":2,"name":"Den\u00fancia"}]},{"@type":"WebSite","@id":"https:\/\/sic.gov.ao\/#website","url":"https:\/\/sic.gov.ao\/","name":"SIC - Angola Criminal Investigation Service","description":"","potentialAction":[{"@type":"SearchAction","target":{"@type":"EntryPoint","urlTemplate":"https:\/\/sic.gov.ao\/?s={search_term_string}"},"query-input":{"@type":"PropertyValueSpecification","valueRequired":true,"valueName":"search_term_string"}}],"inLanguage":"en-GB"}]}},"_links":{"self":[{"href":"https:\/\/sic.gov.ao\/en\/wp-json\/wp\/v2\/pages\/1548"}],"collection":[{"href":"https:\/\/sic.gov.ao\/en\/wp-json\/wp\/v2\/pages"}],"about":[{"href":"https:\/\/sic.gov.ao\/en\/wp-json\/wp\/v2\/types\/page"}],"author":[{"embeddable":true,"href":"https:\/\/sic.gov.ao\/en\/wp-json\/wp\/v2\/users\/2"}],"replies":[{"embeddable":true,"href":"https:\/\/sic.gov.ao\/en\/wp-json\/wp\/v2\/comments?post=1548"}],"version-history":[{"count":27,"href":"https:\/\/sic.gov.ao\/en\/wp-json\/wp\/v2\/pages\/1548\/revisions"}],"predecessor-version":[{"id":5240,"href":"https:\/\/sic.gov.ao\/en\/wp-json\/wp\/v2\/pages\/1548\/revisions\/5240"}],"wp:attachment":[{"href":"https:\/\/sic.gov.ao\/en\/wp-json\/wp\/v2\/media?parent=1548"}],"curies":[{"name":"wp","href":"https:\/\/api.w.org\/{rel}","templated":true}]}}