{"id":1394,"date":"2020-05-14T11:07:29","date_gmt":"2020-05-14T10:07:29","guid":{"rendered":"https:\/\/sic.gov.ao\/?page_id=1394"},"modified":"2020-06-25T12:03:57","modified_gmt":"2020-06-25T11:03:57","slug":"politica-de-privacidade","status":"publish","type":"page","link":"https:\/\/sic.gov.ao\/en\/politica-de-privacidade\/","title":{"rendered":"Privacy Policy"},"content":{"rendered":"<div class=\"wpb-content-wrapper\"><div class=\"vc_row wpb_row vc_row-fluid vc_custom_1590138204010 vc_row-has-fill\"><div class=\"wpb_column vc_column_container vc_col-sm-12\"><div class=\"vc_column-inner\"><div class=\"wpb_wrapper\">\n\t<div class=\"wpb_text_column wpb_content_element\" >\n\t\t<div class=\"wpb_wrapper\">\n\t\t\t<div class=\"fusion-text\">\n<h5><b>personal data<\/b><\/h5>\n<\/div>\n<div class=\"fusion-text\">\n<p><span style=\"font-weight: 400;\">When using our website, you may be asked for data relating to your identification, such as your: name, telephone number and e-mail address. However, we emphasize that you always have the option of not providing this data and visiting our website anonymously.<\/span><\/p>\n<\/div>\n<div class=\"fusion-text\">\n<h5><b>Are your personal data safe?<\/b><\/h5>\n<\/div>\n<div class=\"fusion-text\">\n<p><span style=\"font-weight: 400;\">The Criminal Investigation Service (SIC) takes several measures in order to protect your personal information when entering or submitting your personal data.<\/span><\/p>\n<p><span style=\"font-weight: 400;\">All confidential information is transmitted via Secure Socket Layer (SSL) technology and then encrypted. It is guaranteed that only people with proper authorization have access to your confidential information, which is obliged to keep it confidential.<\/span><\/p>\n<\/div>\n<div class=\"fusion-text\">\n<h5><b>What is the purpose of using personal data?<\/b><\/h5>\n<\/div>\n<div class=\"fusion-text\">\n<p><span style=\"font-weight: 400;\">So that your experience on our website is specific and personalized according to your preferences and needs.<\/span><\/p>\n<ul>\n<li style=\"font-weight: 400;\"><span style=\"font-weight: 400;\">To optimize our website.<\/span><\/li>\n<li style=\"font-weight: 400;\"><span style=\"font-weight: 400;\">So that we can serve the customer as appropriately as possible and in accordance with their expectations.<\/span><\/li>\n<li style=\"font-weight: 400;\"><span style=\"font-weight: 400;\">To send periodic emails.<\/span><\/li>\n<li style=\"font-weight: 400;\"><span style=\"font-weight: 400;\">To manage surveys or other website features.<\/span><\/li>\n<li style=\"font-weight: 400;\"><span style=\"font-weight: 400;\">Can we give your personal data to third parties?<\/span><\/li>\n<\/ul>\n<p><span style=\"font-weight: 400;\">The Criminal Investigation Service may use third parties for the provision of services, which may require access by these third parties to personal data. We assure you that these third parties comply with legal requirements.<\/span><\/p>\n<\/div>\n<div class=\"fusion-text\">\n<h5><b>Do we use cookies?<\/b><\/h5>\n<\/div>\n<div class=\"fusion-text\">\n<p><span style=\"font-weight: 400;\">Yes, so that we can offer you the most personalized and appropriate experience on our website.<\/span><\/p>\n<p><span style=\"font-weight: 400;\">Cookies are small computer files that allow you to identify your internet access device, which may contain personal information and are aimed at improving your use of the website and the website itself. These can only be performed with your permission.<\/span><\/p>\n<\/div>\n<div class=\"fusion-text\">\n<h5><b>Third party links<\/b><\/h5>\n<\/div>\n<div class=\"fusion-text\">\n<p><span style=\"font-weight: 400;\">Third party services or products may occasionally be included or offered on our website. These have in place privacy policies independent from those of the Criminal Investigation Service, and we assume no responsibility or liability for the content and activity of these third-party websites. However, if you have any information regarding these websites, we invite you to share it with us so that we can improve and maintain the integrity of our website.<\/span><\/p>\n<\/div>\n<div class=\"fusion-text\">\n<h5><b>Privacy policy applied online only<\/b><\/h5>\n<\/div>\n<div class=\"fusion-text\">\n<p>This online privacy policy only applies to collecting information relating to our website and does not apply to information collected offline.<\/p>\n<\/div>\n<div class=\"fusion-text\">\n<h5><b>your consent<\/b><\/h5>\n<\/div>\n<div class=\"fusion-text\">\n<p>By using our website, you agree to our privacy policy.<\/p>\n<\/div>\n<div class=\"fusion-text\">\n<h5><b>Changes to our Privacy Policy<\/b><\/h5>\n<\/div>\n<div class=\"fusion-text\">\n<p>If we decide to change our privacy policy, we will post those changes on this page.<\/p>\n<\/div>\n\n\t\t<\/div>\n\t<\/div>\n<\/div><\/div><\/div><\/div>\n<\/div>"},"excerpt":{"rendered":"Personal data When using our website, you may be asked for data relating to your identification, such as your: name, telephone number and e-mail address. However, we emphasize that it has [...]"},"author":2,"featured_media":0,"parent":0,"menu_order":0,"comment_status":"closed","ping_status":"closed","template":"","meta":{"inline_featured_image":false,"_monsterinsights_skip_tracking":false,"_monsterinsights_sitenote_active":false,"_monsterinsights_sitenote_note":"","_monsterinsights_sitenote_category":0,"footnotes":""},"class_list":["post-1394","page","type-page","status-publish","hentry"],"yoast_head":"<!-- This site is optimized with the Yoast SEO plugin v25.3 - https:\/\/yoast.com\/wordpress\/plugins\/seo\/ -->\n<title>Pol\u00edtica de Privacidade - SIC - Servi\u00e7o de Investiga\u00e7\u00e3o Criminal Angola<\/title>\n<meta name=\"description\" content=\"Portal do Sic - Servi\u00e7o de Investiga\u00e7\u00e3o Criminal Angola. Fa\u00e7a a sua queixa electr\u00f3nica \/ den\u00fancia an\u00f3nima totalmente gr\u00e1tis.\" \/>\n<meta name=\"robots\" content=\"index, follow, max-snippet:-1, max-image-preview:large, max-video-preview:-1\" \/>\n<link rel=\"canonical\" href=\"https:\/\/sic.gov.ao\/en\/politica-de-privacidade\/\" \/>\n<meta property=\"og:locale\" content=\"en_GB\" \/>\n<meta property=\"og:type\" content=\"article\" \/>\n<meta property=\"og:title\" content=\"Pol\u00edtica de Privacidade - SIC - Servi\u00e7o de Investiga\u00e7\u00e3o Criminal Angola\" \/>\n<meta property=\"og:description\" content=\"Portal do Sic - Servi\u00e7o de Investiga\u00e7\u00e3o Criminal Angola. Fa\u00e7a a sua queixa electr\u00f3nica \/ den\u00fancia an\u00f3nima totalmente gr\u00e1tis.\" \/>\n<meta property=\"og:url\" content=\"https:\/\/sic.gov.ao\/en\/politica-de-privacidade\/\" \/>\n<meta property=\"og:site_name\" content=\"SIC - Servi\u00e7o de Investiga\u00e7\u00e3o Criminal Angola\" \/>\n<meta property=\"article:modified_time\" content=\"2020-06-25T11:03:57+00:00\" \/>\n<meta property=\"og:image\" content=\"https:\/\/sic.gov.ao\/wp-content\/uploads\/2020\/05\/Sem-t\u00edtulo-1.png\" \/>\n\t<meta property=\"og:image:width\" content=\"2115\" \/>\n\t<meta property=\"og:image:height\" content=\"2115\" \/>\n\t<meta property=\"og:image:type\" content=\"image\/png\" \/>\n<meta name=\"twitter:card\" content=\"summary_large_image\" \/>\n<meta name=\"twitter:label1\" content=\"Estimated reading time\" \/>\n\t<meta name=\"twitter:data1\" content=\"2 minutes\" \/>\n<script type=\"application\/ld+json\" class=\"yoast-schema-graph\">{\"@context\":\"https:\/\/schema.org\",\"@graph\":[{\"@type\":\"WebPage\",\"@id\":\"https:\/\/sic.gov.ao\/fr\/politica-de-privacidade\/\",\"url\":\"https:\/\/sic.gov.ao\/fr\/politica-de-privacidade\/\",\"name\":\"Pol\u00edtica de Privacidade - SIC - Servi\u00e7o de Investiga\u00e7\u00e3o Criminal Angola\",\"isPartOf\":{\"@id\":\"https:\/\/sic.gov.ao\/#website\"},\"datePublished\":\"2020-05-14T10:07:29+00:00\",\"dateModified\":\"2020-06-25T11:03:57+00:00\",\"description\":\"Portal do Sic - Servi\u00e7o de Investiga\u00e7\u00e3o Criminal Angola. Fa\u00e7a a sua queixa electr\u00f3nica \/ den\u00fancia an\u00f3nima totalmente gr\u00e1tis.\",\"breadcrumb\":{\"@id\":\"https:\/\/sic.gov.ao\/fr\/politica-de-privacidade\/#breadcrumb\"},\"inLanguage\":\"en-GB\",\"potentialAction\":[{\"@type\":\"ReadAction\",\"target\":[\"https:\/\/sic.gov.ao\/fr\/politica-de-privacidade\/\"]}]},{\"@type\":\"BreadcrumbList\",\"@id\":\"https:\/\/sic.gov.ao\/fr\/politica-de-privacidade\/#breadcrumb\",\"itemListElement\":[{\"@type\":\"ListItem\",\"position\":1,\"name\":\"Home\",\"item\":\"https:\/\/sic.gov.ao\/\"},{\"@type\":\"ListItem\",\"position\":2,\"name\":\"Pol\u00edtica de Privacidade\"}]},{\"@type\":\"WebSite\",\"@id\":\"https:\/\/sic.gov.ao\/#website\",\"url\":\"https:\/\/sic.gov.ao\/\",\"name\":\"SIC - Servi\u00e7o de Investiga\u00e7\u00e3o Criminal Angola\",\"description\":\"\",\"potentialAction\":[{\"@type\":\"SearchAction\",\"target\":{\"@type\":\"EntryPoint\",\"urlTemplate\":\"https:\/\/sic.gov.ao\/?s={search_term_string}\"},\"query-input\":{\"@type\":\"PropertyValueSpecification\",\"valueRequired\":true,\"valueName\":\"search_term_string\"}}],\"inLanguage\":\"en-GB\"}]}<\/script>\n<!-- \/ Yoast SEO plugin. -->","yoast_head_json":{"title":"Pol\u00edtica de Privacidade - SIC - Servi\u00e7o de Investiga\u00e7\u00e3o Criminal Angola","description":"Portal do Sic - Servi\u00e7o de Investiga\u00e7\u00e3o Criminal Angola. Fa\u00e7a a sua queixa electr\u00f3nica \/ den\u00fancia an\u00f3nima totalmente gr\u00e1tis.","robots":{"index":"index","follow":"follow","max-snippet":"max-snippet:-1","max-image-preview":"max-image-preview:large","max-video-preview":"max-video-preview:-1"},"canonical":"https:\/\/sic.gov.ao\/en\/politica-de-privacidade\/","og_locale":"en_GB","og_type":"article","og_title":"Pol\u00edtica de Privacidade - SIC - Servi\u00e7o de Investiga\u00e7\u00e3o Criminal Angola","og_description":"Portal do Sic - Servi\u00e7o de Investiga\u00e7\u00e3o Criminal Angola. Fa\u00e7a a sua queixa electr\u00f3nica \/ den\u00fancia an\u00f3nima totalmente gr\u00e1tis.","og_url":"https:\/\/sic.gov.ao\/en\/politica-de-privacidade\/","og_site_name":"SIC - Servi\u00e7o de Investiga\u00e7\u00e3o Criminal Angola","article_modified_time":"2020-06-25T11:03:57+00:00","og_image":[{"width":2115,"height":2115,"url":"https:\/\/sic.gov.ao\/wp-content\/uploads\/2020\/05\/Sem-t\u00edtulo-1.png","type":"image\/png"}],"twitter_card":"summary_large_image","twitter_misc":{"Estimated reading time":"2 minutes"},"schema":{"@context":"https:\/\/schema.org","@graph":[{"@type":"WebPage","@id":"https:\/\/sic.gov.ao\/fr\/politica-de-privacidade\/","url":"https:\/\/sic.gov.ao\/fr\/politica-de-privacidade\/","name":"Pol\u00edtica de Privacidade - SIC - Servi\u00e7o de Investiga\u00e7\u00e3o Criminal Angola","isPartOf":{"@id":"https:\/\/sic.gov.ao\/#website"},"datePublished":"2020-05-14T10:07:29+00:00","dateModified":"2020-06-25T11:03:57+00:00","description":"Portal do Sic - Servi\u00e7o de Investiga\u00e7\u00e3o Criminal Angola. Fa\u00e7a a sua queixa electr\u00f3nica \/ den\u00fancia an\u00f3nima totalmente gr\u00e1tis.","breadcrumb":{"@id":"https:\/\/sic.gov.ao\/fr\/politica-de-privacidade\/#breadcrumb"},"inLanguage":"en-GB","potentialAction":[{"@type":"ReadAction","target":["https:\/\/sic.gov.ao\/fr\/politica-de-privacidade\/"]}]},{"@type":"BreadcrumbList","@id":"https:\/\/sic.gov.ao\/fr\/politica-de-privacidade\/#breadcrumb","itemListElement":[{"@type":"ListItem","position":1,"name":"Home","item":"https:\/\/sic.gov.ao\/"},{"@type":"ListItem","position":2,"name":"Pol\u00edtica de Privacidade"}]},{"@type":"WebSite","@id":"https:\/\/sic.gov.ao\/#website","url":"https:\/\/sic.gov.ao\/","name":"SIC - Angola Criminal Investigation Service","description":"","potentialAction":[{"@type":"SearchAction","target":{"@type":"EntryPoint","urlTemplate":"https:\/\/sic.gov.ao\/?s={search_term_string}"},"query-input":{"@type":"PropertyValueSpecification","valueRequired":true,"valueName":"search_term_string"}}],"inLanguage":"en-GB"}]}},"_links":{"self":[{"href":"https:\/\/sic.gov.ao\/en\/wp-json\/wp\/v2\/pages\/1394"}],"collection":[{"href":"https:\/\/sic.gov.ao\/en\/wp-json\/wp\/v2\/pages"}],"about":[{"href":"https:\/\/sic.gov.ao\/en\/wp-json\/wp\/v2\/types\/page"}],"author":[{"embeddable":true,"href":"https:\/\/sic.gov.ao\/en\/wp-json\/wp\/v2\/users\/2"}],"replies":[{"embeddable":true,"href":"https:\/\/sic.gov.ao\/en\/wp-json\/wp\/v2\/comments?post=1394"}],"version-history":[{"count":10,"href":"https:\/\/sic.gov.ao\/en\/wp-json\/wp\/v2\/pages\/1394\/revisions"}],"predecessor-version":[{"id":2064,"href":"https:\/\/sic.gov.ao\/en\/wp-json\/wp\/v2\/pages\/1394\/revisions\/2064"}],"wp:attachment":[{"href":"https:\/\/sic.gov.ao\/en\/wp-json\/wp\/v2\/media?parent=1394"}],"curies":[{"name":"wp","href":"https:\/\/api.w.org\/{rel}","templated":true}]}}